{"id":16023,"date":"2025-09-06T08:47:59","date_gmt":"2025-09-06T05:47:59","guid":{"rendered":"https:\/\/bitessiulai.lt\/?post_type=product&#038;p=16023"},"modified":"2026-02-19T15:09:37","modified_gmt":"2026-02-19T13:09:37","slug":"opry-sulankstomos-zirkles","status":"publish","type":"product","link":"https:\/\/bitessiulai.lt\/lv\/products\/opry-sulankstomos-zirkles\/","title":{"rendered":"Opry saliekam\u0101s \u0161\u0137\u0113res"},"content":{"rendered":"<p><strong><span dir=\"auto\">Opry<\/span><\/strong><span dir=\"auto\"><strong>\u00a0saliekam\u0101s \u0161\u0137\u0113res<\/strong> \u2013 \u0113rts un dro\u0161s instruments rokdarbiem, atrodoties ce\u013c\u0101. Kad v\u0113laties \u0161\u0137\u0113res uzglab\u0101t vai \u0146emt l\u012bdzi, vienk\u0101r\u0161i salieciet to galus uz iek\u0161u. Tas nov\u0113rs\u012bs j\u016bsu mantu vai rokdarbu somas boj\u0101jumus un pasarg\u0101s j\u016bs no traum\u0101m, mekl\u0113jot kaut ko som\u0101. Met\u0101la \u0161\u0137\u0113r\u0113m ir sp\u012bd\u012bgi rokturi, un t\u0101s ir pieejamas \u010detr\u0101s da\u017e\u0101d\u0101s kr\u0101s\u0101s.\u00a0<\/span><\/p>","protected":false},"excerpt":{"rendered":"<p>Opry\u00a0sulankstomos \u017eirkl\u0117s &#8211; patogus ir saugus \u012frankis rankdarbiams kelyje. Kai norite laikyti ar pasiimti \u017eirkles su savimi, tiesiog sulenkite galiukus \u012f vid\u0173. Taip i\u0161vengsite \u017ealos savo daiktams ar rankdarbi\u0173 krep\u0161iui ir nesusi\u017eeisite ie\u0161kodami ko nors krep\u0161yje. Metalin\u0117s \u017eirkl\u0117s turi blizgan\u010dias rankenas ir yra keturi\u0173 skirting\u0173 spalv\u0173.\u00a0<\/p>","protected":false},"featured_media":16025,"comment_status":"open","ping_status":"closed","template":"","meta":[],"product_brand":[],"product_cat":[217,3718,192,215],"product_tag":[],"giftcard-category":[],"class_list":{"0":"post-16023","1":"product","2":"type-product","3":"status-publish","4":"has-post-thumbnail","6":"product_cat-isparduotuve","7":"product_cat-naujienos","8":"product_cat-priedai-mezgimui","9":"product_cat-zirkles","11":"first","12":"instock","13":"sale","14":"taxable","15":"shipping-taxable","16":"purchasable","17":"product-type-variable"},"_links":{"self":[{"href":"https:\/\/bitessiulai.lt\/lv\/wp-json\/wp\/v2\/product\/16023","targetHints":{"allow":["GET"]}}],"collection":[{"href":"https:\/\/bitessiulai.lt\/lv\/wp-json\/wp\/v2\/product"}],"about":[{"href":"https:\/\/bitessiulai.lt\/lv\/wp-json\/wp\/v2\/types\/product"}],"replies":[{"embeddable":true,"href":"https:\/\/bitessiulai.lt\/lv\/wp-json\/wp\/v2\/comments?post=16023"}],"version-history":[{"count":1,"href":"https:\/\/bitessiulai.lt\/lv\/wp-json\/wp\/v2\/product\/16023\/revisions"}],"predecessor-version":[{"id":21033,"href":"https:\/\/bitessiulai.lt\/lv\/wp-json\/wp\/v2\/product\/16023\/revisions\/21033"}],"wp:featuredmedia":[{"embeddable":true,"href":"https:\/\/bitessiulai.lt\/lv\/wp-json\/wp\/v2\/media\/16025"}],"wp:attachment":[{"href":"https:\/\/bitessiulai.lt\/lv\/wp-json\/wp\/v2\/media?parent=16023"}],"wp:term":[{"taxonomy":"product_brand","embeddable":true,"href":"https:\/\/bitessiulai.lt\/lv\/wp-json\/wp\/v2\/product_brand?post=16023"},{"taxonomy":"product_cat","embeddable":true,"href":"https:\/\/bitessiulai.lt\/lv\/wp-json\/wp\/v2\/product_cat?post=16023"},{"taxonomy":"product_tag","embeddable":true,"href":"https:\/\/bitessiulai.lt\/lv\/wp-json\/wp\/v2\/product_tag?post=16023"},{"taxonomy":"giftcard-category","embeddable":true,"href":"https:\/\/bitessiulai.lt\/lv\/wp-json\/wp\/v2\/giftcard-category?post=16023"}],"curies":[{"name":"wp","href":"https:\/\/api.w.org\/{rel}","templated":true}]}}