{"id":15060,"date":"2025-08-12T12:54:00","date_gmt":"2025-08-12T09:54:00","guid":{"rendered":"https:\/\/bitessiulai.lt\/?post_type=product&#038;p=15060"},"modified":"2026-04-29T20:45:53","modified_gmt":"2026-04-29T17:45:53","slug":"drops-alpaca","status":"publish","type":"product","link":"https:\/\/bitessiulai.lt\/lv\/products\/drops-alpaca\/","title":{"rendered":"Alpakas pilieni"},"content":{"rendered":"<p>Drops Alpaca \u2013 dzija, kas izgatavota no alpakas vilnas, kas ir piln\u012bgi dab\u012bga. Drops Alpaca dzijai ir daudz priek\u0161roc\u012bbu. M\u012bksta, viegla un silta dzija. Alpakas dzija ir ar\u012b hipoaler\u0123iska, t\u0101p\u0113c t\u0101 ir lieliska izv\u0113le cilv\u0113kiem ar jut\u012bgu \u0101du vai aler\u0123ij\u0101m. Dzija labi saglab\u0101 siltumu un ir iztur\u012bga pret mitrumu. T\u0101 ir ar\u012b iztur\u012bga, t\u0101p\u0113c no alpakas dzijas izgatavotie izstr\u0101d\u0101jumi ir iztur\u012bgi. \u0160\u012bs dzijas ir piem\u0113rotas da\u017e\u0101diem ad\u012bjumiem vai me\u017e\u0123\u012bn\u0113m, piem\u0113ram, d\u017eemperiem, \u0161all\u0113m, cimdiem, lakatiem utt. Tai ir \u013coti pla\u0161a kr\u0101su izv\u0113le, pateicoties kurai j\u016bs varat \u012bstenot katru savu projektu.<\/p>\n<p><img fetchpriority=\"high\" decoding=\"async\" class=\"alignnone size-medium wp-image-15062\" src=\"http:\/\/bitessiulai.lt\/wp-content\/uploads\/2025\/08\/15-3-194x300.jpg\" alt=\"\" width=\"194\" height=\"300\" srcset=\"https:\/\/bitessiulai.lt\/wp-content\/uploads\/2025\/08\/15-3-194x300.jpg 194w, https:\/\/bitessiulai.lt\/wp-content\/uploads\/2025\/08\/15-3-661x1024.jpg 661w, https:\/\/bitessiulai.lt\/wp-content\/uploads\/2025\/08\/15-3-768x1189.jpg 768w, https:\/\/bitessiulai.lt\/wp-content\/uploads\/2025\/08\/15-3-8x12.jpg 8w, https:\/\/bitessiulai.lt\/wp-content\/uploads\/2025\/08\/15-3-600x929.jpg 600w, https:\/\/bitessiulai.lt\/wp-content\/uploads\/2025\/08\/15-3-97x150.jpg 97w, https:\/\/bitessiulai.lt\/wp-content\/uploads\/2025\/08\/15-3.jpg 916w\" sizes=\"(max-width: 194px) 100vw, 194px\" \/> <img decoding=\"async\" class=\"alignnone size-medium wp-image-15064\" src=\"http:\/\/bitessiulai.lt\/wp-content\/uploads\/2025\/08\/25-3-194x300.jpg\" alt=\"\" width=\"194\" height=\"300\" srcset=\"https:\/\/bitessiulai.lt\/wp-content\/uploads\/2025\/08\/25-3-194x300.jpg 194w, https:\/\/bitessiulai.lt\/wp-content\/uploads\/2025\/08\/25-3-661x1024.jpg 661w, https:\/\/bitessiulai.lt\/wp-content\/uploads\/2025\/08\/25-3-768x1189.jpg 768w, https:\/\/bitessiulai.lt\/wp-content\/uploads\/2025\/08\/25-3-8x12.jpg 8w, https:\/\/bitessiulai.lt\/wp-content\/uploads\/2025\/08\/25-3-600x929.jpg 600w, https:\/\/bitessiulai.lt\/wp-content\/uploads\/2025\/08\/25-3-97x150.jpg 97w, https:\/\/bitessiulai.lt\/wp-content\/uploads\/2025\/08\/25-3.jpg 916w\" sizes=\"(max-width: 194px) 100vw, 194px\" \/><img decoding=\"async\" class=\"alignnone size-medium wp-image-15130\" src=\"http:\/\/bitessiulai.lt\/wp-content\/uploads\/2025\/08\/10-3-194x300.jpg\" alt=\"\" width=\"194\" height=\"300\" srcset=\"https:\/\/bitessiulai.lt\/wp-content\/uploads\/2025\/08\/10-3-194x300.jpg 194w, https:\/\/bitessiulai.lt\/wp-content\/uploads\/2025\/08\/10-3-661x1024.jpg 661w, https:\/\/bitessiulai.lt\/wp-content\/uploads\/2025\/08\/10-3-768x1189.jpg 768w, https:\/\/bitessiulai.lt\/wp-content\/uploads\/2025\/08\/10-3-8x12.jpg 8w, https:\/\/bitessiulai.lt\/wp-content\/uploads\/2025\/08\/10-3-600x929.jpg 600w, https:\/\/bitessiulai.lt\/wp-content\/uploads\/2025\/08\/10-3-97x150.jpg 97w, https:\/\/bitessiulai.lt\/wp-content\/uploads\/2025\/08\/10-3.jpg 916w\" sizes=\"(max-width: 194px) 100vw, 194px\" \/><\/p>\n<div class=\"embed-responsive embed-responsive-16by9\"><iframe title=\"DROPS Alpaca - Visu laiku iecien\u012bt\u0101kais dzija, kas darin\u0101ta tikai no m\u012bkstas alpakas\" width=\"540\" height=\"960\" src=\"https:\/\/www.youtube.com\/embed\/U7EVmJSa_O4?feature=oembed\" frameborder=\"0\" allow=\"accelerometer; autoplay; clipboard-write; encrypted-media; gyroscope; picture-in-picture; web-share\" referrerpolicy=\"strict-origin-when-cross-origin\" allowfullscreen><\/iframe><\/div>\n<p>*Ekr\u0101n\u0101 redzam\u0101s kr\u0101sas var nedaudz at\u0161\u0137irties no faktisk\u0101s diegu kr\u0101sas.<\/p>","protected":false},"excerpt":{"rendered":"<p>Sast\u0101vs: 100% alpaka<\/p>\n<p>Svars\/garums: 50 g = aptuveni 167 m.<\/p>\n<p>Ieteicamais adatu izm\u0113rs: 3 mm.<\/p>","protected":false},"featured_media":15065,"comment_status":"open","ping_status":"closed","template":"","meta":[],"product_brand":[],"product_cat":[173,3266,327,256,217,175],"product_tag":[],"giftcard-category":[],"class_list":{"0":"post-15060","1":"product","2":"type-product","3":"status-publish","4":"has-post-thumbnail","6":"product_cat-siulai","7":"product_cat-alpaca","8":"product_cat-alpaka","9":"product_cat-drops","10":"product_cat-isparduotuve","11":"product_cat-siulu-pluostai","13":"first","14":"instock","15":"sale","16":"taxable","17":"shipping-taxable","18":"purchasable","19":"product-type-variable"},"_links":{"self":[{"href":"https:\/\/bitessiulai.lt\/lv\/wp-json\/wp\/v2\/product\/15060","targetHints":{"allow":["GET"]}}],"collection":[{"href":"https:\/\/bitessiulai.lt\/lv\/wp-json\/wp\/v2\/product"}],"about":[{"href":"https:\/\/bitessiulai.lt\/lv\/wp-json\/wp\/v2\/types\/product"}],"replies":[{"embeddable":true,"href":"https:\/\/bitessiulai.lt\/lv\/wp-json\/wp\/v2\/comments?post=15060"}],"version-history":[{"count":1,"href":"https:\/\/bitessiulai.lt\/lv\/wp-json\/wp\/v2\/product\/15060\/revisions"}],"predecessor-version":[{"id":21052,"href":"https:\/\/bitessiulai.lt\/lv\/wp-json\/wp\/v2\/product\/15060\/revisions\/21052"}],"wp:featuredmedia":[{"embeddable":true,"href":"https:\/\/bitessiulai.lt\/lv\/wp-json\/wp\/v2\/media\/15065"}],"wp:attachment":[{"href":"https:\/\/bitessiulai.lt\/lv\/wp-json\/wp\/v2\/media?parent=15060"}],"wp:term":[{"taxonomy":"product_brand","embeddable":true,"href":"https:\/\/bitessiulai.lt\/lv\/wp-json\/wp\/v2\/product_brand?post=15060"},{"taxonomy":"product_cat","embeddable":true,"href":"https:\/\/bitessiulai.lt\/lv\/wp-json\/wp\/v2\/product_cat?post=15060"},{"taxonomy":"product_tag","embeddable":true,"href":"https:\/\/bitessiulai.lt\/lv\/wp-json\/wp\/v2\/product_tag?post=15060"},{"taxonomy":"giftcard-category","embeddable":true,"href":"https:\/\/bitessiulai.lt\/lv\/wp-json\/wp\/v2\/giftcard-category?post=15060"}],"curies":[{"name":"wp","href":"https:\/\/api.w.org\/{rel}","templated":true}]}}