{"id":14623,"date":"2025-08-01T10:57:27","date_gmt":"2025-08-01T07:57:27","guid":{"rendered":"https:\/\/bitessiulai.lt\/?post_type=product&#038;p=14623"},"modified":"2026-04-06T22:39:47","modified_gmt":"2026-04-06T19:39:47","slug":"midara-princess-mohair","status":"publish","type":"product","link":"https:\/\/bitessiulai.lt\/lv\/products\/midara-princess-mohair\/","title":{"rendered":"Midaras princeses moh\u0113ra"},"content":{"rendered":"<p>Midara Princess Mohair ir \u013coti m\u012bksta, p\u016bkaina dzija. Lieliski piem\u0113rota viegliem d\u017eemperiem, \u0161all\u0113m vai lakatiem. J\u016bsu projekti b\u016bs \u0101rk\u0101rt\u012bgi m\u012bksti un viegli.<\/p>\n<p>*Ekr\u0101n\u0101 redzam\u0101s kr\u0101sas var nedaudz at\u0161\u0137irties no faktisk\u0101s diegu kr\u0101sas.<\/p>","protected":false},"excerpt":{"rendered":"<p>Sast\u0101vs: 33% moh\u0113ra, 37% poliesters, 30% poliam\u012bds<\/p>\n<p>Svars\/garums: 25 g = aptuveni 235 m.<\/p>\n<p>Ieteicamais adatu izm\u0113rs: 1,5\u20133 mm.<\/p>","protected":false},"featured_media":14624,"comment_status":"open","ping_status":"closed","template":"","meta":[],"product_brand":[],"product_cat":[173,177,3096,362,324,328,3343,174,175],"product_tag":[],"giftcard-category":[],"class_list":{"0":"post-14623","1":"product","2":"type-product","3":"status-publish","4":"has-post-thumbnail","6":"product_cat-siulai","7":"product_cat-mezgimo-siulai","8":"product_cat-midara","9":"product_cat-mohera","10":"product_cat-poliamidas","11":"product_cat-poliesteris","12":"product_cat-princess-mohair","13":"product_cat-siulu-gamintojai","14":"product_cat-siulu-pluostai","16":"first","17":"instock","18":"taxable","19":"shipping-taxable","20":"purchasable","21":"product-type-variable"},"_links":{"self":[{"href":"https:\/\/bitessiulai.lt\/lv\/wp-json\/wp\/v2\/product\/14623","targetHints":{"allow":["GET"]}}],"collection":[{"href":"https:\/\/bitessiulai.lt\/lv\/wp-json\/wp\/v2\/product"}],"about":[{"href":"https:\/\/bitessiulai.lt\/lv\/wp-json\/wp\/v2\/types\/product"}],"replies":[{"embeddable":true,"href":"https:\/\/bitessiulai.lt\/lv\/wp-json\/wp\/v2\/comments?post=14623"}],"version-history":[{"count":1,"href":"https:\/\/bitessiulai.lt\/lv\/wp-json\/wp\/v2\/product\/14623\/revisions"}],"predecessor-version":[{"id":24001,"href":"https:\/\/bitessiulai.lt\/lv\/wp-json\/wp\/v2\/product\/14623\/revisions\/24001"}],"wp:featuredmedia":[{"embeddable":true,"href":"https:\/\/bitessiulai.lt\/lv\/wp-json\/wp\/v2\/media\/14624"}],"wp:attachment":[{"href":"https:\/\/bitessiulai.lt\/lv\/wp-json\/wp\/v2\/media?parent=14623"}],"wp:term":[{"taxonomy":"product_brand","embeddable":true,"href":"https:\/\/bitessiulai.lt\/lv\/wp-json\/wp\/v2\/product_brand?post=14623"},{"taxonomy":"product_cat","embeddable":true,"href":"https:\/\/bitessiulai.lt\/lv\/wp-json\/wp\/v2\/product_cat?post=14623"},{"taxonomy":"product_tag","embeddable":true,"href":"https:\/\/bitessiulai.lt\/lv\/wp-json\/wp\/v2\/product_tag?post=14623"},{"taxonomy":"giftcard-category","embeddable":true,"href":"https:\/\/bitessiulai.lt\/lv\/wp-json\/wp\/v2\/giftcard-category?post=14623"}],"curies":[{"name":"wp","href":"https:\/\/api.w.org\/{rel}","templated":true}]}}