{"id":14511,"date":"2025-07-31T11:29:26","date_gmt":"2025-07-31T08:29:26","guid":{"rendered":"https:\/\/bitessiulai.lt\/?post_type=product&#038;p=14511"},"modified":"2026-04-24T09:21:50","modified_gmt":"2026-04-24T06:21:50","slug":"midara-angora-2","status":"publish","type":"product","link":"https:\/\/bitessiulai.lt\/lv\/products\/midara-angora-2\/","title":{"rendered":"Midara Angora 2"},"content":{"rendered":"<p>Ar \u0161\u012bm dzij\u0101m saist\u0101s siltums, komforts un vieglums! Midara Angora 2 dzija j\u016bs uzrun\u0101s, ja mekl\u0113jat dziju, kas ir gan valk\u0101jama, gan silta. Dzija ar pla\u0161u kr\u0101su gammu un pievilc\u012bgu sast\u0101vu, kas piem\u0113rota da\u017e\u0101diem ad\u012bjumiem, s\u0101kot no ikdienas d\u017eemperiem l\u012bdz grezn\u0101m kleit\u0101m. Dzija ir piem\u0113rota ad\u012b\u0161anai ar adat\u0101m vai dzijas ma\u0161\u012bnu, k\u0101 ar\u012b tambor\u0113\u0161anai.<\/p>\n<p>&nbsp;<\/p>\n<p>*Ekr\u0101n\u0101 redzam\u0101s kr\u0101sas var nedaudz at\u0161\u0137irties no faktisk\u0101s diegu kr\u0101sas.<\/p>","protected":false},"excerpt":{"rendered":"<p>Sud\u0117tis: 50% mohera, 30% akrilas, 20% vilna<\/p>\n<p>Svars\/garums: 100 g = aptuveni 750 m.<\/p>\n<p>Ieteicamais adatu izm\u0113rs: 2,5\u20133 mm.<\/p>\n<p>&nbsp;<\/p>\n<p>&nbsp;<\/p>","protected":false},"featured_media":14512,"comment_status":"open","ping_status":"closed","template":"","meta":[],"product_brand":[],"product_cat":[173,326,3341,177,3096,362,178,175,410],"product_tag":[],"giftcard-category":[],"class_list":{"0":"post-14511","1":"product","2":"type-product","3":"status-publish","4":"has-post-thumbnail","6":"product_cat-siulai","7":"product_cat-akrilas","8":"product_cat-angora-2","9":"product_cat-mezgimo-siulai","10":"product_cat-midara","11":"product_cat-mohera","12":"product_cat-nerimo-siulai","13":"product_cat-siulu-pluostai","14":"product_cat-vilna","16":"first","17":"instock","18":"taxable","19":"shipping-taxable","20":"purchasable","21":"product-type-variable"},"_links":{"self":[{"href":"https:\/\/bitessiulai.lt\/lv\/wp-json\/wp\/v2\/product\/14511","targetHints":{"allow":["GET"]}}],"collection":[{"href":"https:\/\/bitessiulai.lt\/lv\/wp-json\/wp\/v2\/product"}],"about":[{"href":"https:\/\/bitessiulai.lt\/lv\/wp-json\/wp\/v2\/types\/product"}],"replies":[{"embeddable":true,"href":"https:\/\/bitessiulai.lt\/lv\/wp-json\/wp\/v2\/comments?post=14511"}],"version-history":[{"count":3,"href":"https:\/\/bitessiulai.lt\/lv\/wp-json\/wp\/v2\/product\/14511\/revisions"}],"predecessor-version":[{"id":23714,"href":"https:\/\/bitessiulai.lt\/lv\/wp-json\/wp\/v2\/product\/14511\/revisions\/23714"}],"wp:featuredmedia":[{"embeddable":true,"href":"https:\/\/bitessiulai.lt\/lv\/wp-json\/wp\/v2\/media\/14512"}],"wp:attachment":[{"href":"https:\/\/bitessiulai.lt\/lv\/wp-json\/wp\/v2\/media?parent=14511"}],"wp:term":[{"taxonomy":"product_brand","embeddable":true,"href":"https:\/\/bitessiulai.lt\/lv\/wp-json\/wp\/v2\/product_brand?post=14511"},{"taxonomy":"product_cat","embeddable":true,"href":"https:\/\/bitessiulai.lt\/lv\/wp-json\/wp\/v2\/product_cat?post=14511"},{"taxonomy":"product_tag","embeddable":true,"href":"https:\/\/bitessiulai.lt\/lv\/wp-json\/wp\/v2\/product_tag?post=14511"},{"taxonomy":"giftcard-category","embeddable":true,"href":"https:\/\/bitessiulai.lt\/lv\/wp-json\/wp\/v2\/giftcard-category?post=14511"}],"curies":[{"name":"wp","href":"https:\/\/api.w.org\/{rel}","templated":true}]}}