{"id":14122,"date":"2025-07-08T15:51:58","date_gmt":"2025-07-08T12:51:58","guid":{"rendered":"https:\/\/bitessiulai.lt\/?post_type=product&#038;p=14122"},"modified":"2025-12-31T13:58:42","modified_gmt":"2025-12-31T11:58:42","slug":"115cm-lykke-driftwood-starter-prisukamu-mediniu-virbalu-rinkinys","status":"publish","type":"product","link":"https:\/\/bitessiulai.lt\/lv\/products\/115cm-lykke-driftwood-starter-prisukamu-mediniu-virbalu-rinkinys\/","title":{"rendered":"11,5 cm. LYKKE DRIFTWOOD STARTER skr\u016bv\u0113jamu koka iesmu komplekts"},"content":{"rendered":"<h6><strong>LYKKE DRIFTWOOD STARTER skr\u016bv\u0113jamu koka iesmu komplekts:<\/strong><\/h6>\n<ul>\n<li><strong>8 skr\u016bv\u0113jami iesmi<\/strong> (3,25 mm, <em>3,5 mm, 3,75 mm, 4,0 mm, 4,5 mm, 5,0 mm, 5,5 mm, 6,0 mm.)<\/em><\/li>\n<li><strong>3 ieskr\u016bv\u0113jamas l\u012bnijas<\/strong> ( <em>60 cm, 80 cm, 100 cm)<\/em><\/li>\n<li><strong>2<\/strong> l\u012bniju savienojumi, <strong>6<\/strong> bremzes, <strong>2<\/strong> pievilk\u0161anas atsl\u0113gas. Tapu garums: <strong>11,5 cm.<\/strong><\/li>\n<\/ul>\n<p><img fetchpriority=\"high\" decoding=\"async\" class=\"alignnone size-medium wp-image-14123\" src=\"http:\/\/bitessiulai.lt\/wp-content\/uploads\/2025\/07\/LYKKE_INTERCH-5-300x300.jpg\" alt=\"\" width=\"300\" height=\"300\" srcset=\"https:\/\/bitessiulai.lt\/wp-content\/uploads\/2025\/07\/LYKKE_INTERCH-5-300x300.jpg 300w, https:\/\/bitessiulai.lt\/wp-content\/uploads\/2025\/07\/LYKKE_INTERCH-5-150x150.jpg 150w, https:\/\/bitessiulai.lt\/wp-content\/uploads\/2025\/07\/LYKKE_INTERCH-5-768x768.jpg 768w, https:\/\/bitessiulai.lt\/wp-content\/uploads\/2025\/07\/LYKKE_INTERCH-5-12x12.jpg 12w, https:\/\/bitessiulai.lt\/wp-content\/uploads\/2025\/07\/LYKKE_INTERCH-5-600x600.jpg 600w, https:\/\/bitessiulai.lt\/wp-content\/uploads\/2025\/07\/LYKKE_INTERCH-5-96x96.jpg 96w, https:\/\/bitessiulai.lt\/wp-content\/uploads\/2025\/07\/LYKKE_INTERCH-5.jpg 1000w\" sizes=\"(max-width: 300px) 100vw, 300px\" \/> <img decoding=\"async\" class=\"alignnone size-medium wp-image-14124\" src=\"http:\/\/bitessiulai.lt\/wp-content\/uploads\/2025\/07\/lykke3_1445x-300x300.jpg\" alt=\"\" width=\"300\" height=\"300\" srcset=\"https:\/\/bitessiulai.lt\/wp-content\/uploads\/2025\/07\/lykke3_1445x-300x300.jpg 300w, https:\/\/bitessiulai.lt\/wp-content\/uploads\/2025\/07\/lykke3_1445x-150x150.jpg 150w, https:\/\/bitessiulai.lt\/wp-content\/uploads\/2025\/07\/lykke3_1445x-12x12.jpg 12w, https:\/\/bitessiulai.lt\/wp-content\/uploads\/2025\/07\/lykke3_1445x-96x96.jpg 96w, https:\/\/bitessiulai.lt\/wp-content\/uploads\/2025\/07\/lykke3_1445x.jpg 550w\" sizes=\"(max-width: 300px) 100vw, 300px\" \/><\/p>\n<p><b>LYKKE DRIFTWOOD STARTER <\/b>\u2013 t\u0101s ir roku darbs, augstas kvalit\u0101tes adatas, kas izgatavotas no dab\u012bga b\u0113rza koka.<\/p>\n<p>Adat\u0101m ir savs unik\u0101ls kr\u0101su tonis, t\u0101p\u0113c katra komplekt\u0101 eso\u0161\u0101 adata var nedaudz at\u0161\u0137irties.<\/p>\n<p><span class=\"weight900\">Uz LYKKE<\/span> Adatu izm\u0113ri ir iegrav\u0113ti, komplekts ir iepakots skaist\u0101 eko \u0101das maci\u0146\u0101 ar kabat\u0101m, katram instrumentam ir sava vieta, t\u0101p\u0113c k\u0101rt\u012bba tie\u0161\u0101m ir garant\u0113ta \ud83d\ude42<\/p>\n<p>&nbsp;<\/p>","protected":false},"excerpt":{"rendered":"<p>LYKKE DRIFTWOOD STARTER prisukam\u0173 medini\u0173 virbal\u0173 rinkinys : 8vnt. prisukam\u0173 virbal\u0173 (3,25mm, 3,5 mm, 3.75 mm, 4.0 mm, 4.5 mm, 5.0 mm, 5.5 mm, 6.0 mm.) 3vnt. prisukam\u0173 val\u0173 ( 60 cm,\u00a0 80 cm, 100 cm) 2 val\u0173 jungtys, 6 stabd\u017eiukai, 2 priver\u017eimo rakteliai. Virbal\u0173 ilgis: 11,5cm. LYKKE DRIFTWOOD STARTER \u2013 tai rank\u0173 darbo, auk\u0161tos kokyb\u0117s virbalai, pagaminti i\u0161 nat\u016bralios ber\u017eo medienos. Virbalai pasi\u017eymi savo unikaliu spalvos atpalviu, tod\u0117l kiekvienas virbalas rinkinyje gali \u0161iektiek skirtis. Ant LYKKE virbal\u0173 yra i\u0161graviruoti dyd\u017eiai, rinkinys pateiktas gra\u017eiame eko odos d\u0117kle su ki\u0161en\u0117liais, kiekviena priemon\u0117 turi savo viet\u0105, tod\u0117l tvarka tikrai garantuota \ud83d\ude42 &nbsp;<\/p>","protected":false},"featured_media":14125,"comment_status":"open","ping_status":"closed","template":"","meta":[],"product_brand":[],"product_cat":[180,2124,181],"product_tag":[],"giftcard-category":[],"class_list":{"0":"post-14122","1":"product","2":"type-product","3":"status-publish","4":"has-post-thumbnail","6":"product_cat-mezgimo-priemones","7":"product_cat-lykke","8":"product_cat-virbalu-rinkiniai","10":"first","11":"outofstock","12":"taxable","13":"shipping-taxable","14":"purchasable","15":"product-type-simple"},"_links":{"self":[{"href":"https:\/\/bitessiulai.lt\/lv\/wp-json\/wp\/v2\/product\/14122","targetHints":{"allow":["GET"]}}],"collection":[{"href":"https:\/\/bitessiulai.lt\/lv\/wp-json\/wp\/v2\/product"}],"about":[{"href":"https:\/\/bitessiulai.lt\/lv\/wp-json\/wp\/v2\/types\/product"}],"replies":[{"embeddable":true,"href":"https:\/\/bitessiulai.lt\/lv\/wp-json\/wp\/v2\/comments?post=14122"}],"version-history":[{"count":0,"href":"https:\/\/bitessiulai.lt\/lv\/wp-json\/wp\/v2\/product\/14122\/revisions"}],"wp:featuredmedia":[{"embeddable":true,"href":"https:\/\/bitessiulai.lt\/lv\/wp-json\/wp\/v2\/media\/14125"}],"wp:attachment":[{"href":"https:\/\/bitessiulai.lt\/lv\/wp-json\/wp\/v2\/media?parent=14122"}],"wp:term":[{"taxonomy":"product_brand","embeddable":true,"href":"https:\/\/bitessiulai.lt\/lv\/wp-json\/wp\/v2\/product_brand?post=14122"},{"taxonomy":"product_cat","embeddable":true,"href":"https:\/\/bitessiulai.lt\/lv\/wp-json\/wp\/v2\/product_cat?post=14122"},{"taxonomy":"product_tag","embeddable":true,"href":"https:\/\/bitessiulai.lt\/lv\/wp-json\/wp\/v2\/product_tag?post=14122"},{"taxonomy":"giftcard-category","embeddable":true,"href":"https:\/\/bitessiulai.lt\/lv\/wp-json\/wp\/v2\/giftcard-category?post=14122"}],"curies":[{"name":"wp","href":"https:\/\/api.w.org\/{rel}","templated":true}]}}