{"id":14045,"date":"2025-07-07T13:02:35","date_gmt":"2025-07-07T10:02:35","guid":{"rendered":"https:\/\/bitessiulai.lt\/?post_type=product&#038;p=14045"},"modified":"2026-01-03T11:09:14","modified_gmt":"2026-01-03T09:09:14","slug":"babina-fantastika","status":"publish","type":"product","link":"https:\/\/bitessiulai.lt\/lv\/products\/babina-fantastika\/","title":{"rendered":"Babina \u2013 Fant\u0101zija"},"content":{"rendered":"<p><span class=\"html-span xexx8yu xyri2b x18d9i69 x1c1uobl x1hl2dhg x16tdsg8 x1vvkbs x3nfvp2 x1j61x8r x1fcty0u xdj266r xat24cr xm2jcoa x1mpyi22 xxymvpz xlup9mm x1kky2od\"><img decoding=\"async\" class=\"xz74otr x15mokao x1ga7v0g x16uus16 xbiv7yw\" src=\"https:\/\/z-p3-static.xx.fbcdn.net\/images\/emoji.php\/v9\/tc0\/1\/16\/1f4e9.png\" alt=\"\ud83d\udce9\" width=\"16\" height=\"16\" \/><\/span>\u00a0At\u0161\u0137ir\u012bgu monitoru un t\u0101lru\u0146u ekr\u0101na iz\u0161\u0137irtsp\u0113ju d\u0113\u013c produkta kr\u0101sa var at\u0161\u0137irties.<span class=\"html-span xexx8yu xyri2b x18d9i69 x1c1uobl x1hl2dhg x16tdsg8 x1vvkbs x3nfvp2 x1j61x8r x1fcty0u xdj266r xat24cr xm2jcoa x1mpyi22 xxymvpz xlup9mm x1kky2od\"><img decoding=\"async\" class=\"xz74otr x15mokao x1ga7v0g x16uus16 xbiv7yw\" src=\"https:\/\/z-p3-static.xx.fbcdn.net\/images\/emoji.php\/v9\/tc0\/1\/16\/1f4e9.png\" alt=\"\ud83d\udce9\" width=\"16\" height=\"16\" \/><\/span><\/p>\n<p><img fetchpriority=\"high\" decoding=\"async\" class=\"alignnone size-medium wp-image-14805\" src=\"http:\/\/bitessiulai.lt\/wp-content\/uploads\/2025\/07\/496943815_122151754694569802_6644765204951946714_n-225x300.jpg\" alt=\"\" width=\"225\" height=\"300\" srcset=\"https:\/\/bitessiulai.lt\/wp-content\/uploads\/2025\/07\/496943815_122151754694569802_6644765204951946714_n-225x300.jpg 225w, https:\/\/bitessiulai.lt\/wp-content\/uploads\/2025\/07\/496943815_122151754694569802_6644765204951946714_n-768x1024.jpg 768w, https:\/\/bitessiulai.lt\/wp-content\/uploads\/2025\/07\/496943815_122151754694569802_6644765204951946714_n-1152x1536.jpg 1152w, https:\/\/bitessiulai.lt\/wp-content\/uploads\/2025\/07\/496943815_122151754694569802_6644765204951946714_n-9x12.jpg 9w, https:\/\/bitessiulai.lt\/wp-content\/uploads\/2025\/07\/496943815_122151754694569802_6644765204951946714_n-600x800.jpg 600w, https:\/\/bitessiulai.lt\/wp-content\/uploads\/2025\/07\/496943815_122151754694569802_6644765204951946714_n-113x150.jpg 113w, https:\/\/bitessiulai.lt\/wp-content\/uploads\/2025\/07\/496943815_122151754694569802_6644765204951946714_n.jpg 1536w\" sizes=\"(max-width: 225px) 100vw, 225px\" \/><\/p>","protected":false},"excerpt":{"rendered":"<p><span class=\"html-span xexx8yu xyri2b x18d9i69 x1c1uobl x1hl2dhg x16tdsg8 x1vvkbs x3nfvp2 x1j61x8r x1fcty0u xdj266r xat24cr xm2jcoa x1mpyi22 xxymvpz xlup9mm x1kky2od\"><img decoding=\"async\" class=\"xz74otr x15mokao x1ga7v0g x16uus16 xbiv7yw\" src=\"https:\/\/z-p3-static.xx.fbcdn.net\/images\/emoji.php\/v9\/t2d\/1\/16\/1f4cd.png\" alt=\"\ud83d\udccd\" width=\"16\" height=\"16\" \/><\/span>100 g \/ 240 m<br class=\"html-br\" \/><span class=\"html-span xexx8yu xyri2b x18d9i69 x1c1uobl x1hl2dhg x16tdsg8 x1vvkbs x3nfvp2 x1j61x8r x1fcty0u xdj266r xat24cr xm2jcoa x1mpyi22 xxymvpz xlup9mm x1kky2od\"><img loading=\"lazy\" decoding=\"async\" class=\"xz74otr x15mokao x1ga7v0g x16uus16 xbiv7yw\" src=\"https:\/\/z-p3-static.xx.fbcdn.net\/images\/emoji.php\/v9\/t1e\/1\/16\/1f33f.png\" alt=\"\ud83c\udf3f\" width=\"16\" height=\"16\" \/><\/span>\u00a0Cena \u20ac2,40<br class=\"html-br\" \/>Sast\u0101vs: 36% kokvilna, 2% viskoze, 8% vilna, 25% akrils, 29% poliam\u012bds<\/p>","protected":false},"featured_media":14044,"comment_status":"open","ping_status":"closed","template":"","meta":[],"product_brand":[],"product_cat":[173,326,2491,652,324,175,410,337],"product_tag":[],"giftcard-category":[],"class_list":{"0":"post-14045","1":"product","2":"type-product","3":"status-publish","4":"has-post-thumbnail","6":"product_cat-siulai","7":"product_cat-akrilas","8":"product_cat-babinos","9":"product_cat-medvilne","10":"product_cat-poliamidas","11":"product_cat-siulu-pluostai","12":"product_cat-vilna","13":"product_cat-viskoze","15":"first","16":"instock","17":"taxable","18":"shipping-taxable","19":"purchasable","20":"product-type-variable"},"_links":{"self":[{"href":"https:\/\/bitessiulai.lt\/lv\/wp-json\/wp\/v2\/product\/14045","targetHints":{"allow":["GET"]}}],"collection":[{"href":"https:\/\/bitessiulai.lt\/lv\/wp-json\/wp\/v2\/product"}],"about":[{"href":"https:\/\/bitessiulai.lt\/lv\/wp-json\/wp\/v2\/types\/product"}],"replies":[{"embeddable":true,"href":"https:\/\/bitessiulai.lt\/lv\/wp-json\/wp\/v2\/comments?post=14045"}],"version-history":[{"count":0,"href":"https:\/\/bitessiulai.lt\/lv\/wp-json\/wp\/v2\/product\/14045\/revisions"}],"wp:featuredmedia":[{"embeddable":true,"href":"https:\/\/bitessiulai.lt\/lv\/wp-json\/wp\/v2\/media\/14044"}],"wp:attachment":[{"href":"https:\/\/bitessiulai.lt\/lv\/wp-json\/wp\/v2\/media?parent=14045"}],"wp:term":[{"taxonomy":"product_brand","embeddable":true,"href":"https:\/\/bitessiulai.lt\/lv\/wp-json\/wp\/v2\/product_brand?post=14045"},{"taxonomy":"product_cat","embeddable":true,"href":"https:\/\/bitessiulai.lt\/lv\/wp-json\/wp\/v2\/product_cat?post=14045"},{"taxonomy":"product_tag","embeddable":true,"href":"https:\/\/bitessiulai.lt\/lv\/wp-json\/wp\/v2\/product_tag?post=14045"},{"taxonomy":"giftcard-category","embeddable":true,"href":"https:\/\/bitessiulai.lt\/lv\/wp-json\/wp\/v2\/giftcard-category?post=14045"}],"curies":[{"name":"wp","href":"https:\/\/api.w.org\/{rel}","templated":true}]}}