{"id":13246,"date":"2025-06-03T19:53:40","date_gmt":"2025-06-03T16:53:40","guid":{"rendered":"https:\/\/bitessiulai.lt\/?post_type=product&#038;p=13246"},"modified":"2026-03-30T11:00:39","modified_gmt":"2026-03-30T08:00:39","slug":"stenli-magic-star","status":"publish","type":"product","link":"https:\/\/bitessiulai.lt\/lv\/products\/stenli-magic-star\/","title":{"rendered":"Stenlija ma\u0123isk\u0101 zvaigzne"},"content":{"rendered":"<p>Stanley Magic Star dzija ir viens no Stanley iespaid\u012bg\u0101s dzijas s\u0113rijas \u0161edevriem. T\u0101 ir rad\u012bta, izmantojot augstas kvalit\u0101tes smalkas vilnas \u0161\u0137iedras ar pl\u0101n\u0101m zv\u012b\u0146\u0101m, kas pie\u0161\u0137ir tai sp\u012bdumu. Dzija ir piem\u0113rota elegantam vakart\u0113rpam, kas izce\u013c klasi un stilu. To var izmantot ar\u012b ikdienas ap\u0123\u0113rb\u0101 un aksesu\u0101ros, kam rakstur\u012bgs maigs piesk\u0101riens un siltums.<\/p>\n<p><img fetchpriority=\"high\" decoding=\"async\" class=\"alignnone size-medium wp-image-13248\" src=\"http:\/\/bitessiulai.lt\/wp-content\/uploads\/2025\/06\/B_ana-20191026171019-795-300x300.jpg\" alt=\"\" width=\"300\" height=\"300\" srcset=\"https:\/\/bitessiulai.lt\/wp-content\/uploads\/2025\/06\/B_ana-20191026171019-795-300x300.jpg 300w, https:\/\/bitessiulai.lt\/wp-content\/uploads\/2025\/06\/B_ana-20191026171019-795-150x150.jpg 150w, https:\/\/bitessiulai.lt\/wp-content\/uploads\/2025\/06\/B_ana-20191026171019-795-12x12.jpg 12w, https:\/\/bitessiulai.lt\/wp-content\/uploads\/2025\/06\/B_ana-20191026171019-795-96x96.jpg 96w, https:\/\/bitessiulai.lt\/wp-content\/uploads\/2025\/06\/B_ana-20191026171019-795.jpg 400w\" sizes=\"(max-width: 300px) 100vw, 300px\" \/><\/p>\n<p>*Ekr\u0101n\u0101 redzam\u0101s kr\u0101sas var nedaudz at\u0161\u0137irties no faktisk\u0101s diegu kr\u0101sas.<\/p>","protected":false},"excerpt":{"rendered":"<p>Sast\u0101vs: 30% vilna, 40% akrils, 10% lurekss, 10% poliesters, 10% mirdzumi<\/p>\n<p>(ar svariem)<\/p>\n<p>Svars\/garums: 50 g = aptuveni 130 m.<\/p>\n<p>Ieteicamais adatu izm\u0113rs: 5\u20136 mm.<\/p>\n<p>Ieteicamais \u0101\u0137a izm\u0113rs: 5 mm.<\/p>","protected":false},"featured_media":13247,"comment_status":"open","ping_status":"closed","template":"","meta":[],"product_brand":[],"product_cat":[173,326,1703,3286,177,178,328,174,175,1641,2318,410,2418],"product_tag":[],"giftcard-category":[],"class_list":{"0":"post-13246","1":"product","2":"type-product","3":"status-publish","4":"has-post-thumbnail","6":"product_cat-siulai","7":"product_cat-akrilas","8":"product_cat-liureksas","9":"product_cat-magic-star","10":"product_cat-mezgimo-siulai","11":"product_cat-nerimo-siulai","12":"product_cat-poliesteris","13":"product_cat-siulu-gamintojai","14":"product_cat-siulu-pluostai","15":"product_cat-stenli","16":"product_cat-su-blizguciais","17":"product_cat-vilna","18":"product_cat-zvyneliai","20":"first","21":"instock","22":"taxable","23":"shipping-taxable","24":"purchasable","25":"product-type-variable"},"_links":{"self":[{"href":"https:\/\/bitessiulai.lt\/lv\/wp-json\/wp\/v2\/product\/13246","targetHints":{"allow":["GET"]}}],"collection":[{"href":"https:\/\/bitessiulai.lt\/lv\/wp-json\/wp\/v2\/product"}],"about":[{"href":"https:\/\/bitessiulai.lt\/lv\/wp-json\/wp\/v2\/types\/product"}],"replies":[{"embeddable":true,"href":"https:\/\/bitessiulai.lt\/lv\/wp-json\/wp\/v2\/comments?post=13246"}],"version-history":[{"count":0,"href":"https:\/\/bitessiulai.lt\/lv\/wp-json\/wp\/v2\/product\/13246\/revisions"}],"wp:featuredmedia":[{"embeddable":true,"href":"https:\/\/bitessiulai.lt\/lv\/wp-json\/wp\/v2\/media\/13247"}],"wp:attachment":[{"href":"https:\/\/bitessiulai.lt\/lv\/wp-json\/wp\/v2\/media?parent=13246"}],"wp:term":[{"taxonomy":"product_brand","embeddable":true,"href":"https:\/\/bitessiulai.lt\/lv\/wp-json\/wp\/v2\/product_brand?post=13246"},{"taxonomy":"product_cat","embeddable":true,"href":"https:\/\/bitessiulai.lt\/lv\/wp-json\/wp\/v2\/product_cat?post=13246"},{"taxonomy":"product_tag","embeddable":true,"href":"https:\/\/bitessiulai.lt\/lv\/wp-json\/wp\/v2\/product_tag?post=13246"},{"taxonomy":"giftcard-category","embeddable":true,"href":"https:\/\/bitessiulai.lt\/lv\/wp-json\/wp\/v2\/giftcard-category?post=13246"}],"curies":[{"name":"wp","href":"https:\/\/api.w.org\/{rel}","templated":true}]}}