{"id":13128,"date":"2025-06-02T19:19:38","date_gmt":"2025-06-02T16:19:38","guid":{"rendered":"https:\/\/bitessiulai.lt\/?post_type=product&#038;p=13128"},"modified":"2026-02-14T18:39:18","modified_gmt":"2026-02-14T16:39:18","slug":"stenli-raffaelo","status":"publish","type":"product","link":"https:\/\/bitessiulai.lt\/lv\/products\/stenli-raffaelo\/","title":{"rendered":"Stenlijs Rafaello"},"content":{"rendered":"<p>Stenli Raffaello viegla dzija, m\u012bksta tekst\u016bra. Elast\u012bba ir galven\u0101 lieta, kas at\u0161\u0137ir &quot;Raffaello&quot;. \u0160\u012b dzija \u013cauj ad\u012bt br\u012bvus un \u013coti \u0113rtus d\u017eemperus, vestes, \u0161alles\/, cepures. Ad\u012b\u0161ana ar vienk\u0101r\u0161aj\u0101m un dubultaj\u0101m adat\u0101m ir vienk\u0101r\u0161a un pat\u012bkama. Elast\u012bbas d\u0113\u013c iesak\u0101m izmantot lielas adatas.<\/p>\n<p>Diegs tiek ieg\u016bts no liel\u0101k\u0101 dabisko \u0161\u0137iedru ra\u017eot\u0101ja Dienvid\u0101frik\u0101, to iepriek\u0161 apstr\u0101d\u0101 amatnieki no It\u0101lijas, bet dizaina izv\u0113li un apdares darbus veic Statex. \u0160is diegs \u013cauj rad\u012bt unik\u0101lus un at\u0161\u0137ir\u012bgus dizainus.<\/p>\n<p><img fetchpriority=\"high\" decoding=\"async\" class=\"alignnone size-medium wp-image-13130\" src=\"http:\/\/bitessiulai.lt\/wp-content\/uploads\/2025\/06\/raffaello-1-240x300.jpg\" alt=\"\" width=\"240\" height=\"300\" srcset=\"https:\/\/bitessiulai.lt\/wp-content\/uploads\/2025\/06\/raffaello-1-240x300.jpg 240w, https:\/\/bitessiulai.lt\/wp-content\/uploads\/2025\/06\/raffaello-1-819x1024.jpg 819w, https:\/\/bitessiulai.lt\/wp-content\/uploads\/2025\/06\/raffaello-1-768x960.jpg 768w, https:\/\/bitessiulai.lt\/wp-content\/uploads\/2025\/06\/raffaello-1-1229x1536.jpg 1229w, https:\/\/bitessiulai.lt\/wp-content\/uploads\/2025\/06\/raffaello-1-1639x2048.jpg 1639w, https:\/\/bitessiulai.lt\/wp-content\/uploads\/2025\/06\/raffaello-1-10x12.jpg 10w, https:\/\/bitessiulai.lt\/wp-content\/uploads\/2025\/06\/raffaello-1-600x750.jpg 600w, https:\/\/bitessiulai.lt\/wp-content\/uploads\/2025\/06\/raffaello-1-120x150.jpg 120w, https:\/\/bitessiulai.lt\/wp-content\/uploads\/2025\/06\/raffaello-1.jpg 1933w\" sizes=\"(max-width: 240px) 100vw, 240px\" \/> <img decoding=\"async\" class=\"alignnone size-medium wp-image-13131\" src=\"http:\/\/bitessiulai.lt\/wp-content\/uploads\/2025\/06\/Stenli-Raffaello-detaliu-300x225.jpg\" alt=\"\" width=\"300\" height=\"225\" srcset=\"https:\/\/bitessiulai.lt\/wp-content\/uploads\/2025\/06\/Stenli-Raffaello-detaliu-300x225.jpg 300w, https:\/\/bitessiulai.lt\/wp-content\/uploads\/2025\/06\/Stenli-Raffaello-detaliu-16x12.jpg 16w, https:\/\/bitessiulai.lt\/wp-content\/uploads\/2025\/06\/Stenli-Raffaello-detaliu-600x450.jpg 600w, https:\/\/bitessiulai.lt\/wp-content\/uploads\/2025\/06\/Stenli-Raffaello-detaliu-150x113.jpg 150w, https:\/\/bitessiulai.lt\/wp-content\/uploads\/2025\/06\/Stenli-Raffaello-detaliu.jpg 700w\" sizes=\"(max-width: 300px) 100vw, 300px\" \/> <img decoding=\"async\" class=\"alignnone size-medium wp-image-13132\" src=\"http:\/\/bitessiulai.lt\/wp-content\/uploads\/2025\/06\/378179193_277858661715692_6256026193991031196_n-20241004121027-677-169x300.jpg\" alt=\"\" width=\"169\" height=\"300\" srcset=\"https:\/\/bitessiulai.lt\/wp-content\/uploads\/2025\/06\/378179193_277858661715692_6256026193991031196_n-20241004121027-677-169x300.jpg 169w, https:\/\/bitessiulai.lt\/wp-content\/uploads\/2025\/06\/378179193_277858661715692_6256026193991031196_n-20241004121027-677-576x1024.jpg 576w, https:\/\/bitessiulai.lt\/wp-content\/uploads\/2025\/06\/378179193_277858661715692_6256026193991031196_n-20241004121027-677-768x1365.jpg 768w, https:\/\/bitessiulai.lt\/wp-content\/uploads\/2025\/06\/378179193_277858661715692_6256026193991031196_n-20241004121027-677-864x1536.jpg 864w, https:\/\/bitessiulai.lt\/wp-content\/uploads\/2025\/06\/378179193_277858661715692_6256026193991031196_n-20241004121027-677-7x12.jpg 7w, https:\/\/bitessiulai.lt\/wp-content\/uploads\/2025\/06\/378179193_277858661715692_6256026193991031196_n-20241004121027-677-600x1067.jpg 600w, https:\/\/bitessiulai.lt\/wp-content\/uploads\/2025\/06\/378179193_277858661715692_6256026193991031196_n-20241004121027-677-84x150.jpg 84w, https:\/\/bitessiulai.lt\/wp-content\/uploads\/2025\/06\/378179193_277858661715692_6256026193991031196_n-20241004121027-677.jpg 1080w\" sizes=\"(max-width: 169px) 100vw, 169px\" \/><\/p>\n<p>*Ekr\u0101n\u0101 redzam\u0101s kr\u0101sas var nedaudz at\u0161\u0137irties no faktisk\u0101s diegu kr\u0101sas.<\/p>","protected":false},"excerpt":{"rendered":"<p>Sast\u0101vs: 48% moh\u0113ra, 29% akrils, 22% neilons, 1% elast\u0101ns<\/p>\n<p>Svars\/garums: 50 g = aptuveni 250 m.<\/p>\n<p>Ieteicamais adatu izm\u0113rs: 5\u20137 mm.<\/p>\n<p>Ieteicamais \u0101\u0137a izm\u0113rs: 5\u20137 mm.<\/p>","protected":false},"featured_media":13129,"comment_status":"open","ping_status":"closed","template":"","meta":[],"product_brand":[],"product_cat":[173,326,2746,177,362,1911,178,3282,174,175,1641],"product_tag":[],"giftcard-category":[],"class_list":{"0":"post-13128","1":"product","2":"type-product","3":"status-publish","4":"has-post-thumbnail","6":"product_cat-siulai","7":"product_cat-akrilas","8":"product_cat-elastanas","9":"product_cat-mezgimo-siulai","10":"product_cat-mohera","11":"product_cat-nailonas","12":"product_cat-nerimo-siulai","13":"product_cat-raffaelo","14":"product_cat-siulu-gamintojai","15":"product_cat-siulu-pluostai","16":"product_cat-stenli","18":"first","19":"instock","20":"taxable","21":"shipping-taxable","22":"purchasable","23":"product-type-variable"},"_links":{"self":[{"href":"https:\/\/bitessiulai.lt\/lv\/wp-json\/wp\/v2\/product\/13128","targetHints":{"allow":["GET"]}}],"collection":[{"href":"https:\/\/bitessiulai.lt\/lv\/wp-json\/wp\/v2\/product"}],"about":[{"href":"https:\/\/bitessiulai.lt\/lv\/wp-json\/wp\/v2\/types\/product"}],"replies":[{"embeddable":true,"href":"https:\/\/bitessiulai.lt\/lv\/wp-json\/wp\/v2\/comments?post=13128"}],"version-history":[{"count":0,"href":"https:\/\/bitessiulai.lt\/lv\/wp-json\/wp\/v2\/product\/13128\/revisions"}],"wp:featuredmedia":[{"embeddable":true,"href":"https:\/\/bitessiulai.lt\/lv\/wp-json\/wp\/v2\/media\/13129"}],"wp:attachment":[{"href":"https:\/\/bitessiulai.lt\/lv\/wp-json\/wp\/v2\/media?parent=13128"}],"wp:term":[{"taxonomy":"product_brand","embeddable":true,"href":"https:\/\/bitessiulai.lt\/lv\/wp-json\/wp\/v2\/product_brand?post=13128"},{"taxonomy":"product_cat","embeddable":true,"href":"https:\/\/bitessiulai.lt\/lv\/wp-json\/wp\/v2\/product_cat?post=13128"},{"taxonomy":"product_tag","embeddable":true,"href":"https:\/\/bitessiulai.lt\/lv\/wp-json\/wp\/v2\/product_tag?post=13128"},{"taxonomy":"giftcard-category","embeddable":true,"href":"https:\/\/bitessiulai.lt\/lv\/wp-json\/wp\/v2\/giftcard-category?post=13128"}],"curies":[{"name":"wp","href":"https:\/\/api.w.org\/{rel}","templated":true}]}}