{"id":12948,"date":"2025-05-30T12:31:32","date_gmt":"2025-05-30T09:31:32","guid":{"rendered":"https:\/\/bitessiulai.lt\/?post_type=product&#038;p=12948"},"modified":"2026-05-08T22:46:09","modified_gmt":"2026-05-08T19:46:09","slug":"drops-melody","status":"publish","type":"product","link":"https:\/\/bitessiulai.lt\/lv\/products\/drops-melody\/","title":{"rendered":"Pilienu melodija"},"content":{"rendered":"<p>DROPS Melody ir m\u012bksta un grezna dzija, kas izgatavota no \u012bpa\u0161i smalkas alpakas un merino vilnas. Silta un atg\u0101dina moh\u0113ru, t\u0101 ir pieejama izsmalcin\u0101tu to\u0146u palet\u0113, s\u0101kot no maigi b\u0113\u0161iem un pel\u0113kiem l\u012bdz satrieco\u0161iem sarkaniem un violetiem to\u0146iem.<\/p>\n<p>B\u016bdama tik viegla un m\u012bksta, DROPS Melody dzija ir ide\u0101li piem\u0113rota ap\u0123\u0113rbiem un aksesu\u0101riem. To var \u0101tri ad\u012bt ar lieliem adat\u0101m, nepadarot audumu smagu, un to var izmantot k\u0101 dekorat\u012bvu dziju kombin\u0101cij\u0101 ar cit\u0101m dzij\u0101m, lai ap\u0123\u0113rbam pie\u0161\u0137irtu papildu apjomu un maigumu.<\/p>\n<p><img fetchpriority=\"high\" decoding=\"async\" class=\"alignnone size-medium wp-image-12949\" src=\"http:\/\/bitessiulai.lt\/wp-content\/uploads\/2025\/05\/1641-2-194x300.jpg\" alt=\"\" width=\"194\" height=\"300\" srcset=\"https:\/\/bitessiulai.lt\/wp-content\/uploads\/2025\/05\/1641-2-194x300.jpg 194w, https:\/\/bitessiulai.lt\/wp-content\/uploads\/2025\/05\/1641-2-8x12.jpg 8w, https:\/\/bitessiulai.lt\/wp-content\/uploads\/2025\/05\/1641-2-97x150.jpg 97w, https:\/\/bitessiulai.lt\/wp-content\/uploads\/2025\/05\/1641-2.jpg 458w\" sizes=\"(max-width: 194px) 100vw, 194px\" \/> <img decoding=\"async\" class=\"alignnone size-medium wp-image-12950\" src=\"http:\/\/bitessiulai.lt\/wp-content\/uploads\/2025\/05\/30-2-3-194x300.jpg\" alt=\"\" width=\"194\" height=\"300\" srcset=\"https:\/\/bitessiulai.lt\/wp-content\/uploads\/2025\/05\/30-2-3-194x300.jpg 194w, https:\/\/bitessiulai.lt\/wp-content\/uploads\/2025\/05\/30-2-3-8x12.jpg 8w, https:\/\/bitessiulai.lt\/wp-content\/uploads\/2025\/05\/30-2-3-97x150.jpg 97w, https:\/\/bitessiulai.lt\/wp-content\/uploads\/2025\/05\/30-2-3.jpg 458w\" sizes=\"(max-width: 194px) 100vw, 194px\" \/><\/p>\n<div class=\"embed-responsive embed-responsive-16by9\"><iframe title=\"DROPS Melody - Grezns merino vilnas un \u0137emm\u0113tas alpakas mais\u012bjums\" width=\"540\" height=\"960\" src=\"https:\/\/www.youtube.com\/embed\/mT6dGT0yIBA?feature=oembed\" frameborder=\"0\" allow=\"accelerometer; autoplay; clipboard-write; encrypted-media; gyroscope; picture-in-picture; web-share\" referrerpolicy=\"strict-origin-when-cross-origin\" allowfullscreen><\/iframe><\/div>\n<p>*Ekr\u0101n\u0101 redzam\u0101s kr\u0101sas var nedaudz at\u0161\u0137irties no faktisk\u0101s diegu kr\u0101sas.<\/p>","protected":false},"excerpt":{"rendered":"<p>Sast\u0101vs: 71 % alpaka, 25 % merino vilna, 4 % poliam\u012bds<\/p>\n<p>Svars\/garums: 50 g = aptuveni 140 m.<\/p>\n<p>Ieteicamais ad\u0101madatas izm\u0113rs: 8 mm.<\/p>","protected":false},"featured_media":12973,"comment_status":"open","ping_status":"closed","template":"","meta":[],"product_brand":[],"product_cat":[173,327,256,217,3163,948,177,324,174,175],"product_tag":[],"giftcard-category":[],"class_list":{"0":"post-12948","1":"product","2":"type-product","3":"status-publish","4":"has-post-thumbnail","6":"product_cat-siulai","7":"product_cat-alpaka","8":"product_cat-drops","9":"product_cat-isparduotuve","10":"product_cat-melody","11":"product_cat-merino-vilna","12":"product_cat-mezgimo-siulai","13":"product_cat-poliamidas","14":"product_cat-siulu-gamintojai","15":"product_cat-siulu-pluostai","17":"first","18":"instock","19":"sale","20":"taxable","21":"shipping-taxable","22":"purchasable","23":"product-type-variable"},"_links":{"self":[{"href":"https:\/\/bitessiulai.lt\/lv\/wp-json\/wp\/v2\/product\/12948","targetHints":{"allow":["GET"]}}],"collection":[{"href":"https:\/\/bitessiulai.lt\/lv\/wp-json\/wp\/v2\/product"}],"about":[{"href":"https:\/\/bitessiulai.lt\/lv\/wp-json\/wp\/v2\/types\/product"}],"replies":[{"embeddable":true,"href":"https:\/\/bitessiulai.lt\/lv\/wp-json\/wp\/v2\/comments?post=12948"}],"version-history":[{"count":1,"href":"https:\/\/bitessiulai.lt\/lv\/wp-json\/wp\/v2\/product\/12948\/revisions"}],"predecessor-version":[{"id":20680,"href":"https:\/\/bitessiulai.lt\/lv\/wp-json\/wp\/v2\/product\/12948\/revisions\/20680"}],"wp:featuredmedia":[{"embeddable":true,"href":"https:\/\/bitessiulai.lt\/lv\/wp-json\/wp\/v2\/media\/12973"}],"wp:attachment":[{"href":"https:\/\/bitessiulai.lt\/lv\/wp-json\/wp\/v2\/media?parent=12948"}],"wp:term":[{"taxonomy":"product_brand","embeddable":true,"href":"https:\/\/bitessiulai.lt\/lv\/wp-json\/wp\/v2\/product_brand?post=12948"},{"taxonomy":"product_cat","embeddable":true,"href":"https:\/\/bitessiulai.lt\/lv\/wp-json\/wp\/v2\/product_cat?post=12948"},{"taxonomy":"product_tag","embeddable":true,"href":"https:\/\/bitessiulai.lt\/lv\/wp-json\/wp\/v2\/product_tag?post=12948"},{"taxonomy":"giftcard-category","embeddable":true,"href":"https:\/\/bitessiulai.lt\/lv\/wp-json\/wp\/v2\/giftcard-category?post=12948"}],"curies":[{"name":"wp","href":"https:\/\/api.w.org\/{rel}","templated":true}]}}