{"id":12827,"date":"2025-05-30T12:26:50","date_gmt":"2025-05-30T09:26:50","guid":{"rendered":"https:\/\/bitessiulai.lt\/?post_type=product&#038;p=12827"},"modified":"2026-05-11T10:59:09","modified_gmt":"2026-05-11T07:59:09","slug":"drops-big-merino","status":"publish","type":"product","link":"https:\/\/bitessiulai.lt\/lv\/products\/drops-big-merino\/","title":{"rendered":"Drops Big Merino"},"content":{"rendered":"<p><strong>Drops Big Merino<\/strong> Sav\u0113rpts no vair\u0101k\u0101m pl\u0101n\u0101m 100 % \u012bpa\u0161i smalkas merino vilnas \u0161\u0137ipsn\u0101m, kas pie\u0161\u0137ir dzijai elast\u012bbu. DROPS Big Merino galven\u0101s \u012bpa\u0161\u012bbas ir maigums, apjoms, elast\u012bba un vienm\u0113r\u012bgs rezult\u0101ts, padarot tos ide\u0101li piem\u0113rotus struktur\u0113tiem rakstiem.<\/p>\n<p>Tie\u0161i \u0161\u012bs \u012bpa\u0161\u0101s dzijas strukt\u016bras d\u0113\u013c ir \u012bpa\u0161i svar\u012bgi izmantot pareizo dzijas spriegumu, t\u0101p\u0113c izv\u0113lieties augstu, nevis zemu. DROPS Big Merino dzija ir ar\u012b apstr\u0101d\u0101ta ar superwash metodi, t\u0101p\u0113c to var mazg\u0101t ve\u013cas ma\u0161\u012bn\u0101 un lietot katru dienu.<\/p>\n<p>DROPS Big Merino ir v\u0113rpts no \u0161\u0137iedr\u0101m, kas ieg\u016btas no Dienvidamerik\u0101 br\u012bv\u0101 dab\u0101 audz\u0113tiem dz\u012bvniekiem, kuri nav pak\u013cauti m\u016b\u013cu apstr\u0101dei, un tam ir Oeko-Tex Standard 100 sertifik\u0101ts.<\/p>\n<p><img fetchpriority=\"high\" decoding=\"async\" class=\"alignnone size-medium wp-image-12833\" src=\"http:\/\/bitessiulai.lt\/wp-content\/uploads\/2025\/05\/12b-2-194x300.jpg\" alt=\"\" width=\"194\" height=\"300\" srcset=\"https:\/\/bitessiulai.lt\/wp-content\/uploads\/2025\/05\/12b-2-194x300.jpg 194w, https:\/\/bitessiulai.lt\/wp-content\/uploads\/2025\/05\/12b-2-8x12.jpg 8w, https:\/\/bitessiulai.lt\/wp-content\/uploads\/2025\/05\/12b-2-97x150.jpg 97w, https:\/\/bitessiulai.lt\/wp-content\/uploads\/2025\/05\/12b-2.jpg 458w\" sizes=\"(max-width: 194px) 100vw, 194px\" \/> <img decoding=\"async\" class=\"alignnone size-medium wp-image-12834\" src=\"http:\/\/bitessiulai.lt\/wp-content\/uploads\/2025\/05\/59-2-1-194x300.jpg\" alt=\"\" width=\"194\" height=\"300\" srcset=\"https:\/\/bitessiulai.lt\/wp-content\/uploads\/2025\/05\/59-2-1-194x300.jpg 194w, https:\/\/bitessiulai.lt\/wp-content\/uploads\/2025\/05\/59-2-1-8x12.jpg 8w, https:\/\/bitessiulai.lt\/wp-content\/uploads\/2025\/05\/59-2-1-97x150.jpg 97w, https:\/\/bitessiulai.lt\/wp-content\/uploads\/2025\/05\/59-2-1.jpg 458w\" sizes=\"(max-width: 194px) 100vw, 194px\" \/><\/p>\n<div class=\"embed-responsive embed-responsive-16by9\"><iframe title=\"DROPS Big Merino - \u012bpa\u0161i smalka merino vilna, apstr\u0101d\u0101ta ar supermazg\u0101\u0161anu\" width=\"540\" height=\"960\" src=\"https:\/\/www.youtube.com\/embed\/fyurPOU-AWY?feature=oembed\" frameborder=\"0\" allow=\"accelerometer; autoplay; clipboard-write; encrypted-media; gyroscope; picture-in-picture; web-share\" referrerpolicy=\"strict-origin-when-cross-origin\" allowfullscreen><\/iframe><\/div>\n<p>*Ekr\u0101n\u0101 redzam\u0101s kr\u0101sas var nedaudz at\u0161\u0137irties no faktisk\u0101s diegu kr\u0101sas.<\/p>\n<p>&nbsp;<\/p>","protected":false},"excerpt":{"rendered":"<p>Sast\u0101vs: 100% merino vilna<\/p>\n<p>Svars\/garums: 50 g = aptuveni 75 m.<\/p>\n<p>Ieteicamais adatu izm\u0113rs: 5 mm.<\/p>","protected":false},"featured_media":12828,"comment_status":"open","ping_status":"closed","template":"","meta":[],"product_brand":[],"product_cat":[173,3164,256,217,948,177,174,175],"product_tag":[],"giftcard-category":[],"class_list":{"0":"post-12827","1":"product","2":"type-product","3":"status-publish","4":"has-post-thumbnail","6":"product_cat-siulai","7":"product_cat-big-merino","8":"product_cat-drops","9":"product_cat-isparduotuve","10":"product_cat-merino-vilna","11":"product_cat-mezgimo-siulai","12":"product_cat-siulu-gamintojai","13":"product_cat-siulu-pluostai","15":"first","16":"instock","17":"sale","18":"taxable","19":"shipping-taxable","20":"purchasable","21":"product-type-variable"},"_links":{"self":[{"href":"https:\/\/bitessiulai.lt\/lv\/wp-json\/wp\/v2\/product\/12827","targetHints":{"allow":["GET"]}}],"collection":[{"href":"https:\/\/bitessiulai.lt\/lv\/wp-json\/wp\/v2\/product"}],"about":[{"href":"https:\/\/bitessiulai.lt\/lv\/wp-json\/wp\/v2\/types\/product"}],"replies":[{"embeddable":true,"href":"https:\/\/bitessiulai.lt\/lv\/wp-json\/wp\/v2\/comments?post=12827"}],"version-history":[{"count":1,"href":"https:\/\/bitessiulai.lt\/lv\/wp-json\/wp\/v2\/product\/12827\/revisions"}],"predecessor-version":[{"id":20678,"href":"https:\/\/bitessiulai.lt\/lv\/wp-json\/wp\/v2\/product\/12827\/revisions\/20678"}],"wp:featuredmedia":[{"embeddable":true,"href":"https:\/\/bitessiulai.lt\/lv\/wp-json\/wp\/v2\/media\/12828"}],"wp:attachment":[{"href":"https:\/\/bitessiulai.lt\/lv\/wp-json\/wp\/v2\/media?parent=12827"}],"wp:term":[{"taxonomy":"product_brand","embeddable":true,"href":"https:\/\/bitessiulai.lt\/lv\/wp-json\/wp\/v2\/product_brand?post=12827"},{"taxonomy":"product_cat","embeddable":true,"href":"https:\/\/bitessiulai.lt\/lv\/wp-json\/wp\/v2\/product_cat?post=12827"},{"taxonomy":"product_tag","embeddable":true,"href":"https:\/\/bitessiulai.lt\/lv\/wp-json\/wp\/v2\/product_tag?post=12827"},{"taxonomy":"giftcard-category","embeddable":true,"href":"https:\/\/bitessiulai.lt\/lv\/wp-json\/wp\/v2\/giftcard-category?post=12827"}],"curies":[{"name":"wp","href":"https:\/\/api.w.org\/{rel}","templated":true}]}}