{"id":12751,"date":"2025-05-30T12:37:04","date_gmt":"2025-05-30T09:37:04","guid":{"rendered":"https:\/\/bitessiulai.lt\/?post_type=product&#038;p=12751"},"modified":"2026-04-16T13:42:30","modified_gmt":"2026-04-16T10:42:30","slug":"drops-baby-merino","status":"publish","type":"product","link":"https:\/\/bitessiulai.lt\/lv\/products\/drops-baby-merino\/","title":{"rendered":"Drops Baby Merino vilna"},"content":{"rendered":"<p>DROPS Baby Merino ir 100 % \u012bpa\u0161i smalka merino vilnas dzija, kas ir superm\u012bksta, elpojo\u0161a un nekairino\u0161a \u2013 ide\u0101li piem\u0113rota jut\u012bgai mazu\u013ca \u0101dai. Sav\u012bta un izgatavota no daudziem smalkiem diegiem, DROPS Baby Merino dzija nodro\u0161ina gl\u012btus, vienm\u0113r\u012bgus d\u016brienus, padarot ap\u0123\u0113rbu \u012bpa\u0161i elast\u012bgu. Tie\u0161i \u0161\u012bs \u012bpa\u0161\u0101s konstrukcijas d\u0113\u013c ir svar\u012bgi izmantot pareizo dzijas spriegumu j\u016bsu projekt\u0101, t\u0101p\u0113c izv\u0113lieties augstu, nevis zemu spriegumu.<\/p>\n<p>DROPS Baby Merino dzija ir v\u0113rpta no br\u012bv\u0101s tur\u0113\u0161anas, z\u012bdkoka nesaturo\u0161as Dienvidamerikas vilnas un ir sertific\u0113ta saska\u0146\u0101 ar Oeko-Tex Standard 100. Dzija ir apstr\u0101d\u0101ta ar\u012b ar Superwash tehnolo\u0123iju, t\u0101p\u0113c to var mazg\u0101t ve\u013cas ma\u0161\u012bn\u0101 un lietot katru dienu.<\/p>\n<p><img fetchpriority=\"high\" decoding=\"async\" class=\"alignnone size-medium wp-image-12757\" src=\"http:\/\/bitessiulai.lt\/wp-content\/uploads\/2025\/05\/8-2-194x300.jpg\" alt=\"\" width=\"194\" height=\"300\" srcset=\"https:\/\/bitessiulai.lt\/wp-content\/uploads\/2025\/05\/8-2-194x300.jpg 194w, https:\/\/bitessiulai.lt\/wp-content\/uploads\/2025\/05\/8-2-8x12.jpg 8w, https:\/\/bitessiulai.lt\/wp-content\/uploads\/2025\/05\/8-2-97x150.jpg 97w, https:\/\/bitessiulai.lt\/wp-content\/uploads\/2025\/05\/8-2.jpg 458w\" sizes=\"(max-width: 194px) 100vw, 194px\" \/> <img decoding=\"async\" class=\"alignnone size-medium wp-image-12758\" src=\"http:\/\/bitessiulai.lt\/wp-content\/uploads\/2025\/05\/4-2-194x300.jpg\" alt=\"\" width=\"194\" height=\"300\" srcset=\"https:\/\/bitessiulai.lt\/wp-content\/uploads\/2025\/05\/4-2-194x300.jpg 194w, https:\/\/bitessiulai.lt\/wp-content\/uploads\/2025\/05\/4-2-8x12.jpg 8w, https:\/\/bitessiulai.lt\/wp-content\/uploads\/2025\/05\/4-2-97x150.jpg 97w, https:\/\/bitessiulai.lt\/wp-content\/uploads\/2025\/05\/4-2.jpg 458w\" sizes=\"(max-width: 194px) 100vw, 194px\" \/><\/p>\n<div class=\"embed-responsive embed-responsive-16by9\"><iframe title=\"DROPS Baby Merino - \u012bpa\u0161i smalka merino vilna, kas apstr\u0101d\u0101ta ar supermazg\u0101\u0161anu\" width=\"540\" height=\"960\" src=\"https:\/\/www.youtube.com\/embed\/IxY9vyyREHw?feature=oembed\" frameborder=\"0\" allow=\"accelerometer; autoplay; clipboard-write; encrypted-media; gyroscope; picture-in-picture; web-share\" referrerpolicy=\"strict-origin-when-cross-origin\" allowfullscreen><\/iframe><\/div>\n<p>*Ekr\u0101n\u0101 redzam\u0101s kr\u0101sas var nedaudz at\u0161\u0137irties no faktisk\u0101s diegu kr\u0101sas.<\/p>","protected":false},"excerpt":{"rendered":"<p>Sast\u0101vs: 100% merino vilna<\/p>\n<p>Svars\/garums: 50 g = aptuveni 175 m.<\/p>\n<p>Ieteicamais adatu izm\u0113rs: 3 mm.<\/p>","protected":false},"featured_media":12752,"comment_status":"open","ping_status":"closed","template":"","meta":[],"product_brand":[],"product_cat":[174,3162,256,217,948,177,173,175],"product_tag":[],"giftcard-category":[],"class_list":{"0":"post-12751","1":"product","2":"type-product","3":"status-publish","4":"has-post-thumbnail","6":"product_cat-siulu-gamintojai","7":"product_cat-baby-merino","8":"product_cat-drops","9":"product_cat-isparduotuve","10":"product_cat-merino-vilna","11":"product_cat-mezgimo-siulai","12":"product_cat-siulai","13":"product_cat-siulu-pluostai","15":"first","16":"instock","17":"sale","18":"taxable","19":"shipping-taxable","20":"purchasable","21":"product-type-variable"},"_links":{"self":[{"href":"https:\/\/bitessiulai.lt\/lv\/wp-json\/wp\/v2\/product\/12751","targetHints":{"allow":["GET"]}}],"collection":[{"href":"https:\/\/bitessiulai.lt\/lv\/wp-json\/wp\/v2\/product"}],"about":[{"href":"https:\/\/bitessiulai.lt\/lv\/wp-json\/wp\/v2\/types\/product"}],"replies":[{"embeddable":true,"href":"https:\/\/bitessiulai.lt\/lv\/wp-json\/wp\/v2\/comments?post=12751"}],"version-history":[{"count":1,"href":"https:\/\/bitessiulai.lt\/lv\/wp-json\/wp\/v2\/product\/12751\/revisions"}],"predecessor-version":[{"id":20674,"href":"https:\/\/bitessiulai.lt\/lv\/wp-json\/wp\/v2\/product\/12751\/revisions\/20674"}],"wp:featuredmedia":[{"embeddable":true,"href":"https:\/\/bitessiulai.lt\/lv\/wp-json\/wp\/v2\/media\/12752"}],"wp:attachment":[{"href":"https:\/\/bitessiulai.lt\/lv\/wp-json\/wp\/v2\/media?parent=12751"}],"wp:term":[{"taxonomy":"product_brand","embeddable":true,"href":"https:\/\/bitessiulai.lt\/lv\/wp-json\/wp\/v2\/product_brand?post=12751"},{"taxonomy":"product_cat","embeddable":true,"href":"https:\/\/bitessiulai.lt\/lv\/wp-json\/wp\/v2\/product_cat?post=12751"},{"taxonomy":"product_tag","embeddable":true,"href":"https:\/\/bitessiulai.lt\/lv\/wp-json\/wp\/v2\/product_tag?post=12751"},{"taxonomy":"giftcard-category","embeddable":true,"href":"https:\/\/bitessiulai.lt\/lv\/wp-json\/wp\/v2\/giftcard-category?post=12751"}],"curies":[{"name":"wp","href":"https:\/\/api.w.org\/{rel}","templated":true}]}}