{"id":12320,"date":"2025-05-17T14:41:02","date_gmt":"2025-05-17T11:41:02","guid":{"rendered":"https:\/\/bitessiulai.lt\/?post_type=product&#038;p=12320"},"modified":"2026-02-15T19:45:33","modified_gmt":"2026-02-15T17:45:33","slug":"scheepjes-tuva-diy-rinkinys-karvyte-meadow-the-cow","status":"publish","type":"product","link":"https:\/\/bitessiulai.lt\/lv\/products\/scheepjes-tuva-diy-rinkinys-karvyte-meadow-the-cow\/","title":{"rendered":"Scheepjes Tuva DIY komplekts - P\u013cava govs"},"content":{"rendered":"<p>Scheepjes Tuva DIY komplekts - P\u013cava, govs. Amigurumi rota\u013clietu komplekts. \u0160aj\u0101 komplekt\u0101 atrad\u012bsiet visu nepiecie\u0161amo rota\u013clietas izgatavo\u0161anai. T\u0101 ir lieliska aktivit\u0101te vai br\u012bv\u0101 laika pavad\u012b\u0161anas veids kop\u0101 ar b\u0113rniem. Viss ir iepakots skaist\u0101 kast\u012bt\u0113, lieliska d\u0101vanas ideja.<\/p>\n<p>Komplekt\u0101 ietilpst:<\/p>\n<ul>\n<li>Scheepljes Catona \u2013 100% merseriz\u0113ts kokvilnas diegs<\/li>\n<li>Pildviela<\/li>\n<li>V\u0101ze<\/li>\n<li>Adata<\/li>\n<li>Sh\u0113ma (ang\u013cu, turku un n\u012bderlandie\u0161u valod\u0101)<\/li>\n<li>Citi nepiecie\u0161amie piederumi<\/li>\n<\/ul>","protected":false},"excerpt":{"rendered":"<p>Scheepjes Tuva DIY rinkinys &#8211; karvyt\u0117 Meadow the Cow. Amigurumi \u017eaisl\u0173 rinkinys. \u0160iame rinkinyje rasite visk\u0105 ko Jums prireiks \u017eaisliuko gamybai. Tai puikus u\u017esi\u0117mimas ar laisvailaikio praleidimas su vaikais. Viskas supakuota gra\u017eioje d\u0117\u017eut\u0117je, puiki id\u0117ja dovanai. Rinkin\u012f sudaro: Scheepljes Catona &#8211; 100% merserizuotos medviln\u0117s si\u016blai U\u017epildas V\u0105\u0161elis Adata Schema (angl\u0173, turk\u0173 ir oland\u0173 kalbomis) Kiti reikalingi aksesuarai<\/p>","protected":false},"featured_media":12323,"comment_status":"open","ping_status":"closed","template":"","meta":[],"product_brand":[],"product_cat":[192,2477,217],"product_tag":[],"giftcard-category":[],"class_list":{"0":"post-12320","1":"product","2":"type-product","3":"status-publish","4":"has-post-thumbnail","6":"product_cat-priedai-mezgimui","7":"product_cat-amigurumi-rinkiniai","8":"product_cat-isparduotuve","10":"first","11":"instock","12":"sale","13":"taxable","14":"shipping-taxable","15":"purchasable","16":"product-type-simple"},"_links":{"self":[{"href":"https:\/\/bitessiulai.lt\/lv\/wp-json\/wp\/v2\/product\/12320","targetHints":{"allow":["GET"]}}],"collection":[{"href":"https:\/\/bitessiulai.lt\/lv\/wp-json\/wp\/v2\/product"}],"about":[{"href":"https:\/\/bitessiulai.lt\/lv\/wp-json\/wp\/v2\/types\/product"}],"replies":[{"embeddable":true,"href":"https:\/\/bitessiulai.lt\/lv\/wp-json\/wp\/v2\/comments?post=12320"}],"version-history":[{"count":0,"href":"https:\/\/bitessiulai.lt\/lv\/wp-json\/wp\/v2\/product\/12320\/revisions"}],"wp:featuredmedia":[{"embeddable":true,"href":"https:\/\/bitessiulai.lt\/lv\/wp-json\/wp\/v2\/media\/12323"}],"wp:attachment":[{"href":"https:\/\/bitessiulai.lt\/lv\/wp-json\/wp\/v2\/media?parent=12320"}],"wp:term":[{"taxonomy":"product_brand","embeddable":true,"href":"https:\/\/bitessiulai.lt\/lv\/wp-json\/wp\/v2\/product_brand?post=12320"},{"taxonomy":"product_cat","embeddable":true,"href":"https:\/\/bitessiulai.lt\/lv\/wp-json\/wp\/v2\/product_cat?post=12320"},{"taxonomy":"product_tag","embeddable":true,"href":"https:\/\/bitessiulai.lt\/lv\/wp-json\/wp\/v2\/product_tag?post=12320"},{"taxonomy":"giftcard-category","embeddable":true,"href":"https:\/\/bitessiulai.lt\/lv\/wp-json\/wp\/v2\/giftcard-category?post=12320"}],"curies":[{"name":"wp","href":"https:\/\/api.w.org\/{rel}","templated":true}]}}