{"id":12067,"date":"2025-05-08T17:19:27","date_gmt":"2025-05-08T14:19:27","guid":{"rendered":"https:\/\/bitessiulai.lt\/?post_type=product&#038;p=12067"},"modified":"2026-04-28T15:21:18","modified_gmt":"2026-04-28T12:21:18","slug":"rico-design-creative-make-it-blumchen-su-zvyneliais-ir-gelytemis","status":"publish","type":"product","link":"https:\/\/bitessiulai.lt\/lv\/products\/rico-design-creative-make-it-blumchen-su-zvyneliais-ir-gelytemis\/","title":{"rendered":"Rico Design Creative Make It Bl\u00fcmchen ar zv\u012b\u0146\u0101m - ziedi"},"content":{"rendered":"<p>Rico Design Creative Make It Bl\u00fcmchen ar zv\u012b\u0146\u0101m - mazi ziedi\u0146i. Mazie ziedi\u0146i ir harmoniski apvienoti ar 100 % liocela atbalsta diegiem un lieliski pieska\u0146ojas viens otram kr\u0101s\u0101. Apstr\u0101des laik\u0101 diegi tiek vienk\u0101r\u0161i novalk\u0101ti, t\u0101p\u0113c ad\u012btais izstr\u0101d\u0101jums izskat\u0101s neparasts un uzman\u012bbu piesaisto\u0161s.<\/p>\n<p><img fetchpriority=\"high\" decoding=\"async\" class=\"alignnone size-medium wp-image-12068\" src=\"http:\/\/bitessiulai.lt\/wp-content\/uploads\/2025\/05\/941465-904020.008_904020.009_4260_MD_Q_1920x1920-286x300.jpg\" alt=\"\" width=\"286\" height=\"300\" srcset=\"https:\/\/bitessiulai.lt\/wp-content\/uploads\/2025\/05\/941465-904020.008_904020.009_4260_MD_Q_1920x1920-286x300.jpg 286w, https:\/\/bitessiulai.lt\/wp-content\/uploads\/2025\/05\/941465-904020.008_904020.009_4260_MD_Q_1920x1920-977x1024.jpg 977w, https:\/\/bitessiulai.lt\/wp-content\/uploads\/2025\/05\/941465-904020.008_904020.009_4260_MD_Q_1920x1920-768x805.jpg 768w, https:\/\/bitessiulai.lt\/wp-content\/uploads\/2025\/05\/941465-904020.008_904020.009_4260_MD_Q_1920x1920-600x629.jpg 600w, https:\/\/bitessiulai.lt\/wp-content\/uploads\/2025\/05\/941465-904020.008_904020.009_4260_MD_Q_1920x1920-143x150.jpg 143w, https:\/\/bitessiulai.lt\/wp-content\/uploads\/2025\/05\/941465-904020.008_904020.009_4260_MD_Q_1920x1920.jpg 1431w\" sizes=\"(max-width: 286px) 100vw, 286px\" \/> <img decoding=\"async\" class=\"alignnone size-medium wp-image-12069\" src=\"http:\/\/bitessiulai.lt\/wp-content\/uploads\/2025\/05\/941660-904020_024_2_ML_Q_1_1920x1920-300x300.jpg\" alt=\"\" width=\"300\" height=\"300\" srcset=\"https:\/\/bitessiulai.lt\/wp-content\/uploads\/2025\/05\/941660-904020_024_2_ML_Q_1_1920x1920-300x300.jpg 300w, https:\/\/bitessiulai.lt\/wp-content\/uploads\/2025\/05\/941660-904020_024_2_ML_Q_1_1920x1920-1024x1024.jpg 1024w, https:\/\/bitessiulai.lt\/wp-content\/uploads\/2025\/05\/941660-904020_024_2_ML_Q_1_1920x1920-150x150.jpg 150w, https:\/\/bitessiulai.lt\/wp-content\/uploads\/2025\/05\/941660-904020_024_2_ML_Q_1_1920x1920-768x768.jpg 768w, https:\/\/bitessiulai.lt\/wp-content\/uploads\/2025\/05\/941660-904020_024_2_ML_Q_1_1920x1920-600x600.jpg 600w, https:\/\/bitessiulai.lt\/wp-content\/uploads\/2025\/05\/941660-904020_024_2_ML_Q_1_1920x1920-96x96.jpg 96w, https:\/\/bitessiulai.lt\/wp-content\/uploads\/2025\/05\/941660-904020_024_2_ML_Q_1_1920x1920.jpg 1500w\" sizes=\"(max-width: 300px) 100vw, 300px\" \/> <img decoding=\"async\" class=\"alignnone size-medium wp-image-12070\" src=\"http:\/\/bitessiulai.lt\/wp-content\/uploads\/2025\/05\/941527-904020.024_904020.019_2513_MD_Q_1920x1920-300x300.jpg\" alt=\"\" width=\"300\" height=\"300\" srcset=\"https:\/\/bitessiulai.lt\/wp-content\/uploads\/2025\/05\/941527-904020.024_904020.019_2513_MD_Q_1920x1920-300x300.jpg 300w, https:\/\/bitessiulai.lt\/wp-content\/uploads\/2025\/05\/941527-904020.024_904020.019_2513_MD_Q_1920x1920-1024x1024.jpg 1024w, https:\/\/bitessiulai.lt\/wp-content\/uploads\/2025\/05\/941527-904020.024_904020.019_2513_MD_Q_1920x1920-150x150.jpg 150w, https:\/\/bitessiulai.lt\/wp-content\/uploads\/2025\/05\/941527-904020.024_904020.019_2513_MD_Q_1920x1920-768x768.jpg 768w, https:\/\/bitessiulai.lt\/wp-content\/uploads\/2025\/05\/941527-904020.024_904020.019_2513_MD_Q_1920x1920-600x600.jpg 600w, https:\/\/bitessiulai.lt\/wp-content\/uploads\/2025\/05\/941527-904020.024_904020.019_2513_MD_Q_1920x1920-96x96.jpg 96w, https:\/\/bitessiulai.lt\/wp-content\/uploads\/2025\/05\/941527-904020.024_904020.019_2513_MD_Q_1920x1920.jpg 1500w\" sizes=\"(max-width: 300px) 100vw, 300px\" \/><\/p>\n<p>*Ekr\u0101n\u0101 redzam\u0101s kr\u0101sas var nedaudz at\u0161\u0137irties no faktisk\u0101s diegu kr\u0101sas.<\/p>","protected":false},"excerpt":{"rendered":"<p>Sast\u0101vs: 100 g % liocela<\/p>\n<p>(p\u0101rslas 100 % poliesters)<\/p>\n<p>Svars\/garums: 375 m \/ 25 g<\/p>\n<p>Ieteicamais adatu izm\u0113rs: Adatu izm\u0113rs ir atkar\u012bgs no dzijas biezuma, ko izmantosiet \u0161o Rico Design Creative Make It Bl\u00fcmchen ad\u012bjumu ad\u012b\u0161anai.<\/p>","protected":false},"featured_media":22336,"comment_status":"open","ping_status":"closed","template":"","meta":[],"product_brand":[],"product_cat":[173,3339,915,2454,177,328,2432,174,175],"product_tag":[],"giftcard-category":[],"class_list":{"0":"post-12067","1":"product","2":"type-product","3":"status-publish","4":"has-post-thumbnail","6":"product_cat-siulai","7":"product_cat-creative-make-it-blumchen-su-zvyneliais-ir-gelytemis","8":"product_cat-dekoratyviniai-siulai","9":"product_cat-liocelis","10":"product_cat-mezgimo-siulai","11":"product_cat-poliesteris","12":"product_cat-rico-design","13":"product_cat-siulu-gamintojai","14":"product_cat-siulu-pluostai","16":"first","17":"instock","18":"taxable","19":"shipping-taxable","20":"purchasable","21":"product-type-variable"},"_links":{"self":[{"href":"https:\/\/bitessiulai.lt\/lv\/wp-json\/wp\/v2\/product\/12067","targetHints":{"allow":["GET"]}}],"collection":[{"href":"https:\/\/bitessiulai.lt\/lv\/wp-json\/wp\/v2\/product"}],"about":[{"href":"https:\/\/bitessiulai.lt\/lv\/wp-json\/wp\/v2\/types\/product"}],"replies":[{"embeddable":true,"href":"https:\/\/bitessiulai.lt\/lv\/wp-json\/wp\/v2\/comments?post=12067"}],"version-history":[{"count":1,"href":"https:\/\/bitessiulai.lt\/lv\/wp-json\/wp\/v2\/product\/12067\/revisions"}],"predecessor-version":[{"id":22312,"href":"https:\/\/bitessiulai.lt\/lv\/wp-json\/wp\/v2\/product\/12067\/revisions\/22312"}],"wp:featuredmedia":[{"embeddable":true,"href":"https:\/\/bitessiulai.lt\/lv\/wp-json\/wp\/v2\/media\/22336"}],"wp:attachment":[{"href":"https:\/\/bitessiulai.lt\/lv\/wp-json\/wp\/v2\/media?parent=12067"}],"wp:term":[{"taxonomy":"product_brand","embeddable":true,"href":"https:\/\/bitessiulai.lt\/lv\/wp-json\/wp\/v2\/product_brand?post=12067"},{"taxonomy":"product_cat","embeddable":true,"href":"https:\/\/bitessiulai.lt\/lv\/wp-json\/wp\/v2\/product_cat?post=12067"},{"taxonomy":"product_tag","embeddable":true,"href":"https:\/\/bitessiulai.lt\/lv\/wp-json\/wp\/v2\/product_tag?post=12067"},{"taxonomy":"giftcard-category","embeddable":true,"href":"https:\/\/bitessiulai.lt\/lv\/wp-json\/wp\/v2\/giftcard-category?post=12067"}],"curies":[{"name":"wp","href":"https:\/\/api.w.org\/{rel}","templated":true}]}}