{"id":11932,"date":"2025-04-29T10:20:39","date_gmt":"2025-04-29T07:20:39","guid":{"rendered":"https:\/\/bitessiulai.lt\/?post_type=product&#038;p=11932"},"modified":"2026-02-15T19:08:14","modified_gmt":"2026-02-15T17:08:14","slug":"opry-stitch-dygsnio-zymekliai","status":"publish","type":"product","link":"https:\/\/bitessiulai.lt\/lv\/products\/opry-stitch-dygsnio-zymekliai\/","title":{"rendered":"Opry Stitch d\u016brienu mar\u0137ieri"},"content":{"rendered":"<p>Opry Stitch d\u016brienu mar\u0137ieri ir \u013coti praktisks ad\u012b\u0161anas un tambor\u0113\u0161anas pal\u012bgl\u012bdzeklis. Tie pal\u012bdz sekot l\u012bdzi k\u0101rt\u0101m, rakstu s\u0101kumam un beig\u0101m, k\u0101 ar\u012b vietai, kur s\u0101k\u0101t palielin\u0101t vai samazin\u0101t d\u016brienus. Mar\u0137ieri tiek ievietoti d\u016brien\u0101 un aizv\u0113rti, lai tie neizsl\u012bd\u0113tu. Katr\u0101 iepakojum\u0101 ir 15 d\u016brienu mar\u0137ieri da\u017e\u0101d\u0101s kr\u0101s\u0101s.<\/p>","protected":false},"excerpt":{"rendered":"<p>Opry Stitch d\u016brienu mar\u0137ieri ir \u013coti praktisks ad\u012b\u0161anas un tambor\u0113\u0161anas pal\u012bgl\u012bdzeklis. Tie pal\u012bdz sekot l\u012bdzi k\u0101rt\u0101m, rakstu s\u0101kumam un beig\u0101m, k\u0101 ar\u012b vietai, kur s\u0101k\u0101t palielin\u0101t vai samazin\u0101t d\u016brienus. Mar\u0137ieri tiek ievietoti d\u016brien\u0101 un aizv\u0113rti, lai tie neizsl\u012bd\u0113tu. Katr\u0101 iepakojum\u0101 ir 15 d\u016brienu mar\u0137ieri da\u017e\u0101d\u0101s kr\u0101s\u0101s.<\/p>","protected":false},"featured_media":11933,"comment_status":"open","ping_status":"closed","template":"","meta":[],"product_brand":[],"product_cat":[192,194],"product_tag":[],"giftcard-category":[],"class_list":{"0":"post-11932","1":"product","2":"type-product","3":"status-publish","4":"has-post-thumbnail","6":"product_cat-priedai-mezgimui","7":"product_cat-akiu-zymekliai","9":"first","10":"instock","11":"taxable","12":"shipping-taxable","13":"purchasable","14":"product-type-simple"},"_links":{"self":[{"href":"https:\/\/bitessiulai.lt\/lv\/wp-json\/wp\/v2\/product\/11932","targetHints":{"allow":["GET"]}}],"collection":[{"href":"https:\/\/bitessiulai.lt\/lv\/wp-json\/wp\/v2\/product"}],"about":[{"href":"https:\/\/bitessiulai.lt\/lv\/wp-json\/wp\/v2\/types\/product"}],"replies":[{"embeddable":true,"href":"https:\/\/bitessiulai.lt\/lv\/wp-json\/wp\/v2\/comments?post=11932"}],"version-history":[{"count":1,"href":"https:\/\/bitessiulai.lt\/lv\/wp-json\/wp\/v2\/product\/11932\/revisions"}],"predecessor-version":[{"id":21780,"href":"https:\/\/bitessiulai.lt\/lv\/wp-json\/wp\/v2\/product\/11932\/revisions\/21780"}],"wp:featuredmedia":[{"embeddable":true,"href":"https:\/\/bitessiulai.lt\/lv\/wp-json\/wp\/v2\/media\/11933"}],"wp:attachment":[{"href":"https:\/\/bitessiulai.lt\/lv\/wp-json\/wp\/v2\/media?parent=11932"}],"wp:term":[{"taxonomy":"product_brand","embeddable":true,"href":"https:\/\/bitessiulai.lt\/lv\/wp-json\/wp\/v2\/product_brand?post=11932"},{"taxonomy":"product_cat","embeddable":true,"href":"https:\/\/bitessiulai.lt\/lv\/wp-json\/wp\/v2\/product_cat?post=11932"},{"taxonomy":"product_tag","embeddable":true,"href":"https:\/\/bitessiulai.lt\/lv\/wp-json\/wp\/v2\/product_tag?post=11932"},{"taxonomy":"giftcard-category","embeddable":true,"href":"https:\/\/bitessiulai.lt\/lv\/wp-json\/wp\/v2\/giftcard-category?post=11932"}],"curies":[{"name":"wp","href":"https:\/\/api.w.org\/{rel}","templated":true}]}}