{"id":11198,"date":"2025-04-01T14:45:23","date_gmt":"2025-04-01T11:45:23","guid":{"rendered":"https:\/\/bitessiulai.lt\/?post_type=product&#038;p=11198"},"modified":"2026-04-18T09:45:21","modified_gmt":"2026-04-18T06:45:21","slug":"stenli-gala","status":"publish","type":"product","link":"https:\/\/bitessiulai.lt\/lv\/products\/stenli-gala\/","title":{"rendered":"Stenlija G\u0101la"},"content":{"rendered":"<p data-end=\"267\" data-start=\"69\">M\u0113s j\u016bs aicin\u0101m\u00a0<strong data-end=\"164\" data-start=\"88\">svin\u012bgs spogu\u013ca mirdzuma un burv\u012bgas gaismas sp\u0113les skats, kas ieausts Stenlija gal\u0101 <\/strong>diegi \u2013 maigs kokvilnas piesk\u0101riens, izcelts ar mirdzo\u0161\u0101m p\u0101rsl\u0101m.<\/p>\n<p data-end=\"534\" data-start=\"269\"><strong data-end=\"282\" data-start=\"269\">Stanley Gala dzija<\/strong>\u00a0var lietot atsevi\u0161\u0137i ar\u00a0<strong data-end=\"357\" data-start=\"314\">lielas ad\u0101madatas vai tamboradatas.<\/strong>\u00a0Bet tas labi sader ar\u012b ar l\u012bdz\u012bg\u0101m vai kontrast\u0113jo\u0161\u0101m dzij\u0101m, lai j\u016bsu ad\u012b\u0161anas projektos rad\u012btu kr\u0101su akcentu.\u00a0<strong data-end=\"505\" data-start=\"467\">moderna un izsmalcin\u0101ta tekst\u016bra.<\/strong><\/p>\n<p data-end=\"534\" data-start=\"269\"><img fetchpriority=\"high\" decoding=\"async\" class=\"alignnone size-medium wp-image-11201\" src=\"http:\/\/bitessiulai.lt\/wp-content\/uploads\/2025\/04\/DSC_8793.JPG-20250313110650-736-240x300.jpg\" alt=\"\" width=\"240\" height=\"300\" srcset=\"https:\/\/bitessiulai.lt\/wp-content\/uploads\/2025\/04\/DSC_8793.JPG-20250313110650-736-240x300.jpg 240w, https:\/\/bitessiulai.lt\/wp-content\/uploads\/2025\/04\/DSC_8793.JPG-20250313110650-736-819x1024.jpg 819w, https:\/\/bitessiulai.lt\/wp-content\/uploads\/2025\/04\/DSC_8793.JPG-20250313110650-736-768x960.jpg 768w, https:\/\/bitessiulai.lt\/wp-content\/uploads\/2025\/04\/DSC_8793.JPG-20250313110650-736-10x12.jpg 10w, https:\/\/bitessiulai.lt\/wp-content\/uploads\/2025\/04\/DSC_8793.JPG-20250313110650-736-600x750.jpg 600w, https:\/\/bitessiulai.lt\/wp-content\/uploads\/2025\/04\/DSC_8793.JPG-20250313110650-736-120x150.jpg 120w, https:\/\/bitessiulai.lt\/wp-content\/uploads\/2025\/04\/DSC_8793.JPG-20250313110650-736.jpg 900w\" sizes=\"(max-width: 240px) 100vw, 240px\" \/> <img decoding=\"async\" class=\"alignnone size-medium wp-image-11199\" src=\"http:\/\/bitessiulai.lt\/wp-content\/uploads\/2025\/04\/DSC_8799.JPG-20250313110651-534-300x240.jpg\" alt=\"\" width=\"300\" height=\"240\" srcset=\"https:\/\/bitessiulai.lt\/wp-content\/uploads\/2025\/04\/DSC_8799.JPG-20250313110651-534-300x240.jpg 300w, https:\/\/bitessiulai.lt\/wp-content\/uploads\/2025\/04\/DSC_8799.JPG-20250313110651-534-1024x819.jpg 1024w, https:\/\/bitessiulai.lt\/wp-content\/uploads\/2025\/04\/DSC_8799.JPG-20250313110651-534-768x614.jpg 768w, https:\/\/bitessiulai.lt\/wp-content\/uploads\/2025\/04\/DSC_8799.JPG-20250313110651-534-15x12.jpg 15w, https:\/\/bitessiulai.lt\/wp-content\/uploads\/2025\/04\/DSC_8799.JPG-20250313110651-534-600x480.jpg 600w, https:\/\/bitessiulai.lt\/wp-content\/uploads\/2025\/04\/DSC_8799.JPG-20250313110651-534-150x120.jpg 150w, https:\/\/bitessiulai.lt\/wp-content\/uploads\/2025\/04\/DSC_8799.JPG-20250313110651-534.jpg 1125w\" sizes=\"(max-width: 300px) 100vw, 300px\" \/><\/p>\n<h3 data-end=\"591\" data-start=\"536\"><strong data-end=\"589\" data-start=\"540\">Izmantojiet \u0161o tendenci \u2013 mirdzumi katr\u0101 t\u0113rp\u0101!<\/strong><\/h3>\n<p data-end=\"772\" data-start=\"592\">\u2728\u00a0<strong data-end=\"608\" data-start=\"594\">Vasaras bl\u016bze<\/strong>\u00a0\u2013 2\u20133 \u0161\u0137ipsnas<br data-end=\"624\" data-start=\"621\" \/>\u2728\u00a0<strong data-end=\"641\" data-start=\"626\">T\u012bkla bl\u016bze<\/strong>\u00a0\u2013 6 \u0161\u0137ipsnas<br data-end=\"655\" data-start=\"652\" \/>\u2728\u00a0<strong data-end=\"666\" data-start=\"657\">Kleita<\/strong>\u00a0\u2013 6\u201312 \u0161\u0137ipsnas<br data-end=\"683\" data-start=\"680\" \/>\u2728\u00a0<strong data-end=\"703\" data-is-only-node=\"\" data-start=\"685\">Viegls d\u017eemperis<\/strong>\u00a0\u2013 6\u20138 \u0161\u0137ipsnas<br data-end=\"719\" data-start=\"716\" \/>\u2728\u00a0<strong data-end=\"736\" data-start=\"721\">Piederumi<\/strong>\u00a0\u2013 neierobe\u017eotas rado\u0161\u0101s iesp\u0113jas!<\/p>\n<p data-end=\"925\" data-start=\"774\">Stanley GALA dzija <strong data-end=\"845\" data-start=\"784\">papildina ekskluz\u012bvo Stanley mirdzo\u0161o dzijas kolekciju<\/strong>\u00a0, ieskaitot\u00a0<strong data-end=\"888\" data-start=\"857\">Venera, Burvju zvaigzne un Lukss<\/strong>\u00a0, kas visi ir lepni izgatavoti\u00a0<strong data-end=\"922\" data-start=\"910\">Bulg\u0101rij\u0101<\/strong>\u00a0.<\/p>\n<p data-end=\"1086\" data-start=\"927\">Izmantojot\u00a0<strong data-end=\"945\" data-start=\"932\">GALA dzija<\/strong>\u00a0m\u0113s stiepjamies\u00a0<strong data-end=\"1002\" data-start=\"959\">rado\u0161a roka dizaineriem un amatniekiem<\/strong>\u00a0, aicinot vi\u0146us to iek\u013caut savos m\u0101kslinieciskajos darbos\u00a0<strong data-end=\"1053\" data-start=\"1027\">mirdzums un spo\u017eums.<\/strong><\/p>\n<p data-end=\"1178\" data-start=\"1088\"><strong data-end=\"1176\" data-start=\"1091\">Lai ieg\u016btu lab\u0101kos rezult\u0101tus, iev\u0113rojiet ieteikt\u0101s ad\u012b\u0161anas un lieto\u0161anas vadl\u012bnijas.<\/strong><\/p>\n<p data-end=\"1292\" data-is-last-node=\"\" data-is-only-node=\"\" data-start=\"1180\">\u013baujiet savai izt\u0113lei mirdz\u0113t ar\u00a0<strong data-end=\"1227\" data-start=\"1212\">Stenlijs GALA<\/strong>\u00a0\u2013 kur katrs d\u016briens k\u013c\u016bst par elegances un stila atspulgu!<\/p>\n<p data-end=\"534\" data-start=\"269\">*Ekr\u0101n\u0101 redzam\u0101s kr\u0101sas var nedaudz at\u0161\u0137irties no faktisk\u0101s diegu kr\u0101sas.<\/p>","protected":false},"excerpt":{"rendered":"<p>Sast\u0101vs: 80% kokvilna, 10% poliesters, 10% mirdzumi<\/p>\n<p>(ar svariem)<\/p>\n<p>Svars\/garums: 50 g = aptuveni 110 m.<\/p>\n<p>Ieteicamais adatu izm\u0113rs: 5\u20137 mm.<\/p>\n<p>Ieteicamais \u0101\u0137a izm\u0113rs: 5\u20136 mm.<\/p>","protected":false},"featured_media":13284,"comment_status":"open","ping_status":"closed","template":"","meta":[],"product_brand":[],"product_cat":[173,3292,652,177,178,328,174,175,1641,2318],"product_tag":[],"giftcard-category":[],"class_list":{"0":"post-11198","1":"product","2":"type-product","3":"status-publish","4":"has-post-thumbnail","6":"product_cat-siulai","7":"product_cat-gala","8":"product_cat-medvilne","9":"product_cat-mezgimo-siulai","10":"product_cat-nerimo-siulai","11":"product_cat-poliesteris","12":"product_cat-siulu-gamintojai","13":"product_cat-siulu-pluostai","14":"product_cat-stenli","15":"product_cat-su-blizguciais","17":"first","18":"instock","19":"taxable","20":"shipping-taxable","21":"purchasable","22":"product-type-variable"},"_links":{"self":[{"href":"https:\/\/bitessiulai.lt\/lv\/wp-json\/wp\/v2\/product\/11198","targetHints":{"allow":["GET"]}}],"collection":[{"href":"https:\/\/bitessiulai.lt\/lv\/wp-json\/wp\/v2\/product"}],"about":[{"href":"https:\/\/bitessiulai.lt\/lv\/wp-json\/wp\/v2\/types\/product"}],"replies":[{"embeddable":true,"href":"https:\/\/bitessiulai.lt\/lv\/wp-json\/wp\/v2\/comments?post=11198"}],"version-history":[{"count":0,"href":"https:\/\/bitessiulai.lt\/lv\/wp-json\/wp\/v2\/product\/11198\/revisions"}],"wp:featuredmedia":[{"embeddable":true,"href":"https:\/\/bitessiulai.lt\/lv\/wp-json\/wp\/v2\/media\/13284"}],"wp:attachment":[{"href":"https:\/\/bitessiulai.lt\/lv\/wp-json\/wp\/v2\/media?parent=11198"}],"wp:term":[{"taxonomy":"product_brand","embeddable":true,"href":"https:\/\/bitessiulai.lt\/lv\/wp-json\/wp\/v2\/product_brand?post=11198"},{"taxonomy":"product_cat","embeddable":true,"href":"https:\/\/bitessiulai.lt\/lv\/wp-json\/wp\/v2\/product_cat?post=11198"},{"taxonomy":"product_tag","embeddable":true,"href":"https:\/\/bitessiulai.lt\/lv\/wp-json\/wp\/v2\/product_tag?post=11198"},{"taxonomy":"giftcard-category","embeddable":true,"href":"https:\/\/bitessiulai.lt\/lv\/wp-json\/wp\/v2\/giftcard-category?post=11198"}],"curies":[{"name":"wp","href":"https:\/\/api.w.org\/{rel}","templated":true}]}}