{"id":10988,"date":"2025-04-04T11:31:19","date_gmt":"2025-04-04T08:31:19","guid":{"rendered":"https:\/\/bitessiulai.lt\/?post_type=product&#038;p=10988"},"modified":"2026-05-13T11:07:14","modified_gmt":"2026-05-13T08:07:14","slug":"drops-puna","status":"publish","type":"product","link":"https:\/\/bitessiulai.lt\/lv\/products\/drops-puna\/","title":{"rendered":"Drops Pune"},"content":{"rendered":"<p>DROPS Puna ir m\u012bksta, viegla un silta dzija, kas izgatavota no 100 % superfine alpakas dzij\u0101m, kas ir ide\u0101li piem\u0113rota gandr\u012bz jebkuram ap\u0123\u0113rba gabalam un pat\u012bkami j\u016btas uz \u0101das. Izgatavota no 4 superfine alpakas dzij\u0101m, t\u0101s \u0161\u0137iedras ir neapstr\u0101d\u0101tas, kas noz\u012bm\u0113, ka t\u0101s tiek tikai mazg\u0101tas un netiek \u0137\u012bmiski apstr\u0101d\u0101tas. Tas izce\u013c \u0161\u0137iedras dabisk\u0101s \u012bpa\u0161\u012bbas, k\u0101 ar\u012b pie\u0161\u0137ir tai lab\u0101ku formu un tekst\u016bru.<\/p>\n<p>Pieejama visskaist\u0101kaj\u0101s dabiskaj\u0101s kr\u0101s\u0101s, \u0161\u012b grezn\u0101, bet daudzpus\u012bg\u0101 dzija pieder pie B dzijas grupas, padarot to ide\u0101li piem\u0113rotu gan DROPS Karisma, gan DROPS Merino Extra Fine dzijai. Un neatkar\u012bgi no t\u0101, vai ar to ad\u0101t vai tambor\u0113jat, rezult\u0101ts ir \u0113rts, viegls un br\u012bni\u0161\u0137\u012bgs gan skatam, gan taustei. Turkl\u0101t vienk\u0101r\u0161a mazg\u0101\u0161ana nodro\u0161in\u0101s \u013coti gludas v\u012bles.<\/p>\n<p><img fetchpriority=\"high\" decoding=\"async\" class=\"alignnone size-medium wp-image-10993\" src=\"http:\/\/bitessiulai.lt\/wp-content\/uploads\/2025\/03\/32-2-1-194x300.jpg\" alt=\"\" width=\"194\" height=\"300\" srcset=\"https:\/\/bitessiulai.lt\/wp-content\/uploads\/2025\/03\/32-2-1-194x300.jpg 194w, https:\/\/bitessiulai.lt\/wp-content\/uploads\/2025\/03\/32-2-1-8x12.jpg 8w, https:\/\/bitessiulai.lt\/wp-content\/uploads\/2025\/03\/32-2-1-97x150.jpg 97w, https:\/\/bitessiulai.lt\/wp-content\/uploads\/2025\/03\/32-2-1.jpg 458w\" sizes=\"(max-width: 194px) 100vw, 194px\" \/> <img decoding=\"async\" class=\"alignnone size-medium wp-image-10994\" src=\"http:\/\/bitessiulai.lt\/wp-content\/uploads\/2025\/03\/3-2-1-194x300.jpg\" alt=\"\" width=\"194\" height=\"300\" srcset=\"https:\/\/bitessiulai.lt\/wp-content\/uploads\/2025\/03\/3-2-1-194x300.jpg 194w, https:\/\/bitessiulai.lt\/wp-content\/uploads\/2025\/03\/3-2-1-8x12.jpg 8w, https:\/\/bitessiulai.lt\/wp-content\/uploads\/2025\/03\/3-2-1-97x150.jpg 97w, https:\/\/bitessiulai.lt\/wp-content\/uploads\/2025\/03\/3-2-1.jpg 458w\" sizes=\"(max-width: 194px) 100vw, 194px\" \/><\/p>\n<div class=\"embed-responsive embed-responsive-16by9\"><iframe title=\"DROPS Puna - T\u012brs alpakas maigums\" width=\"540\" height=\"960\" src=\"https:\/\/www.youtube.com\/embed\/c2hsfls9cMA?feature=oembed\" frameborder=\"0\" allow=\"accelerometer; autoplay; clipboard-write; encrypted-media; gyroscope; picture-in-picture; web-share\" referrerpolicy=\"strict-origin-when-cross-origin\" allowfullscreen><\/iframe><\/div>\n<p>*Ekr\u0101n\u0101 redzam\u0101s kr\u0101sas var nedaudz at\u0161\u0137irties no faktisk\u0101s diegu kr\u0101sas.<\/p>","protected":false},"excerpt":{"rendered":"<p>Sast\u0101vs: 100% alpaka<\/p>\n<p>Svars\/garums: 50 g = aptuveni 110 m.<\/p>\n<p>Ieteicamais adatu izm\u0113rs: 4 mm.<\/p>","protected":false},"featured_media":10990,"comment_status":"open","ping_status":"closed","template":"","meta":[],"product_brand":[],"product_cat":[15,327,256,217,177,3167,173,174,175],"product_tag":[],"giftcard-category":[],"class_list":{"0":"post-10988","1":"product","2":"type-product","3":"status-publish","4":"has-post-thumbnail","6":"product_cat-be-kategorijos","7":"product_cat-alpaka","8":"product_cat-drops","9":"product_cat-isparduotuve","10":"product_cat-mezgimo-siulai","11":"product_cat-puna","12":"product_cat-siulai","13":"product_cat-siulu-gamintojai","14":"product_cat-siulu-pluostai","16":"first","17":"instock","18":"sale","19":"taxable","20":"shipping-taxable","21":"purchasable","22":"product-type-variable"},"_links":{"self":[{"href":"https:\/\/bitessiulai.lt\/lv\/wp-json\/wp\/v2\/product\/10988","targetHints":{"allow":["GET"]}}],"collection":[{"href":"https:\/\/bitessiulai.lt\/lv\/wp-json\/wp\/v2\/product"}],"about":[{"href":"https:\/\/bitessiulai.lt\/lv\/wp-json\/wp\/v2\/types\/product"}],"replies":[{"embeddable":true,"href":"https:\/\/bitessiulai.lt\/lv\/wp-json\/wp\/v2\/comments?post=10988"}],"version-history":[{"count":1,"href":"https:\/\/bitessiulai.lt\/lv\/wp-json\/wp\/v2\/product\/10988\/revisions"}],"predecessor-version":[{"id":20681,"href":"https:\/\/bitessiulai.lt\/lv\/wp-json\/wp\/v2\/product\/10988\/revisions\/20681"}],"wp:featuredmedia":[{"embeddable":true,"href":"https:\/\/bitessiulai.lt\/lv\/wp-json\/wp\/v2\/media\/10990"}],"wp:attachment":[{"href":"https:\/\/bitessiulai.lt\/lv\/wp-json\/wp\/v2\/media?parent=10988"}],"wp:term":[{"taxonomy":"product_brand","embeddable":true,"href":"https:\/\/bitessiulai.lt\/lv\/wp-json\/wp\/v2\/product_brand?post=10988"},{"taxonomy":"product_cat","embeddable":true,"href":"https:\/\/bitessiulai.lt\/lv\/wp-json\/wp\/v2\/product_cat?post=10988"},{"taxonomy":"product_tag","embeddable":true,"href":"https:\/\/bitessiulai.lt\/lv\/wp-json\/wp\/v2\/product_tag?post=10988"},{"taxonomy":"giftcard-category","embeddable":true,"href":"https:\/\/bitessiulai.lt\/lv\/wp-json\/wp\/v2\/giftcard-category?post=10988"}],"curies":[{"name":"wp","href":"https:\/\/api.w.org\/{rel}","templated":true}]}}