{"id":10815,"date":"2025-04-04T11:36:30","date_gmt":"2025-04-04T08:36:30","guid":{"rendered":"https:\/\/bitessiulai.lt\/?post_type=product&#038;p=10815"},"modified":"2026-04-10T22:44:40","modified_gmt":"2026-04-10T19:44:40","slug":"drops-andes","status":"publish","type":"product","link":"https:\/\/bitessiulai.lt\/lv\/products\/drops-andes\/","title":{"rendered":"Andu pilieni"},"content":{"rendered":"<p>DROPS Andes ir v\u0113rpts no 2 pavedieniem tradicion\u0101l\u0101 65% vilnas un 35% \u012bpa\u0161i smalkas alpakas vilnas kombin\u0101cij\u0101, pie\u0161\u0137irot dzijai z\u012bdainu virsmu (no alpakas \u0161\u0137iedras) un labu formas stabilit\u0101ti (no vilnas). T\u0101s dabisk\u0101s \u0161\u0137iedras ir neapstr\u0101d\u0101tas, kas noz\u012bm\u0113, ka pirms kr\u0101so\u0161anas t\u0101s tiek tikai mazg\u0101tas un netiek \u0137\u012bmiski apstr\u0101d\u0101tas. Tas izce\u013c \u0161\u0137iedras dabisk\u0101s \u012bpa\u0161\u012bbas, k\u0101 ar\u012b pie\u0161\u0137ir tai lab\u0101ku formu un tekst\u016bru.<\/p>\n<p>DROPS Andes ir \u013coti viegli lietojams ar biez\u0101m adat\u0101m un \u0101\u0137iem, ide\u0101li piem\u0113rots filc\u0113\u0161anai, un tas ir lieliski piem\u0113rots ziemas ap\u0123\u0113rbam, aksesu\u0101riem un interjera piegrieztn\u0113m.<\/p>\n<p><img fetchpriority=\"high\" decoding=\"async\" class=\"alignnone size-medium wp-image-10818\" src=\"http:\/\/bitessiulai.lt\/wp-content\/uploads\/2025\/03\/1639-2-194x300.jpg\" alt=\"\" width=\"194\" height=\"300\" srcset=\"https:\/\/bitessiulai.lt\/wp-content\/uploads\/2025\/03\/1639-2-194x300.jpg 194w, https:\/\/bitessiulai.lt\/wp-content\/uploads\/2025\/03\/1639-2-8x12.jpg 8w, https:\/\/bitessiulai.lt\/wp-content\/uploads\/2025\/03\/1639-2-97x150.jpg 97w, https:\/\/bitessiulai.lt\/wp-content\/uploads\/2025\/03\/1639-2.jpg 458w\" sizes=\"(max-width: 194px) 100vw, 194px\" \/> <img decoding=\"async\" class=\"alignnone size-medium wp-image-10819\" src=\"http:\/\/bitessiulai.lt\/wp-content\/uploads\/2025\/03\/30-2-194x300.jpg\" alt=\"\" width=\"194\" height=\"300\" srcset=\"https:\/\/bitessiulai.lt\/wp-content\/uploads\/2025\/03\/30-2-194x300.jpg 194w, https:\/\/bitessiulai.lt\/wp-content\/uploads\/2025\/03\/30-2-8x12.jpg 8w, https:\/\/bitessiulai.lt\/wp-content\/uploads\/2025\/03\/30-2-97x150.jpg 97w, https:\/\/bitessiulai.lt\/wp-content\/uploads\/2025\/03\/30-2.jpg 458w\" sizes=\"(max-width: 194px) 100vw, 194px\" \/><\/p>\n<div class=\"embed-responsive embed-responsive-16by9\"><iframe title=\"DROPS Andes - M\u012bksts un biezs alpakas un vilnas mais\u012bjums\" width=\"540\" height=\"960\" src=\"https:\/\/www.youtube.com\/embed\/K5aI1wW8YCU?feature=oembed\" frameborder=\"0\" allow=\"accelerometer; autoplay; clipboard-write; encrypted-media; gyroscope; picture-in-picture; web-share\" referrerpolicy=\"strict-origin-when-cross-origin\" allowfullscreen><\/iframe><\/div>\n<p>*Ekr\u0101n\u0101 redzam\u0101s kr\u0101sas var nedaudz at\u0161\u0137irties no faktisk\u0101s diegu kr\u0101sas.<\/p>","protected":false},"excerpt":{"rendered":"<p>Sast\u0101vs: 65% vilna, 35% alpaka<\/p>\n<p>Svars\/garums: 100 g = aptuveni 180 m.<\/p>\n<p>Ieteicamais adatu izm\u0113rs: 7\u20138 mm.<\/p>","protected":false},"featured_media":10846,"comment_status":"open","ping_status":"closed","template":"","meta":[],"product_brand":[],"product_cat":[15,327,3166,256,217,177,173,174,175,410],"product_tag":[],"giftcard-category":[],"class_list":{"0":"post-10815","1":"product","2":"type-product","3":"status-publish","4":"has-post-thumbnail","6":"product_cat-be-kategorijos","7":"product_cat-alpaka","8":"product_cat-andes","9":"product_cat-drops","10":"product_cat-isparduotuve","11":"product_cat-mezgimo-siulai","12":"product_cat-siulai","13":"product_cat-siulu-gamintojai","14":"product_cat-siulu-pluostai","15":"product_cat-vilna","17":"first","18":"instock","19":"sale","20":"taxable","21":"shipping-taxable","22":"purchasable","23":"product-type-variable"},"_links":{"self":[{"href":"https:\/\/bitessiulai.lt\/lv\/wp-json\/wp\/v2\/product\/10815","targetHints":{"allow":["GET"]}}],"collection":[{"href":"https:\/\/bitessiulai.lt\/lv\/wp-json\/wp\/v2\/product"}],"about":[{"href":"https:\/\/bitessiulai.lt\/lv\/wp-json\/wp\/v2\/types\/product"}],"replies":[{"embeddable":true,"href":"https:\/\/bitessiulai.lt\/lv\/wp-json\/wp\/v2\/comments?post=10815"}],"version-history":[{"count":2,"href":"https:\/\/bitessiulai.lt\/lv\/wp-json\/wp\/v2\/product\/10815\/revisions"}],"predecessor-version":[{"id":23450,"href":"https:\/\/bitessiulai.lt\/lv\/wp-json\/wp\/v2\/product\/10815\/revisions\/23450"}],"wp:featuredmedia":[{"embeddable":true,"href":"https:\/\/bitessiulai.lt\/lv\/wp-json\/wp\/v2\/media\/10846"}],"wp:attachment":[{"href":"https:\/\/bitessiulai.lt\/lv\/wp-json\/wp\/v2\/media?parent=10815"}],"wp:term":[{"taxonomy":"product_brand","embeddable":true,"href":"https:\/\/bitessiulai.lt\/lv\/wp-json\/wp\/v2\/product_brand?post=10815"},{"taxonomy":"product_cat","embeddable":true,"href":"https:\/\/bitessiulai.lt\/lv\/wp-json\/wp\/v2\/product_cat?post=10815"},{"taxonomy":"product_tag","embeddable":true,"href":"https:\/\/bitessiulai.lt\/lv\/wp-json\/wp\/v2\/product_tag?post=10815"},{"taxonomy":"giftcard-category","embeddable":true,"href":"https:\/\/bitessiulai.lt\/lv\/wp-json\/wp\/v2\/giftcard-category?post=10815"}],"curies":[{"name":"wp","href":"https:\/\/api.w.org\/{rel}","templated":true}]}}