{"id":10709,"date":"2025-03-26T11:41:47","date_gmt":"2025-03-26T09:41:47","guid":{"rendered":"https:\/\/bitessiulai.lt\/?post_type=product&#038;p=10709"},"modified":"2025-09-12T11:50:02","modified_gmt":"2025-09-12T08:50:02","slug":"lanoso-ir-yarnart-rinkinukas-11","status":"publish","type":"product","link":"https:\/\/bitessiulai.lt\/lv\/products\/lanoso-ir-yarnart-rinkinukas-11\/","title":{"rendered":"Lanoso un YarnArt komplekts"},"content":{"rendered":"<h6><strong>Lanoso un YarnArt komplekts:<\/strong><\/h6>\n<ul>\n<li>Lanos Single 2gab.<\/li>\n<li>YarnArt Symphony Dream 4gab.<\/li>\n<\/ul>\n<p><strong>Lanos Single<\/strong><\/p>\n<p><img fetchpriority=\"high\" decoding=\"async\" class=\"alignnone size-medium wp-image-10770\" src=\"http:\/\/bitessiulai.lt\/wp-content\/uploads\/2025\/03\/285db846-8a01-41e3-9e9b-c69ea4309c4c-600x561-1-1-300x281.jpg\" alt=\"\" width=\"300\" height=\"281\" srcset=\"https:\/\/bitessiulai.lt\/wp-content\/uploads\/2025\/03\/285db846-8a01-41e3-9e9b-c69ea4309c4c-600x561-1-1-300x281.jpg 300w, https:\/\/bitessiulai.lt\/wp-content\/uploads\/2025\/03\/285db846-8a01-41e3-9e9b-c69ea4309c4c-600x561-1-1-13x12.jpg 13w, https:\/\/bitessiulai.lt\/wp-content\/uploads\/2025\/03\/285db846-8a01-41e3-9e9b-c69ea4309c4c-600x561-1-1-150x140.jpg 150w, https:\/\/bitessiulai.lt\/wp-content\/uploads\/2025\/03\/285db846-8a01-41e3-9e9b-c69ea4309c4c-600x561-1-1.jpg 600w\" sizes=\"(max-width: 300px) 100vw, 300px\" \/><\/p>\n<p>&nbsp;<\/p>\n<p>(Kr\u0101sa: 953)<\/p>\n<ul>\n<li dir=\"auto\"><strong>Sast\u0101vs:<\/strong> 90% poliam\u012bds, 10% poliesters<\/li>\n<li dir=\"auto\"><strong>Svars\/garums:<\/strong> 100 gadi = aptuveni 70 gadi.<\/li>\n<li dir=\"auto\"><strong>Ieteicamais ad\u0101madatas izm\u0113rs:<\/strong> 5\u20136 mm.<\/li>\n<li dir=\"auto\"><strong>Ieteicamais v\u0101zes izm\u0113rs:<\/strong> 5\u20136 mm.<\/li>\n<\/ul>\n<p>&nbsp;<\/p>\n<p><span class=\"html-span xexx8yu x4uap5 x18d9i69 xkhd6sd x1hl2dhg x16tdsg8 x1vvkbs x3nfvp2 x1j61x8r x1fcty0u xdj266r xat24cr xgzva0m xhhsvwb xxymvpz xlup9mm x1kky2od\"><img decoding=\"async\" class=\"xz74otr\" src=\"https:\/\/static.xx.fbcdn.net\/images\/emoji.php\/v9\/t2d\/1\/16\/1f4cd.png\" alt=\"\ud83d\udccd\" width=\"16\" height=\"16\" \/><\/span> <strong>Cena \u20ac3,70<\/strong><\/p>\n<p><strong>YarnArt simfoniskais sapnis<\/strong><\/p>\n<p><img decoding=\"async\" class=\"alignnone size-medium wp-image-10712\" src=\"http:\/\/bitessiulai.lt\/wp-content\/uploads\/2025\/03\/YARNART_SYMPHONY_DREAM_3112_DETAY-600x600-1-300x300.jpg\" alt=\"\" width=\"300\" height=\"300\" srcset=\"https:\/\/bitessiulai.lt\/wp-content\/uploads\/2025\/03\/YARNART_SYMPHONY_DREAM_3112_DETAY-600x600-1-300x300.jpg 300w, https:\/\/bitessiulai.lt\/wp-content\/uploads\/2025\/03\/YARNART_SYMPHONY_DREAM_3112_DETAY-600x600-1-150x150.jpg 150w, https:\/\/bitessiulai.lt\/wp-content\/uploads\/2025\/03\/YARNART_SYMPHONY_DREAM_3112_DETAY-600x600-1-12x12.jpg 12w, https:\/\/bitessiulai.lt\/wp-content\/uploads\/2025\/03\/YARNART_SYMPHONY_DREAM_3112_DETAY-600x600-1-96x96.jpg 96w, https:\/\/bitessiulai.lt\/wp-content\/uploads\/2025\/03\/YARNART_SYMPHONY_DREAM_3112_DETAY-600x600-1.jpg 600w\" sizes=\"(max-width: 300px) 100vw, 300px\" \/><\/p>\n<p>(Kr\u0101sa: 3112)<\/p>\n<ul>\n<li dir=\"auto\"><strong>Sast\u0101vs:<\/strong> 80% kokvilna, 20% viskoze<\/li>\n<li dir=\"auto\"><strong>Svars\/garums:<\/strong> 150 gadi = aptuveni 245 gadi.<\/li>\n<li dir=\"auto\"><strong>Ieteicamais ad\u0101madatas izm\u0113rs:<\/strong> 4 mm.<\/li>\n<li dir=\"auto\"><strong>Ieteicamais v\u0101zes izm\u0113rs:<\/strong> 4 mm.<\/li>\n<\/ul>\n<p>&nbsp;<\/p>\n<p><span class=\"html-span xexx8yu x4uap5 x18d9i69 xkhd6sd x1hl2dhg x16tdsg8 x1vvkbs x3nfvp2 x1j61x8r x1fcty0u xdj266r xat24cr xgzva0m xhhsvwb xxymvpz xlup9mm x1kky2od\"><img decoding=\"async\" class=\"xz74otr\" src=\"https:\/\/static.xx.fbcdn.net\/images\/emoji.php\/v9\/t2d\/1\/16\/1f4cd.png\" alt=\"\ud83d\udccd\" width=\"16\" height=\"16\" \/><\/span> <strong>Cena \u20ac3,20<\/strong><\/p>\n<p><span class=\"html-span xexx8yu x4uap5 x18d9i69 xkhd6sd x1hl2dhg x16tdsg8 x1vvkbs x3nfvp2 x1j61x8r x1fcty0u xdj266r xat24cr xgzva0m xhhsvwb xxymvpz xlup9mm x1kky2od\"><img decoding=\"async\" class=\"xz74otr\" src=\"https:\/\/static.xx.fbcdn.net\/images\/emoji.php\/v9\/t2d\/1\/16\/1f4cd.png\" alt=\"\ud83d\udccd\" width=\"16\" height=\"16\" \/>Ja Lanoso un YarnArt komplekts nav pieejams vai nepiecie\u0161ams liel\u0101ks daudzums, l\u016bdzu, sazinieties ar mums. <img decoding=\"async\" class=\"xz74otr\" src=\"https:\/\/static.xx.fbcdn.net\/images\/emoji.php\/v9\/t2d\/1\/16\/1f4cd.png\" alt=\"\ud83d\udccd\" width=\"16\" height=\"16\" \/><\/span><\/p>\n<div class=\"item\">\n<ul>\n<li class=\"text\">+370 672 44443<\/li>\n<\/ul>\n<\/div>\n<div class=\"item\">\n<ul>\n<li class=\"text\">info@bitessiulai.lt<\/li>\n<\/ul>\n<\/div>\n<p>&nbsp;<\/p>\n<p>*Ekr\u0101n\u0101 redzam\u0101s kr\u0101sas var nedaudz at\u0161\u0137irties no faktisk\u0101s diegu kr\u0101sas.<\/p>","protected":false},"excerpt":{"rendered":"<p>Lanoso ir YarnArt rinkinukas: Lanoso Single 2vnt. YarnArt Symphony Dream 4vnt. Lanoso Single &nbsp; (Spalva: 953) Sud\u0117tis: 90% poliamidas, 10% poliesteris Svoris\/ilgis: 100 g.= ma\u017edaug 70 m. Rekomenduojamas virbal\u0173 dydis: 5 \u2013 6\u00a0 mm. Rekomenduojamas va\u0161elio dydis: 5 \u2013 6\u00a0 mm. &nbsp; Kaina 3,70\u20ac YarnArt Symphony Dream (Spalva: 3112) Sud\u0117tis: 80% medviln\u0117, 20% viskoz\u0117 Svoris\/ilgis: 150 g.= ma\u017edaug 245m. Rekomenduojamas virbal\u0173 dydis: 4\u00a0 mm. Rekomenduojamas va\u0161elio dydis: 4\u00a0 mm. &nbsp; Kaina 3,20\u20ac Jeigu prekyboje Lanoso ir YarnArt rinkinys yra neprieinamas n\u0117ra arba reikalingas didesnis kiekis, susiekite su Mumis +370 672 44443 info@bitessiulai.lt &nbsp; *Ekrane matomos spalvos gali \u0161iek tiek skirtis nuo tikrosios si\u016bl\u0173 spalvos.<\/p>","protected":false},"featured_media":10773,"comment_status":"open","ping_status":"closed","template":"","meta":[],"product_brand":[],"product_cat":[176,3561],"product_tag":[],"giftcard-category":[],"class_list":{"0":"post-10709","1":"product","2":"type-product","3":"status-publish","4":"has-post-thumbnail","6":"product_cat-siulu-rinkinukai","7":"product_cat-rinkinukai-su-yarnart-symphony-dream","9":"first","10":"outofstock","11":"taxable","12":"shipping-taxable","13":"purchasable","14":"product-type-simple"},"_links":{"self":[{"href":"https:\/\/bitessiulai.lt\/lv\/wp-json\/wp\/v2\/product\/10709","targetHints":{"allow":["GET"]}}],"collection":[{"href":"https:\/\/bitessiulai.lt\/lv\/wp-json\/wp\/v2\/product"}],"about":[{"href":"https:\/\/bitessiulai.lt\/lv\/wp-json\/wp\/v2\/types\/product"}],"replies":[{"embeddable":true,"href":"https:\/\/bitessiulai.lt\/lv\/wp-json\/wp\/v2\/comments?post=10709"}],"version-history":[{"count":0,"href":"https:\/\/bitessiulai.lt\/lv\/wp-json\/wp\/v2\/product\/10709\/revisions"}],"wp:featuredmedia":[{"embeddable":true,"href":"https:\/\/bitessiulai.lt\/lv\/wp-json\/wp\/v2\/media\/10773"}],"wp:attachment":[{"href":"https:\/\/bitessiulai.lt\/lv\/wp-json\/wp\/v2\/media?parent=10709"}],"wp:term":[{"taxonomy":"product_brand","embeddable":true,"href":"https:\/\/bitessiulai.lt\/lv\/wp-json\/wp\/v2\/product_brand?post=10709"},{"taxonomy":"product_cat","embeddable":true,"href":"https:\/\/bitessiulai.lt\/lv\/wp-json\/wp\/v2\/product_cat?post=10709"},{"taxonomy":"product_tag","embeddable":true,"href":"https:\/\/bitessiulai.lt\/lv\/wp-json\/wp\/v2\/product_tag?post=10709"},{"taxonomy":"giftcard-category","embeddable":true,"href":"https:\/\/bitessiulai.lt\/lv\/wp-json\/wp\/v2\/giftcard-category?post=10709"}],"curies":[{"name":"wp","href":"https:\/\/api.w.org\/{rel}","templated":true}]}}