{"id":10665,"date":"2025-03-25T14:53:11","date_gmt":"2025-03-25T12:53:11","guid":{"rendered":"https:\/\/bitessiulai.lt\/?post_type=product&#038;p=10665"},"modified":"2025-09-12T14:48:43","modified_gmt":"2025-09-12T11:48:43","slug":"gazzal-yarnart-ir-stenli-rinkinukas-2","status":"publish","type":"product","link":"https:\/\/bitessiulai.lt\/lv\/products\/gazzal-yarnart-ir-stenli-rinkinukas-2\/","title":{"rendered":"Gazzal YarnArt un Stanley komplekts"},"content":{"rendered":"<h6>Gazzal YarnArt un Stanley komplekts:<\/h6>\n<ul>\n<li>Gazzal Super Kid Moh\u0113ra 4 gab.<\/li>\n<li>YarnArt Symphony 8 gab.<\/li>\n<li>Stanley Lux 1 gab.<\/li>\n<\/ul>\n<p><strong>Gazzal Super Kid moh\u0113ra<\/strong><\/p>\n<p><img fetchpriority=\"high\" decoding=\"async\" class=\"alignnone size-medium wp-image-10667\" src=\"http:\/\/bitessiulai.lt\/wp-content\/uploads\/2025\/03\/super-kid-mohair-64415-888-10-B-600x600-1-300x300.jpg\" alt=\"\" width=\"300\" height=\"300\" srcset=\"https:\/\/bitessiulai.lt\/wp-content\/uploads\/2025\/03\/super-kid-mohair-64415-888-10-B-600x600-1-300x300.jpg 300w, https:\/\/bitessiulai.lt\/wp-content\/uploads\/2025\/03\/super-kid-mohair-64415-888-10-B-600x600-1-150x150.jpg 150w, https:\/\/bitessiulai.lt\/wp-content\/uploads\/2025\/03\/super-kid-mohair-64415-888-10-B-600x600-1-12x12.jpg 12w, https:\/\/bitessiulai.lt\/wp-content\/uploads\/2025\/03\/super-kid-mohair-64415-888-10-B-600x600-1-96x96.jpg 96w, https:\/\/bitessiulai.lt\/wp-content\/uploads\/2025\/03\/super-kid-mohair-64415-888-10-B-600x600-1.jpg 600w\" sizes=\"(max-width: 300px) 100vw, 300px\" \/><\/p>\n<p>(Kr\u0101sa: 64415)<\/p>\n<ul>\n<li dir=\"auto\"><strong>Sast\u0101vs:<\/strong> 47% superkid moh\u0113ra, 31% merino vilna, 22% poliam\u012bds<\/li>\n<li dir=\"auto\"><strong>Svars\/garums:<\/strong> 25 gadi = aptuveni 237 gadi.<\/li>\n<li dir=\"auto\"><strong>Ieteicamais ad\u0101madatas izm\u0113rs:<\/strong> \u00a03 mm.<\/li>\n<li dir=\"auto\"><strong>Ieteicamais v\u0101zes izm\u0113rs:<\/strong> 2,5\u20133 mm.<\/li>\n<\/ul>\n<p>&nbsp;<\/p>\n<p><span class=\"html-span xexx8yu x4uap5 x18d9i69 xkhd6sd x1hl2dhg x16tdsg8 x1vvkbs x3nfvp2 x1j61x8r x1fcty0u xdj266r xat24cr xgzva0m xhhsvwb xxymvpz xlup9mm x1kky2od\"><img decoding=\"async\" class=\"xz74otr\" src=\"https:\/\/static.xx.fbcdn.net\/images\/emoji.php\/v9\/t2d\/1\/16\/1f4cd.png\" alt=\"\ud83d\udccd\" width=\"16\" height=\"16\" \/><\/span> <strong>Cena 2,99\u00a0\u20ac<\/strong><\/p>\n<p><strong>YarnArt simfonija<\/strong><\/p>\n<p><img decoding=\"async\" class=\"alignnone size-medium wp-image-10668\" src=\"http:\/\/bitessiulai.lt\/wp-content\/uploads\/2025\/03\/YARNART_SYMPHONY_2114-600x600-1-300x300.jpg\" alt=\"\" width=\"300\" height=\"300\" srcset=\"https:\/\/bitessiulai.lt\/wp-content\/uploads\/2025\/03\/YARNART_SYMPHONY_2114-600x600-1-300x300.jpg 300w, https:\/\/bitessiulai.lt\/wp-content\/uploads\/2025\/03\/YARNART_SYMPHONY_2114-600x600-1-150x150.jpg 150w, https:\/\/bitessiulai.lt\/wp-content\/uploads\/2025\/03\/YARNART_SYMPHONY_2114-600x600-1-12x12.jpg 12w, https:\/\/bitessiulai.lt\/wp-content\/uploads\/2025\/03\/YARNART_SYMPHONY_2114-600x600-1-96x96.jpg 96w, https:\/\/bitessiulai.lt\/wp-content\/uploads\/2025\/03\/YARNART_SYMPHONY_2114-600x600-1.jpg 600w\" sizes=\"(max-width: 300px) 100vw, 300px\" \/><\/p>\n<p>(Kr\u0101sa: 2114)<\/p>\n<ul>\n<li dir=\"auto\"><strong>Sast\u0101vs:<\/strong> 20% viskoze, 80% kokvilna<\/li>\n<li dir=\"auto\"><strong>Svars\/garums:<\/strong> 50 gadi = aptuveni 125 gadi.<\/li>\n<li dir=\"auto\"><strong>Ieteicamais ad\u0101madatas izm\u0113rs:<\/strong> \u00a04 mm.<\/li>\n<li dir=\"auto\"><strong>Ieteicamais v\u0101zes izm\u0113rs:<\/strong> 4 mm.<\/li>\n<\/ul>\n<p>&nbsp;<\/p>\n<p><span class=\"html-span xexx8yu x4uap5 x18d9i69 xkhd6sd x1hl2dhg x16tdsg8 x1vvkbs x3nfvp2 x1j61x8r x1fcty0u xdj266r xat24cr xgzva0m xhhsvwb xxymvpz xlup9mm x1kky2od\"><img decoding=\"async\" class=\"xz74otr\" src=\"https:\/\/static.xx.fbcdn.net\/images\/emoji.php\/v9\/t2d\/1\/16\/1f4cd.png\" alt=\"\ud83d\udccd\" width=\"16\" height=\"16\" \/><\/span> <strong>Cena 1,60\u00a0\u20ac<\/strong><\/p>\n<p><strong>Stenlijs Lukss<\/strong><\/p>\n<p><img loading=\"lazy\" decoding=\"async\" class=\"alignnone size-medium wp-image-10669\" src=\"http:\/\/bitessiulai.lt\/wp-content\/uploads\/2025\/03\/3737_17257-500x500-1-1-300x300.jpg\" alt=\"\" width=\"300\" height=\"300\" srcset=\"https:\/\/bitessiulai.lt\/wp-content\/uploads\/2025\/03\/3737_17257-500x500-1-1-300x300.jpg 300w, https:\/\/bitessiulai.lt\/wp-content\/uploads\/2025\/03\/3737_17257-500x500-1-1-150x150.jpg 150w, https:\/\/bitessiulai.lt\/wp-content\/uploads\/2025\/03\/3737_17257-500x500-1-1-12x12.jpg 12w, https:\/\/bitessiulai.lt\/wp-content\/uploads\/2025\/03\/3737_17257-500x500-1-1-96x96.jpg 96w, https:\/\/bitessiulai.lt\/wp-content\/uploads\/2025\/03\/3737_17257-500x500-1-1.jpg 500w\" sizes=\"(max-width: 300px) 100vw, 300px\" \/><\/p>\n<p>(Kr\u0101sa: 101)<\/p>\n<ul>\n<li dir=\"auto\"><strong>Sast\u0101vs: <\/strong>80% lurekss, 10% poliesters, 10% fliteri<\/li>\n<li dir=\"auto\"><strong>Svars\/garums:<\/strong> 25 gadi = aptuveni 113 gadi.<\/li>\n<li dir=\"auto\"><strong>Ieteicamais ad\u0101madatas izm\u0113rs:<\/strong> 5\u20136 mm.<\/li>\n<li dir=\"auto\"><strong>Ieteicamais v\u0101zes izm\u0113rs:<\/strong> 4\u20135 mm.<\/li>\n<\/ul>\n<p>&nbsp;<\/p>\n<p><span class=\"html-span xexx8yu x4uap5 x18d9i69 xkhd6sd x1hl2dhg x16tdsg8 x1vvkbs x3nfvp2 x1j61x8r x1fcty0u xdj266r xat24cr xgzva0m xhhsvwb xxymvpz xlup9mm x1kky2od\"><img decoding=\"async\" class=\"xz74otr\" src=\"https:\/\/static.xx.fbcdn.net\/images\/emoji.php\/v9\/t2d\/1\/16\/1f4cd.png\" alt=\"\ud83d\udccd\" width=\"16\" height=\"16\" \/><\/span> <strong>Cena \u20ac2,89<\/strong><\/p>\n<p><span class=\"html-span xexx8yu x4uap5 x18d9i69 xkhd6sd x1hl2dhg x16tdsg8 x1vvkbs x3nfvp2 x1j61x8r x1fcty0u xdj266r xat24cr xgzva0m xhhsvwb xxymvpz xlup9mm x1kky2od\"><img decoding=\"async\" class=\"xz74otr\" src=\"https:\/\/static.xx.fbcdn.net\/images\/emoji.php\/v9\/t2d\/1\/16\/1f4cd.png\" alt=\"\ud83d\udccd\" width=\"16\" height=\"16\" \/>Ja Gazzal, YarnArt un Stanley komplekti nav pieejami vai nepiecie\u0161ams liel\u0101ks daudzums, l\u016bdzu, sazinieties ar mums. <img decoding=\"async\" class=\"xz74otr\" src=\"https:\/\/static.xx.fbcdn.net\/images\/emoji.php\/v9\/t2d\/1\/16\/1f4cd.png\" alt=\"\ud83d\udccd\" width=\"16\" height=\"16\" \/><\/span><\/p>\n<div class=\"item\">\n<ul>\n<li class=\"text\">+370 672 44443<\/li>\n<\/ul>\n<\/div>\n<div class=\"item\">\n<ul>\n<li class=\"text\">info@bitessiulai.lt<\/li>\n<\/ul>\n<\/div>\n<p>&nbsp;<\/p>\n<p>*Ekr\u0101n\u0101 redzam\u0101s kr\u0101sas var nedaudz at\u0161\u0137irties no faktisk\u0101s diegu kr\u0101sas.<\/p>","protected":false},"excerpt":{"rendered":"<p>Gazzal YarnArt ir Stenli rinkinukas: Gazzal Super Kid Mohair 4vnt. YarnArt Symphony 8vnt. Stenli Lux 1vnt. Gazzal Super Kid Mohair (Spalva: 64415) Sud\u0117tis: 47% super kid mohera, 31% merino vilna, 22% poliamidas Svoris\/ilgis: 25 g.= ma\u017edaug 237 m. Rekomenduojamas virbal\u0173 dydis: \u00a03 mm. Rekomenduojamas va\u0161elio dydis: 2,5 \u2013 3 mm. &nbsp; Kaina 2,99\u20ac YarnArt Symphony (Spalva: 2114) Sud\u0117tis: 20% viskoz\u0117, 80% medviln\u0117 Svoris\/ilgis: 50 g.= ma\u017edaug 125m. Rekomenduojamas virbal\u0173 dydis: \u00a04 mm. Rekomenduojamas va\u0161elio dydis: 4 mm. &nbsp; Kaina 1,60\u20ac Stenli Lux (Spalva: 101) Sud\u0117tis: 80% liureksas, 10% poliesteris, 10% blizgu\u010diai Svoris\/ilgis: 25 g.= ma\u017edaug 113 m. Rekomenduojamas virbal\u0173 dydis: 5 \u2013 6\u00a0 mm. Rekomenduojamas va\u0161elio dydis: 4 \u2013 5 mm. &nbsp; Kaina 2,89\u20ac Jeigu prekyboje Gazzal, YarnArt ir Stenli rinkinys yra neprieinamas n\u0117ra arba reikalingas didesnis kiekis, susiekite su Mumis +370 672 44443 info@bitessiulai.lt &nbsp; *Ekrane matomos spalvos gali \u0161iek tiek skirtis nuo tikrosios si\u016bl\u0173 spalvos.<\/p>","protected":false},"featured_media":10666,"comment_status":"open","ping_status":"closed","template":"","meta":[],"product_brand":[],"product_cat":[176,3571],"product_tag":[],"giftcard-category":[],"class_list":{"0":"post-10665","1":"product","2":"type-product","3":"status-publish","4":"has-post-thumbnail","6":"product_cat-siulu-rinkinukai","7":"product_cat-rinkinukai-su-gazzal-super-kid-mohair-siulu-rinkinukai","9":"first","10":"outofstock","11":"taxable","12":"shipping-taxable","13":"purchasable","14":"product-type-simple"},"_links":{"self":[{"href":"https:\/\/bitessiulai.lt\/lv\/wp-json\/wp\/v2\/product\/10665","targetHints":{"allow":["GET"]}}],"collection":[{"href":"https:\/\/bitessiulai.lt\/lv\/wp-json\/wp\/v2\/product"}],"about":[{"href":"https:\/\/bitessiulai.lt\/lv\/wp-json\/wp\/v2\/types\/product"}],"replies":[{"embeddable":true,"href":"https:\/\/bitessiulai.lt\/lv\/wp-json\/wp\/v2\/comments?post=10665"}],"version-history":[{"count":0,"href":"https:\/\/bitessiulai.lt\/lv\/wp-json\/wp\/v2\/product\/10665\/revisions"}],"wp:featuredmedia":[{"embeddable":true,"href":"https:\/\/bitessiulai.lt\/lv\/wp-json\/wp\/v2\/media\/10666"}],"wp:attachment":[{"href":"https:\/\/bitessiulai.lt\/lv\/wp-json\/wp\/v2\/media?parent=10665"}],"wp:term":[{"taxonomy":"product_brand","embeddable":true,"href":"https:\/\/bitessiulai.lt\/lv\/wp-json\/wp\/v2\/product_brand?post=10665"},{"taxonomy":"product_cat","embeddable":true,"href":"https:\/\/bitessiulai.lt\/lv\/wp-json\/wp\/v2\/product_cat?post=10665"},{"taxonomy":"product_tag","embeddable":true,"href":"https:\/\/bitessiulai.lt\/lv\/wp-json\/wp\/v2\/product_tag?post=10665"},{"taxonomy":"giftcard-category","embeddable":true,"href":"https:\/\/bitessiulai.lt\/lv\/wp-json\/wp\/v2\/giftcard-category?post=10665"}],"curies":[{"name":"wp","href":"https:\/\/api.w.org\/{rel}","templated":true}]}}