{"id":10561,"date":"2025-03-23T17:00:02","date_gmt":"2025-03-23T15:00:02","guid":{"rendered":"https:\/\/bitessiulai.lt\/?post_type=product&#038;p=10561"},"modified":"2026-01-07T10:19:10","modified_gmt":"2026-01-07T08:19:10","slug":"milward-2-skyluciu-sagos-6","status":"publish","type":"product","link":"https:\/\/bitessiulai.lt\/lv\/products\/milward-2-skyluciu-sagos-6\/","title":{"rendered":"Milward divu caurumu pogas"},"content":{"rendered":"<p>\u0160\u012bs skaist\u0101s Milward divu caurumu pogas ir neticami daudzpus\u012bgas: t\u0101s var izmantot (roku darbs) ap\u0123\u0113rbam, m\u0101jas dekoram un aksesu\u0101riem. \u0160\u012bs apa\u013c\u0101s, balt\u0101s pogas ar kr\u0101sainu ziedu var pie\u0161\u016bt ar rok\u0101m caur diviem caurumiem. Pogas ir 15 mm platas. T\u0101s ir izgatavotas no neilona un ir mazg\u0101jamas l\u012bdz 40\u00b0C. Pogas ir iepakotas stil\u012bg\u0101 kartona aploksn\u0113. Pieg\u0101d\u0101tas 8 gabalu iepakojumos.<\/p>\n<p><img fetchpriority=\"high\" decoding=\"async\" class=\"alignnone size-medium wp-image-10562\" src=\"http:\/\/bitessiulai.lt\/wp-content\/uploads\/2025\/03\/mg9033679-3-300x300.webp\" alt=\"\" width=\"300\" height=\"300\" srcset=\"https:\/\/bitessiulai.lt\/wp-content\/uploads\/2025\/03\/mg9033679-3-300x300.webp 300w, https:\/\/bitessiulai.lt\/wp-content\/uploads\/2025\/03\/mg9033679-3-150x150.webp 150w, https:\/\/bitessiulai.lt\/wp-content\/uploads\/2025\/03\/mg9033679-3-12x12.webp 12w, https:\/\/bitessiulai.lt\/wp-content\/uploads\/2025\/03\/mg9033679-3-96x96.webp 96w, https:\/\/bitessiulai.lt\/wp-content\/uploads\/2025\/03\/mg9033679-3.webp 583w\" sizes=\"(max-width: 300px) 100vw, 300px\" \/><\/p>\n<p>*Ekr\u0101n\u0101 redzam\u0101s kr\u0101sas var nedaudz at\u0161\u0137irties no faktiskaj\u0101m kr\u0101s\u0101m.<\/p>","protected":false},"excerpt":{"rendered":"<p>\u0160ios gra\u017eios Milward 2 skylu\u010di\u0173 sagos\u00a0yra ne\u012ftik\u0117tinai universalios: jas galite naudoti prie (rank\u0173 darbo) drabu\u017ei\u0173, nam\u0173 dekoro element\u0173 ir aksesuar\u0173. \u0160ias apvalias, baltas sagas su spalvota g\u0117le galima prisi\u016bti rankomis per dvi skylutes. Sagos yra 15 mm plo\u010dio. Jie pagaminti i\u0161 nailono ir skalbiami iki 40\u00b0C. Sagos supakuotos \u012f stiling\u0105 kartonin\u012f vok\u0105. Tiekiama po 8 vnt. *Ekrane matomos spalvos gali \u0161iek tiek skirtis nuo tikrosios spalvos.<\/p>","protected":false},"featured_media":10564,"comment_status":"open","ping_status":"closed","template":"","meta":[],"product_brand":[],"product_cat":[192,210],"product_tag":[],"giftcard-category":[],"class_list":{"0":"post-10561","1":"product","2":"type-product","3":"status-publish","4":"has-post-thumbnail","6":"product_cat-priedai-mezgimui","7":"product_cat-sagos","9":"first","10":"instock","11":"taxable","12":"shipping-taxable","13":"purchasable","14":"product-type-simple"},"_links":{"self":[{"href":"https:\/\/bitessiulai.lt\/lv\/wp-json\/wp\/v2\/product\/10561","targetHints":{"allow":["GET"]}}],"collection":[{"href":"https:\/\/bitessiulai.lt\/lv\/wp-json\/wp\/v2\/product"}],"about":[{"href":"https:\/\/bitessiulai.lt\/lv\/wp-json\/wp\/v2\/types\/product"}],"replies":[{"embeddable":true,"href":"https:\/\/bitessiulai.lt\/lv\/wp-json\/wp\/v2\/comments?post=10561"}],"version-history":[{"count":0,"href":"https:\/\/bitessiulai.lt\/lv\/wp-json\/wp\/v2\/product\/10561\/revisions"}],"wp:featuredmedia":[{"embeddable":true,"href":"https:\/\/bitessiulai.lt\/lv\/wp-json\/wp\/v2\/media\/10564"}],"wp:attachment":[{"href":"https:\/\/bitessiulai.lt\/lv\/wp-json\/wp\/v2\/media?parent=10561"}],"wp:term":[{"taxonomy":"product_brand","embeddable":true,"href":"https:\/\/bitessiulai.lt\/lv\/wp-json\/wp\/v2\/product_brand?post=10561"},{"taxonomy":"product_cat","embeddable":true,"href":"https:\/\/bitessiulai.lt\/lv\/wp-json\/wp\/v2\/product_cat?post=10561"},{"taxonomy":"product_tag","embeddable":true,"href":"https:\/\/bitessiulai.lt\/lv\/wp-json\/wp\/v2\/product_tag?post=10561"},{"taxonomy":"giftcard-category","embeddable":true,"href":"https:\/\/bitessiulai.lt\/lv\/wp-json\/wp\/v2\/giftcard-category?post=10561"}],"curies":[{"name":"wp","href":"https:\/\/api.w.org\/{rel}","templated":true}]}}