{"id":10520,"date":"2025-03-23T16:25:49","date_gmt":"2025-03-23T14:25:49","guid":{"rendered":"https:\/\/bitessiulai.lt\/?post_type=product&#038;p=10520"},"modified":"2025-09-12T16:04:22","modified_gmt":"2025-09-12T13:04:22","slug":"scheepjes-marmurinis-juodai-baltas-mezgejos-dubuo","status":"publish","type":"product","link":"https:\/\/bitessiulai.lt\/lv\/products\/scheepjes-marmurinis-juodai-baltas-mezgejos-dubuo\/","title":{"rendered":"Scheepjes marmora melnbalt\u0101 ad\u012bt\u0101ja b\u013coda"},"content":{"rendered":"<p>Vai v\u0113laties tambor\u0113t vai ad\u012bt, dzijas kamoli\u0146am neripojot apk\u0101rt? Scheepjes marmora melnbalt\u0101 ad\u012bt\u0101ja b\u013coda ir ide\u0101li piem\u0113rota \u0161im nol\u016bkam. <b>l\u0113mums<\/b> tie\u0161i tev. Ievieto dzijas kamoli\u0146u b\u013cod\u0101 un izver dziju caur spir\u0101lveida atveri b\u013codas s\u0101nos. T\u0101 k\u0101 dzijas kamoli\u0146\u0161 var br\u012bvi kust\u0113ties un att\u012bt dzijas b\u013cod\u0101, tu vari bez raiz\u0113m koncentr\u0113ties uz ad\u012b\u0161anu vai tambor\u0113\u0161anu. \u0160\u012b dzijas b\u013coda ir izgatavota no plastmasas ar melnbalta marmora efektu. \u0160\u012b viegli pul\u0113t\u0101 dzijas b\u013coda ir 15 cm plata un 9 cm augsta. Katra dzijas b\u013coda ir roku darbs un t\u0101p\u0113c unik\u0101la, kas noz\u012bm\u0113, ka katra b\u013coda var izskat\u012bties nedaudz at\u0161\u0137ir\u012bga.<\/p>\n<p><img fetchpriority=\"high\" decoding=\"async\" class=\"alignnone size-medium wp-image-10521\" src=\"http:\/\/bitessiulai.lt\/wp-content\/uploads\/2025\/03\/23349-3_1_1-300x300.webp\" alt=\"\" width=\"300\" height=\"300\" srcset=\"https:\/\/bitessiulai.lt\/wp-content\/uploads\/2025\/03\/23349-3_1_1-300x300.webp 300w, https:\/\/bitessiulai.lt\/wp-content\/uploads\/2025\/03\/23349-3_1_1-150x150.webp 150w, https:\/\/bitessiulai.lt\/wp-content\/uploads\/2025\/03\/23349-3_1_1-12x12.webp 12w, https:\/\/bitessiulai.lt\/wp-content\/uploads\/2025\/03\/23349-3_1_1-600x600.webp 600w, https:\/\/bitessiulai.lt\/wp-content\/uploads\/2025\/03\/23349-3_1_1-96x96.webp 96w, https:\/\/bitessiulai.lt\/wp-content\/uploads\/2025\/03\/23349-3_1_1.webp 700w\" sizes=\"(max-width: 300px) 100vw, 300px\" \/><\/p>\n<p>*Ekr\u0101n\u0101 redzam\u0101s kr\u0101sas var nedaudz at\u0161\u0137irties no faktiskaj\u0101m kr\u0101s\u0101m.<\/p>","protected":false},"excerpt":{"rendered":"<p>Ar nor\u0117tum\u0117te tur\u0117ti galimyb\u0119 nerti ar megzti, kad si\u016bl\u0173 kamuoliukas nenuried\u0117t\u0173? Scheepjes marmurinis juodai baltas mezg\u0117jos dubuo yra tinkamas sprendimas jums. \u012ed\u0117kite si\u016bl\u0173 kamuoliuk\u0105 \u012f duben\u012f ir perki\u0161kite si\u016bl\u0105 per spiralin\u0119 ang\u0105 dubens \u0161one. Kadangi si\u016bl\u0173 rutulys gali laisvai jud\u0117ti ir i\u0161sivynioti si\u016bl\u0173 dubenyje, galite be r\u016bpes\u010di\u0173 susikoncentruoti \u012f mezgim\u0105 ar n\u0117rim\u0105. \u0160is verpal\u0173 dubuo pagamintas i\u0161 plastiko, turin\u010dio juodai balt\u0105 marmurin\u012f efekt\u0105. \u0160is \u0161velniai poliruot\u0173 si\u016bl\u0173 dubuo yra 15 cm plo\u010dio ir 9 cm auk\u0161\u010dio. Kiekvienas si\u016bl\u0173 dubuo yra rank\u0173 darbo, tod\u0117l unikalus, o tai rei\u0161kia, kad kiekvienas dubuo gali atrodyti \u0161iek tiek kitaip. *Ekrane matomos spalvos gali \u0161iek tiek skirtis nuo tikrosios spalvos.<\/p>","protected":false},"featured_media":10523,"comment_status":"open","ping_status":"closed","template":"","meta":[],"product_brand":[],"product_cat":[192,916],"product_tag":[],"giftcard-category":[],"class_list":{"0":"post-10520","1":"product","2":"type-product","3":"status-publish","4":"has-post-thumbnail","6":"product_cat-priedai-mezgimui","7":"product_cat-kitos-priemones","9":"first","10":"instock","11":"taxable","12":"shipping-taxable","13":"purchasable","14":"product-type-simple"},"_links":{"self":[{"href":"https:\/\/bitessiulai.lt\/lv\/wp-json\/wp\/v2\/product\/10520","targetHints":{"allow":["GET"]}}],"collection":[{"href":"https:\/\/bitessiulai.lt\/lv\/wp-json\/wp\/v2\/product"}],"about":[{"href":"https:\/\/bitessiulai.lt\/lv\/wp-json\/wp\/v2\/types\/product"}],"replies":[{"embeddable":true,"href":"https:\/\/bitessiulai.lt\/lv\/wp-json\/wp\/v2\/comments?post=10520"}],"version-history":[{"count":0,"href":"https:\/\/bitessiulai.lt\/lv\/wp-json\/wp\/v2\/product\/10520\/revisions"}],"wp:featuredmedia":[{"embeddable":true,"href":"https:\/\/bitessiulai.lt\/lv\/wp-json\/wp\/v2\/media\/10523"}],"wp:attachment":[{"href":"https:\/\/bitessiulai.lt\/lv\/wp-json\/wp\/v2\/media?parent=10520"}],"wp:term":[{"taxonomy":"product_brand","embeddable":true,"href":"https:\/\/bitessiulai.lt\/lv\/wp-json\/wp\/v2\/product_brand?post=10520"},{"taxonomy":"product_cat","embeddable":true,"href":"https:\/\/bitessiulai.lt\/lv\/wp-json\/wp\/v2\/product_cat?post=10520"},{"taxonomy":"product_tag","embeddable":true,"href":"https:\/\/bitessiulai.lt\/lv\/wp-json\/wp\/v2\/product_tag?post=10520"},{"taxonomy":"giftcard-category","embeddable":true,"href":"https:\/\/bitessiulai.lt\/lv\/wp-json\/wp\/v2\/giftcard-category?post=10520"}],"curies":[{"name":"wp","href":"https:\/\/api.w.org\/{rel}","templated":true}]}}