{"id":10517,"date":"2025-03-23T16:12:24","date_gmt":"2025-03-23T14:12:24","guid":{"rendered":"https:\/\/bitessiulai.lt\/?post_type=product&#038;p=10517"},"modified":"2026-01-21T11:08:15","modified_gmt":"2026-01-21T09:08:15","slug":"peledos-sagos","status":"publish","type":"product","link":"https:\/\/bitessiulai.lt\/lv\/products\/peledos-sagos\/","title":{"rendered":"P\u016bces pogas"},"content":{"rendered":"<p>\u0160\u012bs jauk\u0101s, kr\u0101sain\u0101s koka p\u016bces pogas pie\u0161\u0137irs jautru nosl\u0113guma piesk\u0101rienu da\u017e\u0101diem rado\u0161iem projektiem. Neatkar\u012bgi no t\u0101, vai v\u0113laties dekor\u0113t pa\u0161darin\u0101tas somas, \u0161alles un cepures, vai izmantot t\u0101s k\u0101 aizdari kardiganiem vai \u0161all\u0113m, \u0161\u012bs pogas der\u0113s lieliski. Katrai pogai ir divi caurumi, un t\u0101 ir paredz\u0113ta pie\u0161\u016b\u0161anai ar rok\u0101m. Visas p\u016bces pogas ir 40. izm\u0113ra (25 mm).<\/p>\n<p>*Ekr\u0101n\u0101 redzam\u0101s kr\u0101sas var nedaudz at\u0161\u0137irties no faktiskaj\u0101m kr\u0101s\u0101m.<\/p>","protected":false},"excerpt":{"rendered":"<p>\u0160ios mielos, spalvotos medin\u0117s pel\u0117dos sagos suteiks smag\u0173 u\u017ebaigim\u0105 \u012fvairiems k\u016brybiniams projektams. Nesvarbu, ar norite papuo\u0161ti naminius krep\u0161ius, \u0161alikus ir skryb\u0117les, ar naudoti ant kardigan\u0173 ar skar\u0173 kaip u\u017esegim\u0105, \u0161ios sagos puikiai tiks. Kiekviena saga turi dvi skylutes ir yra skirtas susi\u016bti rankomis. Visos pel\u0117dos sagos yra 40 (25 mm) dyd\u017eio. *Ekrane matomos spalvos gali \u0161iek tiek skirtis nuo tikrosios spalvos.<\/p>","protected":false},"featured_media":10518,"comment_status":"open","ping_status":"closed","template":"","meta":[],"product_brand":[],"product_cat":[15,192,210],"product_tag":[],"giftcard-category":[],"class_list":{"0":"post-10517","1":"product","2":"type-product","3":"status-publish","4":"has-post-thumbnail","6":"product_cat-be-kategorijos","7":"product_cat-priedai-mezgimui","8":"product_cat-sagos","10":"first","11":"instock","12":"taxable","13":"shipping-taxable","14":"purchasable","15":"product-type-simple"},"_links":{"self":[{"href":"https:\/\/bitessiulai.lt\/lv\/wp-json\/wp\/v2\/product\/10517","targetHints":{"allow":["GET"]}}],"collection":[{"href":"https:\/\/bitessiulai.lt\/lv\/wp-json\/wp\/v2\/product"}],"about":[{"href":"https:\/\/bitessiulai.lt\/lv\/wp-json\/wp\/v2\/types\/product"}],"replies":[{"embeddable":true,"href":"https:\/\/bitessiulai.lt\/lv\/wp-json\/wp\/v2\/comments?post=10517"}],"version-history":[{"count":0,"href":"https:\/\/bitessiulai.lt\/lv\/wp-json\/wp\/v2\/product\/10517\/revisions"}],"wp:featuredmedia":[{"embeddable":true,"href":"https:\/\/bitessiulai.lt\/lv\/wp-json\/wp\/v2\/media\/10518"}],"wp:attachment":[{"href":"https:\/\/bitessiulai.lt\/lv\/wp-json\/wp\/v2\/media?parent=10517"}],"wp:term":[{"taxonomy":"product_brand","embeddable":true,"href":"https:\/\/bitessiulai.lt\/lv\/wp-json\/wp\/v2\/product_brand?post=10517"},{"taxonomy":"product_cat","embeddable":true,"href":"https:\/\/bitessiulai.lt\/lv\/wp-json\/wp\/v2\/product_cat?post=10517"},{"taxonomy":"product_tag","embeddable":true,"href":"https:\/\/bitessiulai.lt\/lv\/wp-json\/wp\/v2\/product_tag?post=10517"},{"taxonomy":"giftcard-category","embeddable":true,"href":"https:\/\/bitessiulai.lt\/lv\/wp-json\/wp\/v2\/giftcard-category?post=10517"}],"curies":[{"name":"wp","href":"https:\/\/api.w.org\/{rel}","templated":true}]}}