{"id":10134,"date":"2025-03-15T16:05:29","date_gmt":"2025-03-15T14:05:29","guid":{"rendered":"https:\/\/bitessiulai.lt\/?post_type=product&#038;p=10134"},"modified":"2026-04-25T16:13:28","modified_gmt":"2026-04-25T13:13:28","slug":"stenli-tokyo","status":"publish","type":"product","link":"https:\/\/bitessiulai.lt\/lv\/products\/stenli-tokyo\/","title":{"rendered":"Stenlijs Tokija"},"content":{"rendered":"<p>Stanley Tokyo ir skaista dzija, kas apvieno dab\u012bgas, m\u012bkstas kokvilnas \u0161\u0137iedras un gludu viskozes z\u012bdu, kas iet\u012bts smalk\u0101 poliam\u012bda audum\u0101. Abas \u0161\u0137iedras seko viena otrai sinhroni, veidojot mazas, bl\u012bvas, iegarenas strukt\u016bras ar \u0113terisku sp\u012bdumu, kuras savieno pl\u0101ns un gluds diegs. Lai maksim\u0101li palielin\u0101tu dzijas efektu, adot ieteicams izmantot lielas adatas, kas pie\u0161\u0137irs trikot\u0101\u017eai nepiecie\u0161amo cie\u0146u, kas atkl\u0101s visu t\u0101s skaistumu. Stanley Tokyo dzija ir piem\u0113rota vieglu un smalku trikot\u0101\u017eas izstr\u0101d\u0101jumu rad\u012b\u0161anai pavasara-vasaras sezonai un lieliski sader ar cit\u0101m l\u012bdz\u012bga sast\u0101va dzijas s\u0113rij\u0101m. Dzija ir piem\u0113rota gan pieredz\u0113ju\u0161\u0101m ad\u012bt\u0101j\u0101m, gan ies\u0101c\u0113j\u0101m.<\/p>\n<p><img fetchpriority=\"high\" decoding=\"async\" class=\"alignnone size-medium wp-image-10148\" src=\"http:\/\/bitessiulai.lt\/wp-content\/uploads\/2025\/03\/279884219_857773688507732_3903508314384928403_n-20220503144931-263-200x300.jpg\" alt=\"\" width=\"200\" height=\"300\" srcset=\"https:\/\/bitessiulai.lt\/wp-content\/uploads\/2025\/03\/279884219_857773688507732_3903508314384928403_n-20220503144931-263-200x300.jpg 200w, https:\/\/bitessiulai.lt\/wp-content\/uploads\/2025\/03\/279884219_857773688507732_3903508314384928403_n-20220503144931-263-683x1024.jpg 683w, https:\/\/bitessiulai.lt\/wp-content\/uploads\/2025\/03\/279884219_857773688507732_3903508314384928403_n-20220503144931-263-768x1152.jpg 768w, https:\/\/bitessiulai.lt\/wp-content\/uploads\/2025\/03\/279884219_857773688507732_3903508314384928403_n-20220503144931-263-8x12.jpg 8w, https:\/\/bitessiulai.lt\/wp-content\/uploads\/2025\/03\/279884219_857773688507732_3903508314384928403_n-20220503144931-263-600x900.jpg 600w, https:\/\/bitessiulai.lt\/wp-content\/uploads\/2025\/03\/279884219_857773688507732_3903508314384928403_n-20220503144931-263-100x150.jpg 100w, https:\/\/bitessiulai.lt\/wp-content\/uploads\/2025\/03\/279884219_857773688507732_3903508314384928403_n-20220503144931-263.jpg 800w\" sizes=\"(max-width: 200px) 100vw, 200px\" \/><\/p>\n<p>*Ekr\u0101n\u0101 redzam\u0101s kr\u0101sas var nedaudz at\u0161\u0137irties no faktisk\u0101s diegu kr\u0101sas.<\/p>","protected":false},"excerpt":{"rendered":"<p>Sast\u0101vs: 40% viskoze, 40% kokvilna, 20% poliam\u012bds<\/p>\n<p>Svars\/garums: 100 g = aptuveni 300 m.<\/p>\n<p>Ieteicamais adatu izm\u0113rs: 6\u20137 mm.<\/p>","protected":false},"featured_media":10135,"comment_status":"open","ping_status":"closed","template":"","meta":[],"product_brand":[],"product_cat":[15,915,652,177,324,173,174,175,1641,3297,337],"product_tag":[],"giftcard-category":[],"class_list":{"0":"post-10134","1":"product","2":"type-product","3":"status-publish","4":"has-post-thumbnail","6":"product_cat-be-kategorijos","7":"product_cat-dekoratyviniai-siulai","8":"product_cat-medvilne","9":"product_cat-mezgimo-siulai","10":"product_cat-poliamidas","11":"product_cat-siulai","12":"product_cat-siulu-gamintojai","13":"product_cat-siulu-pluostai","14":"product_cat-stenli","15":"product_cat-tokyo","16":"product_cat-viskoze","18":"first","19":"instock","20":"taxable","21":"shipping-taxable","22":"purchasable","23":"product-type-variable"},"_links":{"self":[{"href":"https:\/\/bitessiulai.lt\/lv\/wp-json\/wp\/v2\/product\/10134","targetHints":{"allow":["GET"]}}],"collection":[{"href":"https:\/\/bitessiulai.lt\/lv\/wp-json\/wp\/v2\/product"}],"about":[{"href":"https:\/\/bitessiulai.lt\/lv\/wp-json\/wp\/v2\/types\/product"}],"replies":[{"embeddable":true,"href":"https:\/\/bitessiulai.lt\/lv\/wp-json\/wp\/v2\/comments?post=10134"}],"version-history":[{"count":0,"href":"https:\/\/bitessiulai.lt\/lv\/wp-json\/wp\/v2\/product\/10134\/revisions"}],"wp:featuredmedia":[{"embeddable":true,"href":"https:\/\/bitessiulai.lt\/lv\/wp-json\/wp\/v2\/media\/10135"}],"wp:attachment":[{"href":"https:\/\/bitessiulai.lt\/lv\/wp-json\/wp\/v2\/media?parent=10134"}],"wp:term":[{"taxonomy":"product_brand","embeddable":true,"href":"https:\/\/bitessiulai.lt\/lv\/wp-json\/wp\/v2\/product_brand?post=10134"},{"taxonomy":"product_cat","embeddable":true,"href":"https:\/\/bitessiulai.lt\/lv\/wp-json\/wp\/v2\/product_cat?post=10134"},{"taxonomy":"product_tag","embeddable":true,"href":"https:\/\/bitessiulai.lt\/lv\/wp-json\/wp\/v2\/product_tag?post=10134"},{"taxonomy":"giftcard-category","embeddable":true,"href":"https:\/\/bitessiulai.lt\/lv\/wp-json\/wp\/v2\/giftcard-category?post=10134"}],"curies":[{"name":"wp","href":"https:\/\/api.w.org\/{rel}","templated":true}]}}