{"id":10066,"date":"2025-03-14T13:05:13","date_gmt":"2025-03-14T11:05:13","guid":{"rendered":"https:\/\/bitessiulai.lt\/?post_type=product&#038;p=10066"},"modified":"2025-08-12T17:44:14","modified_gmt":"2025-08-12T14:44:14","slug":"lanoso-baby-dream-antipilling-batik","status":"publish","type":"product","link":"https:\/\/bitessiulai.lt\/lv\/products\/lanoso-baby-dream-antipilling-batik\/","title":{"rendered":"Lanos Baby Dream pretaizpild\u012b\u0161anas batika"},"content":{"rendered":"<p>*Ekr\u0101n\u0101 redzam\u0101s Lanoso Baby Dream Antipilling Batik dzijas kr\u0101sas var nedaudz at\u0161\u0137irties no faktisk\u0101s dzijas kr\u0101sas.<\/p>","protected":false},"excerpt":{"rendered":"<ul>\n<li><strong>Sast\u0101vs:<\/strong> 100% akrils<\/li>\n<li><strong>Svars\/garums:<\/strong> 100 g = aptuveni 250 m.<\/li>\n<li><strong>Ieteicamais ad\u0101madatas izm\u0113rs: <\/strong>4\u20135 mm.<\/li>\n<\/ul>","protected":false},"featured_media":10063,"comment_status":"open","ping_status":"closed","template":"","meta":[],"product_brand":[],"product_cat":[173,326,3272,1725,177,174,175],"product_tag":[],"giftcard-category":[],"class_list":{"0":"post-10066","1":"product","2":"type-product","3":"status-publish","4":"has-post-thumbnail","6":"product_cat-siulai","7":"product_cat-akrilas","8":"product_cat-baby-dream-antipilling-batik","9":"product_cat-lanoso","10":"product_cat-mezgimo-siulai","11":"product_cat-siulu-gamintojai","12":"product_cat-siulu-pluostai","14":"first","15":"instock","16":"taxable","17":"shipping-taxable","18":"purchasable","19":"product-type-variable"},"_links":{"self":[{"href":"https:\/\/bitessiulai.lt\/lv\/wp-json\/wp\/v2\/product\/10066","targetHints":{"allow":["GET"]}}],"collection":[{"href":"https:\/\/bitessiulai.lt\/lv\/wp-json\/wp\/v2\/product"}],"about":[{"href":"https:\/\/bitessiulai.lt\/lv\/wp-json\/wp\/v2\/types\/product"}],"replies":[{"embeddable":true,"href":"https:\/\/bitessiulai.lt\/lv\/wp-json\/wp\/v2\/comments?post=10066"}],"version-history":[{"count":0,"href":"https:\/\/bitessiulai.lt\/lv\/wp-json\/wp\/v2\/product\/10066\/revisions"}],"wp:featuredmedia":[{"embeddable":true,"href":"https:\/\/bitessiulai.lt\/lv\/wp-json\/wp\/v2\/media\/10063"}],"wp:attachment":[{"href":"https:\/\/bitessiulai.lt\/lv\/wp-json\/wp\/v2\/media?parent=10066"}],"wp:term":[{"taxonomy":"product_brand","embeddable":true,"href":"https:\/\/bitessiulai.lt\/lv\/wp-json\/wp\/v2\/product_brand?post=10066"},{"taxonomy":"product_cat","embeddable":true,"href":"https:\/\/bitessiulai.lt\/lv\/wp-json\/wp\/v2\/product_cat?post=10066"},{"taxonomy":"product_tag","embeddable":true,"href":"https:\/\/bitessiulai.lt\/lv\/wp-json\/wp\/v2\/product_tag?post=10066"},{"taxonomy":"giftcard-category","embeddable":true,"href":"https:\/\/bitessiulai.lt\/lv\/wp-json\/wp\/v2\/giftcard-category?post=10066"}],"curies":[{"name":"wp","href":"https:\/\/api.w.org\/{rel}","templated":true}]}}