{"id":9479,"date":"2025-03-09T15:37:25","date_gmt":"2025-03-09T13:37:25","guid":{"rendered":"https:\/\/bitessiulai.lt\/?post_type=product&#038;p=9479"},"modified":"2026-04-26T20:57:12","modified_gmt":"2026-04-26T17:57:12","slug":"alize-lanagold-800","status":"publish","type":"product","link":"https:\/\/bitessiulai.lt\/fi\/tuote\/alize-lanagold-800\/","title":{"rendered":"Alize Lanagold 800"},"content":{"rendered":"<p>Alize Lanagold 800 on pehme\u00e4 ja eritt\u00e4in l\u00e4mmin puolivillalanka. T\u00e4ydellinen sek\u00e4 ohuisiin huopiin ett\u00e4 paksumpiin neulepuseroihin.<\/p>\n<p>*N\u00e4yt\u00f6ll\u00e4si n\u00e4kem\u00e4si v\u00e4rit saattavat poiketa hieman langan todellisesta v\u00e4rist\u00e4.<\/p>\n<p>&nbsp;<\/p>","protected":false},"excerpt":{"rendered":"<ul>\n<li><strong>Koostumus:<\/strong> 49% villa, 51% akryyli<\/li>\n<li><strong>Paino\/pituus:<\/strong> 100 vuotta = noin 730 vuotta.<\/li>\n<li><strong>Suositeltu puikon koko: <\/strong>2\u20134 mm.<\/li>\n<li><strong>Maljakon suositeltu koko:<\/strong> 1\u20132 mm.<\/li>\n<\/ul>","protected":false},"featured_media":9547,"comment_status":"open","ping_status":"closed","template":"","meta":[],"product_brand":[],"product_cat":[326,2125,3154,177,178,173,174,175,410],"product_tag":[],"giftcard-category":[],"class_list":{"0":"post-9479","1":"product","2":"type-product","3":"status-publish","4":"has-post-thumbnail","6":"product_cat-akrilas","7":"product_cat-alize","8":"product_cat-alize-lanagold-800","9":"product_cat-mezgimo-siulai","10":"product_cat-nerimo-siulai","11":"product_cat-siulai","12":"product_cat-siulu-gamintojai","13":"product_cat-siulu-pluostai","14":"product_cat-vilna","16":"first","17":"instock","18":"taxable","19":"shipping-taxable","20":"purchasable","21":"product-type-variable"},"_links":{"self":[{"href":"https:\/\/bitessiulai.lt\/fi\/wp-json\/wp\/v2\/product\/9479","targetHints":{"allow":["GET"]}}],"collection":[{"href":"https:\/\/bitessiulai.lt\/fi\/wp-json\/wp\/v2\/product"}],"about":[{"href":"https:\/\/bitessiulai.lt\/fi\/wp-json\/wp\/v2\/types\/product"}],"replies":[{"embeddable":true,"href":"https:\/\/bitessiulai.lt\/fi\/wp-json\/wp\/v2\/comments?post=9479"}],"version-history":[{"count":0,"href":"https:\/\/bitessiulai.lt\/fi\/wp-json\/wp\/v2\/product\/9479\/revisions"}],"wp:featuredmedia":[{"embeddable":true,"href":"https:\/\/bitessiulai.lt\/fi\/wp-json\/wp\/v2\/media\/9547"}],"wp:attachment":[{"href":"https:\/\/bitessiulai.lt\/fi\/wp-json\/wp\/v2\/media?parent=9479"}],"wp:term":[{"taxonomy":"product_brand","embeddable":true,"href":"https:\/\/bitessiulai.lt\/fi\/wp-json\/wp\/v2\/product_brand?post=9479"},{"taxonomy":"product_cat","embeddable":true,"href":"https:\/\/bitessiulai.lt\/fi\/wp-json\/wp\/v2\/product_cat?post=9479"},{"taxonomy":"product_tag","embeddable":true,"href":"https:\/\/bitessiulai.lt\/fi\/wp-json\/wp\/v2\/product_tag?post=9479"},{"taxonomy":"giftcard-category","embeddable":true,"href":"https:\/\/bitessiulai.lt\/fi\/wp-json\/wp\/v2\/giftcard-category?post=9479"}],"curies":[{"name":"wp","href":"https:\/\/api.w.org\/{rel}","templated":true}]}}