{"id":9379,"date":"2025-03-05T20:34:34","date_gmt":"2025-03-05T18:34:34","guid":{"rendered":"https:\/\/bitessiulai.lt\/?post_type=product&#038;p=9379"},"modified":"2025-09-12T14:08:14","modified_gmt":"2025-09-12T11:08:14","slug":"yarnart-ir-gazzal-siulu-rinkinukas-45","status":"publish","type":"product","link":"https:\/\/bitessiulai.lt\/fi\/tuote\/yarnart-ir-gazzal-siulu-rinkinukas-45\/","title":{"rendered":"YarnArt ja Gazzal -lankasetti"},"content":{"rendered":"<h5 dir=\"auto\"><strong>YarnArt- ja Gazzal-lankasetti:<\/strong><\/h5>\n<ul>\n<li>Gazzal-nallekarkit 7 kpl.<\/li>\n<li>YarnArt Angora Active 2 kpl.<\/li>\n<\/ul>\n<h6><\/h6>\n<h6><strong>YarnArt Angora Active<\/strong><\/h6>\n<p><img fetchpriority=\"high\" decoding=\"async\" class=\"alignnone size-medium wp-image-9375\" src=\"http:\/\/bitessiulai.lt\/wp-content\/uploads\/2025\/03\/YARNART_ANGORA_ACTIVE_848-600x600-1-300x300.jpg\" alt=\"\" width=\"300\" height=\"300\" srcset=\"https:\/\/bitessiulai.lt\/wp-content\/uploads\/2025\/03\/YARNART_ANGORA_ACTIVE_848-600x600-1-300x300.jpg 300w, https:\/\/bitessiulai.lt\/wp-content\/uploads\/2025\/03\/YARNART_ANGORA_ACTIVE_848-600x600-1-150x150.jpg 150w, https:\/\/bitessiulai.lt\/wp-content\/uploads\/2025\/03\/YARNART_ANGORA_ACTIVE_848-600x600-1-12x12.jpg 12w, https:\/\/bitessiulai.lt\/wp-content\/uploads\/2025\/03\/YARNART_ANGORA_ACTIVE_848-600x600-1-96x96.jpg 96w, https:\/\/bitessiulai.lt\/wp-content\/uploads\/2025\/03\/YARNART_ANGORA_ACTIVE_848-600x600-1.jpg 600w\" sizes=\"(max-width: 300px) 100vw, 300px\" \/><\/p>\n<p>(V\u00e4ri: 848)<\/p>\n<ul>\n<li dir=\"auto\"><strong>Koostumus:<\/strong> 20% villa, 80% akryyli<\/li>\n<li dir=\"auto\"><strong>Paino\/pituus:<\/strong> 100 vuotta = noin 500 vuotta.<\/li>\n<li dir=\"auto\"><strong>Suositeltu puikon koko:<\/strong> 4 mm.<\/li>\n<li dir=\"auto\"><strong>Maljakon suositeltu koko:<\/strong> 5 mm.<\/li>\n<\/ul>\n<p>&nbsp;<\/p>\n<p><span class=\"html-span xexx8yu x4uap5 x18d9i69 xkhd6sd x1hl2dhg x16tdsg8 x1vvkbs x3nfvp2 x1j61x8r x1fcty0u xdj266r xat24cr xgzva0m xhhsvwb xxymvpz xlup9mm x1kky2od\"><img decoding=\"async\" class=\"xz74otr\" src=\"https:\/\/static.xx.fbcdn.net\/images\/emoji.php\/v9\/t2d\/1\/16\/1f4cd.png\" alt=\"\ud83d\udccd\" width=\"16\" height=\"16\" \/><\/span> <strong>Hinta 2,60 \u20ac<\/strong><\/p>\n<p>&nbsp;<\/p>\n<h6><strong>Gazzal-nalle<\/strong><\/h6>\n<p><img decoding=\"async\" class=\"alignnone size-medium wp-image-9380\" src=\"http:\/\/bitessiulai.lt\/wp-content\/uploads\/2025\/03\/teddy-6552-2629-12-B-600x600-1-300x300.jpg\" alt=\"\" width=\"300\" height=\"300\" srcset=\"https:\/\/bitessiulai.lt\/wp-content\/uploads\/2025\/03\/teddy-6552-2629-12-B-600x600-1-300x300.jpg 300w, https:\/\/bitessiulai.lt\/wp-content\/uploads\/2025\/03\/teddy-6552-2629-12-B-600x600-1-150x150.jpg 150w, https:\/\/bitessiulai.lt\/wp-content\/uploads\/2025\/03\/teddy-6552-2629-12-B-600x600-1-12x12.jpg 12w, https:\/\/bitessiulai.lt\/wp-content\/uploads\/2025\/03\/teddy-6552-2629-12-B-600x600-1-96x96.jpg 96w, https:\/\/bitessiulai.lt\/wp-content\/uploads\/2025\/03\/teddy-6552-2629-12-B-600x600-1.jpg 600w\" sizes=\"(max-width: 300px) 100vw, 300px\" \/><\/p>\n<p>(V\u00e4ri: 6552)<\/p>\n<ul>\n<li><strong>Koostumus:<\/strong> 40% merinovillaa, 60% polyamidia<\/li>\n<li><strong>Paino\/pituus:<\/strong> 50 vuotta = noin 150 vuotta.<\/li>\n<li><strong>Suositeltu puikon koko: <\/strong>3 mm.<\/li>\n<li><strong>Maljakon suositeltu koko:<\/strong> 3 mm.<\/li>\n<\/ul>\n<p>&nbsp;<\/p>\n<p><span class=\"html-span xexx8yu x4uap5 x18d9i69 xkhd6sd x1hl2dhg x16tdsg8 x1vvkbs x3nfvp2 x1j61x8r x1fcty0u xdj266r xat24cr xgzva0m xhhsvwb xxymvpz xlup9mm x1kky2od\"><img decoding=\"async\" class=\"xz74otr\" src=\"https:\/\/static.xx.fbcdn.net\/images\/emoji.php\/v9\/t2d\/1\/16\/1f4cd.png\" alt=\"\ud83d\udccd\" width=\"16\" height=\"16\" \/><\/span> <strong>Hinta 2,70 \u20ac<\/strong><\/p>\n<p><span class=\"html-span xexx8yu x4uap5 x18d9i69 xkhd6sd x1hl2dhg x16tdsg8 x1vvkbs x3nfvp2 x1j61x8r x1fcty0u xdj266r xat24cr xgzva0m xhhsvwb xxymvpz xlup9mm x1kky2od\"><img decoding=\"async\" class=\"xz74otr\" src=\"https:\/\/static.xx.fbcdn.net\/images\/emoji.php\/v9\/t2d\/1\/16\/1f4cd.png\" alt=\"\ud83d\udccd\" width=\"16\" height=\"16\" \/>Jos sarjaa ei ole saatavilla tai tarvitset suuremman m\u00e4\u00e4r\u00e4n, ota meihin yhteytt\u00e4. <img decoding=\"async\" class=\"xz74otr\" src=\"https:\/\/static.xx.fbcdn.net\/images\/emoji.php\/v9\/t2d\/1\/16\/1f4cd.png\" alt=\"\ud83d\udccd\" width=\"16\" height=\"16\" \/><\/span><\/p>\n<div class=\"item\">\n<ul>\n<li class=\"text\">+370 672 44443<\/li>\n<\/ul>\n<\/div>\n<div class=\"item\">\n<ul>\n<li class=\"text\">info@bitessiulai.lt<\/li>\n<\/ul>\n<\/div>\n<p>&nbsp;<\/p>\n<p>*N\u00e4yt\u00f6ll\u00e4si n\u00e4kem\u00e4si v\u00e4rit saattavat poiketa hieman langan todellisesta v\u00e4rist\u00e4.<\/p>","protected":false},"excerpt":{"rendered":"<p>YarnArt ir Gazzal si\u016bl\u0173 rinkinukas: Gazzal Teddy 7vnt. YarnArt Angora Active\u00a0 2vnt. YarnArt Angora Active (Spalva: 848) Sud\u0117tis: 20% vilna, 80% akrilas Svoris\/ilgis: 100 g.= ma\u017edaug 500 m. Rekomenduojamas virbal\u0173 dydis: 4 mm. Rekomenduojamas va\u0161elio dydis: 5 mm. &nbsp; Kaina 2,60\u20ac &nbsp; Gazzal Teddy (Spalva: 6552) Sud\u0117tis: 40% merino vilna, 60% poliamidas Svoris\/ilgis: 50 g.= ma\u017edaug 150 m. Rekomenduojamas virbal\u0173 dydis: 3 mm. Rekomenduojamas va\u0161elio dydis: 3 mm. &nbsp; Kaina 2,70\u20ac Jeigu prekyboje rinkinio n\u0117ra arba reikalingas didesnis kiekis, susiekite su Mumis +370 672 44443 info@bitessiulai.lt &nbsp; *Ekrane matomos spalvos gali \u0161iek tiek skirtis nuo tikrosios si\u016bl\u0173 spalvos.<\/p>","protected":false},"featured_media":9381,"comment_status":"open","ping_status":"closed","template":"","meta":[],"product_brand":[],"product_cat":[176,3562,3569],"product_tag":[],"giftcard-category":[],"class_list":{"0":"post-9379","1":"product","2":"type-product","3":"status-publish","4":"has-post-thumbnail","6":"product_cat-siulu-rinkinukai","7":"product_cat-rinkinukai-su-gazzal-teddy","8":"product_cat-rinkinukai-yarnart-angora-active","10":"first","11":"instock","12":"taxable","13":"shipping-taxable","14":"purchasable","15":"product-type-simple"},"_links":{"self":[{"href":"https:\/\/bitessiulai.lt\/fi\/wp-json\/wp\/v2\/product\/9379","targetHints":{"allow":["GET"]}}],"collection":[{"href":"https:\/\/bitessiulai.lt\/fi\/wp-json\/wp\/v2\/product"}],"about":[{"href":"https:\/\/bitessiulai.lt\/fi\/wp-json\/wp\/v2\/types\/product"}],"replies":[{"embeddable":true,"href":"https:\/\/bitessiulai.lt\/fi\/wp-json\/wp\/v2\/comments?post=9379"}],"version-history":[{"count":0,"href":"https:\/\/bitessiulai.lt\/fi\/wp-json\/wp\/v2\/product\/9379\/revisions"}],"wp:featuredmedia":[{"embeddable":true,"href":"https:\/\/bitessiulai.lt\/fi\/wp-json\/wp\/v2\/media\/9381"}],"wp:attachment":[{"href":"https:\/\/bitessiulai.lt\/fi\/wp-json\/wp\/v2\/media?parent=9379"}],"wp:term":[{"taxonomy":"product_brand","embeddable":true,"href":"https:\/\/bitessiulai.lt\/fi\/wp-json\/wp\/v2\/product_brand?post=9379"},{"taxonomy":"product_cat","embeddable":true,"href":"https:\/\/bitessiulai.lt\/fi\/wp-json\/wp\/v2\/product_cat?post=9379"},{"taxonomy":"product_tag","embeddable":true,"href":"https:\/\/bitessiulai.lt\/fi\/wp-json\/wp\/v2\/product_tag?post=9379"},{"taxonomy":"giftcard-category","embeddable":true,"href":"https:\/\/bitessiulai.lt\/fi\/wp-json\/wp\/v2\/giftcard-category?post=9379"}],"curies":[{"name":"wp","href":"https:\/\/api.w.org\/{rel}","templated":true}]}}