{"id":9068,"date":"2025-03-03T08:14:41","date_gmt":"2025-03-03T06:14:41","guid":{"rendered":"https:\/\/bitessiulai.lt\/?post_type=product&#038;p=9068"},"modified":"2026-04-21T22:11:54","modified_gmt":"2026-04-21T19:11:54","slug":"drops-plus-dygsnio-zymekliai","status":"publish","type":"product","link":"https:\/\/bitessiulai.lt\/fi\/tuote\/drops-plus-dygsnio-zymekliai\/","title":{"rendered":"Drops Plus -silmukkamerkit"},"content":{"rendered":"<p><strong>Drops Plus -silmukkamerkit<\/strong> Ovat eritt\u00e4in hy\u00f6dyllisi\u00e4 neulonta- ja virkkausty\u00f6kaluja. Niit\u00e4 k\u00e4ytet\u00e4\u00e4n uuden kerroksen alun tai tiettyjen kuvion pisteiden merkitsemiseen. Merkit voidaan ty\u00f6nt\u00e4\u00e4 ty\u00f6h\u00f6n ja sulkea pysy\u00e4kseen paikoillaan, mutta niit\u00e4 voidaan k\u00e4ytt\u00e4\u00e4 my\u00f6s rengasmerkkein\u00e4. Ne on valmistettu muovista. Yksi pakkaus sis\u00e4lt\u00e4\u00e4 30 erilaista silmukkamerkki\u00e4.<\/p>\n<p>*N\u00e4yt\u00f6ll\u00e4 n\u00e4kyv\u00e4t v\u00e4rit voivat poiketa hieman todellisista v\u00e4reist\u00e4.<\/p>","protected":false},"excerpt":{"rendered":"<p>Drops Plus dygsnio \u017eymekliai yra labai naudingi mezgimo ir n\u0117rimo \u012frankiai. Jie naudojami nurodyti naujos eilut\u0117s prad\u017ei\u0105 arba tam tikrus modelio ta\u0161kus. \u017dymeklius galima \u012fki\u0161ti \u012f k\u016brin\u012f ir u\u017edaryti, kad jie likt\u0173 vietoje, ta\u010diau jie taip pat gali veikti kaip \u017eiedinis \u017eymeklis. Jie pagaminti i\u0161 plastiko. Vienoje pakuot\u0117je yra 30 \u012fvairi\u0173 dygsnio \u017eymekli\u0173. *Ekrane matomos spalvos gali \u0161iek tiek skirtis nuo tikrosios spalvos.<\/p>","protected":false},"featured_media":9070,"comment_status":"open","ping_status":"closed","template":"","meta":[],"product_brand":[],"product_cat":[194,192],"product_tag":[],"giftcard-category":[],"class_list":{"0":"post-9068","1":"product","2":"type-product","3":"status-publish","4":"has-post-thumbnail","6":"product_cat-akiu-zymekliai","7":"product_cat-priedai-mezgimui","9":"first","10":"instock","11":"taxable","12":"shipping-taxable","13":"purchasable","14":"product-type-simple"},"_links":{"self":[{"href":"https:\/\/bitessiulai.lt\/fi\/wp-json\/wp\/v2\/product\/9068","targetHints":{"allow":["GET"]}}],"collection":[{"href":"https:\/\/bitessiulai.lt\/fi\/wp-json\/wp\/v2\/product"}],"about":[{"href":"https:\/\/bitessiulai.lt\/fi\/wp-json\/wp\/v2\/types\/product"}],"replies":[{"embeddable":true,"href":"https:\/\/bitessiulai.lt\/fi\/wp-json\/wp\/v2\/comments?post=9068"}],"version-history":[{"count":1,"href":"https:\/\/bitessiulai.lt\/fi\/wp-json\/wp\/v2\/product\/9068\/revisions"}],"predecessor-version":[{"id":22616,"href":"https:\/\/bitessiulai.lt\/fi\/wp-json\/wp\/v2\/product\/9068\/revisions\/22616"}],"wp:featuredmedia":[{"embeddable":true,"href":"https:\/\/bitessiulai.lt\/fi\/wp-json\/wp\/v2\/media\/9070"}],"wp:attachment":[{"href":"https:\/\/bitessiulai.lt\/fi\/wp-json\/wp\/v2\/media?parent=9068"}],"wp:term":[{"taxonomy":"product_brand","embeddable":true,"href":"https:\/\/bitessiulai.lt\/fi\/wp-json\/wp\/v2\/product_brand?post=9068"},{"taxonomy":"product_cat","embeddable":true,"href":"https:\/\/bitessiulai.lt\/fi\/wp-json\/wp\/v2\/product_cat?post=9068"},{"taxonomy":"product_tag","embeddable":true,"href":"https:\/\/bitessiulai.lt\/fi\/wp-json\/wp\/v2\/product_tag?post=9068"},{"taxonomy":"giftcard-category","embeddable":true,"href":"https:\/\/bitessiulai.lt\/fi\/wp-json\/wp\/v2\/giftcard-category?post=9068"}],"curies":[{"name":"wp","href":"https:\/\/api.w.org\/{rel}","templated":true}]}}