{"id":9055,"date":"2025-03-02T19:16:56","date_gmt":"2025-03-02T17:16:56","guid":{"rendered":"https:\/\/bitessiulai.lt\/?post_type=product&#038;p=9055"},"modified":"2026-03-12T14:28:38","modified_gmt":"2026-03-12T12:28:38","slug":"knitpro-mezginio-akiu-zymeklis-7vnt-5","status":"publish","type":"product","link":"https:\/\/bitessiulai.lt\/fi\/tuote\/knitpro-mezginio-akiu-zymeklis-7vnt-5\/","title":{"rendered":"KnitPro neulontasilm\u00e4tussi 7 kpl"},"content":{"rendered":"<p>KnitPro-neulesilmukkamerkit 7 kpl. KnitPro-neulesilmukkamerkit \u2013 eritt\u00e4in k\u00e4tev\u00e4t neulottaessa mit\u00e4 tahansa kuvioita. Merkit on suunniteltu merkitsem\u00e4\u00e4n uusia kerroksia suljettuna neuleena, uuden kuvion alkua tai loppua.<\/p>\n<p>*N\u00e4yt\u00f6ll\u00e4si n\u00e4kem\u00e4si v\u00e4rit ja tuotteiden todellinen v\u00e4ri voivat hieman poiketa toisistaan.<\/p>","protected":false},"excerpt":{"rendered":"<p>KnitPro Mezginio aki\u0173 \u017eymeklis 7vnt. KnitPro mezginio aki\u0173 \u017eymeklis &#8211; labai patogu naudoti mezgant bet kokius ra\u0161tus. \u017dymekliai skirti pasi\u017eym\u0117ti naujas eiles mezgant ratu, naujo ra\u0161to prad\u017ei\u0105 ar pabaig\u0105. *Ekrane matomos spalvos ir tikroji preki\u0173 spalva gali \u0161iek tiek skirtis.<\/p>","protected":false},"featured_media":9056,"comment_status":"open","ping_status":"closed","template":"","meta":[],"product_brand":[],"product_cat":[194,192],"product_tag":[],"giftcard-category":[],"class_list":{"0":"post-9055","1":"product","2":"type-product","3":"status-publish","4":"has-post-thumbnail","6":"product_cat-akiu-zymekliai","7":"product_cat-priedai-mezgimui","9":"first","10":"instock","11":"taxable","12":"shipping-taxable","13":"purchasable","14":"product-type-simple"},"_links":{"self":[{"href":"https:\/\/bitessiulai.lt\/fi\/wp-json\/wp\/v2\/product\/9055","targetHints":{"allow":["GET"]}}],"collection":[{"href":"https:\/\/bitessiulai.lt\/fi\/wp-json\/wp\/v2\/product"}],"about":[{"href":"https:\/\/bitessiulai.lt\/fi\/wp-json\/wp\/v2\/types\/product"}],"replies":[{"embeddable":true,"href":"https:\/\/bitessiulai.lt\/fi\/wp-json\/wp\/v2\/comments?post=9055"}],"version-history":[{"count":1,"href":"https:\/\/bitessiulai.lt\/fi\/wp-json\/wp\/v2\/product\/9055\/revisions"}],"predecessor-version":[{"id":20398,"href":"https:\/\/bitessiulai.lt\/fi\/wp-json\/wp\/v2\/product\/9055\/revisions\/20398"}],"wp:featuredmedia":[{"embeddable":true,"href":"https:\/\/bitessiulai.lt\/fi\/wp-json\/wp\/v2\/media\/9056"}],"wp:attachment":[{"href":"https:\/\/bitessiulai.lt\/fi\/wp-json\/wp\/v2\/media?parent=9055"}],"wp:term":[{"taxonomy":"product_brand","embeddable":true,"href":"https:\/\/bitessiulai.lt\/fi\/wp-json\/wp\/v2\/product_brand?post=9055"},{"taxonomy":"product_cat","embeddable":true,"href":"https:\/\/bitessiulai.lt\/fi\/wp-json\/wp\/v2\/product_cat?post=9055"},{"taxonomy":"product_tag","embeddable":true,"href":"https:\/\/bitessiulai.lt\/fi\/wp-json\/wp\/v2\/product_tag?post=9055"},{"taxonomy":"giftcard-category","embeddable":true,"href":"https:\/\/bitessiulai.lt\/fi\/wp-json\/wp\/v2\/giftcard-category?post=9055"}],"curies":[{"name":"wp","href":"https:\/\/api.w.org\/{rel}","templated":true}]}}