{"id":8994,"date":"2025-03-02T17:19:10","date_gmt":"2025-03-02T15:19:10","guid":{"rendered":"https:\/\/bitessiulai.lt\/?post_type=product&#038;p=8994"},"modified":"2025-10-03T21:22:38","modified_gmt":"2025-10-03T18:22:38","slug":"sew-tasty-embroidery-zirkles","status":"publish","type":"product","link":"https:\/\/bitessiulai.lt\/fi\/tuote\/sew-tasty-embroidery-zirkles\/","title":{"rendered":"Ompele maukkaita kirjontasaksia"},"content":{"rendered":"<p><b>Ompele herkulliset kirjontasakset. N\u00e4m\u00e4 kauniit Ompele herkulliset <\/b>Sakset on valmistettu ruostumattomasta ter\u00e4ksest\u00e4 ja niiss\u00e4 on ter\u00e4v\u00e4 k\u00e4rki. Ne sopivat t\u00e4ydellisesti lankojen leikkaamiseen l\u00e4helt\u00e4 kangasta ja niit\u00e4 voidaan k\u00e4ytt\u00e4\u00e4 kirjontaan, virkkaukseen ja neulontaan. Sakset ovat 10 cm pitk\u00e4t ja niiss\u00e4 on muoviset enkelinmuotoiset kahvat.<\/p>\n<p>*N\u00e4yt\u00f6ll\u00e4 n\u00e4kyv\u00e4t v\u00e4rit voivat poiketa hieman todellisista v\u00e4reist\u00e4.<\/p>","protected":false},"excerpt":{"rendered":"<p>Sew Tasty Embroidery \u017eirkl\u0117s. \u0160ios gra\u017eios \u201eSew Tasty\u201c \u017eirkl\u0117s\u00a0pagamintos i\u0161 ner\u016bdijan\u010dio plieno ir turi a\u0161tr\u0173 galiuk\u0105. Jie puikiai tinka kirpti si\u016blus arti audinio ir gali b\u016bti naudojami siuvin\u0117jimui, n\u0117rimui ir mezgimui. \u017dirkl\u0117s yra 10 cm ilgio ir turi plastikines angelo formos rankenas. *Ekrane matomos spalvos gali \u0161iek tiek skirtis nuo tikrosios spalvos.<\/p>","protected":false},"featured_media":8998,"comment_status":"open","ping_status":"closed","template":"","meta":[],"product_brand":[],"product_cat":[192,215],"product_tag":[],"giftcard-category":[],"class_list":{"0":"post-8994","1":"product","2":"type-product","3":"status-publish","4":"has-post-thumbnail","6":"product_cat-priedai-mezgimui","7":"product_cat-zirkles","9":"first","10":"instock","11":"taxable","12":"shipping-taxable","13":"purchasable","14":"product-type-variable"},"_links":{"self":[{"href":"https:\/\/bitessiulai.lt\/fi\/wp-json\/wp\/v2\/product\/8994","targetHints":{"allow":["GET"]}}],"collection":[{"href":"https:\/\/bitessiulai.lt\/fi\/wp-json\/wp\/v2\/product"}],"about":[{"href":"https:\/\/bitessiulai.lt\/fi\/wp-json\/wp\/v2\/types\/product"}],"replies":[{"embeddable":true,"href":"https:\/\/bitessiulai.lt\/fi\/wp-json\/wp\/v2\/comments?post=8994"}],"version-history":[{"count":0,"href":"https:\/\/bitessiulai.lt\/fi\/wp-json\/wp\/v2\/product\/8994\/revisions"}],"wp:featuredmedia":[{"embeddable":true,"href":"https:\/\/bitessiulai.lt\/fi\/wp-json\/wp\/v2\/media\/8998"}],"wp:attachment":[{"href":"https:\/\/bitessiulai.lt\/fi\/wp-json\/wp\/v2\/media?parent=8994"}],"wp:term":[{"taxonomy":"product_brand","embeddable":true,"href":"https:\/\/bitessiulai.lt\/fi\/wp-json\/wp\/v2\/product_brand?post=8994"},{"taxonomy":"product_cat","embeddable":true,"href":"https:\/\/bitessiulai.lt\/fi\/wp-json\/wp\/v2\/product_cat?post=8994"},{"taxonomy":"product_tag","embeddable":true,"href":"https:\/\/bitessiulai.lt\/fi\/wp-json\/wp\/v2\/product_tag?post=8994"},{"taxonomy":"giftcard-category","embeddable":true,"href":"https:\/\/bitessiulai.lt\/fi\/wp-json\/wp\/v2\/giftcard-category?post=8994"}],"curies":[{"name":"wp","href":"https:\/\/api.w.org\/{rel}","templated":true}]}}