{"id":8950,"date":"2025-03-02T16:45:21","date_gmt":"2025-03-02T14:45:21","guid":{"rendered":"https:\/\/bitessiulai.lt\/?post_type=product&#038;p=8950"},"modified":"2026-04-03T13:49:25","modified_gmt":"2026-04-03T10:49:25","slug":"tulip-etimo-rose-nerimo-vaselis-minksta-rankena","status":"publish","type":"product","link":"https:\/\/bitessiulai.lt\/fi\/tuote\/tulip-etimo-rose-nerimo-vaselis-minksta-rankena\/","title":{"rendered":"Tulip Etimo Rose virkkuukoukku pehme\u00e4ll\u00e4 kahvalla"},"content":{"rendered":"<p>Kaunis Tulip Etimo Rose -virkkuukoukku, pehme\u00e4 varsi. <b>Tulppaani<\/b> Etimo Rose -alumiiniset virkkuukoukut takaavat pitk\u00e4kestoisen virkkaushauskan ilman k\u00e4sien v\u00e4symist\u00e4 mukavan pehme\u00e4n otteen ansiosta. Jokainen virkkuukoukun k\u00e4rki on eritt\u00e4in tarkka ja t\u00e4ysin sile\u00e4, mink\u00e4 ansiosta mink\u00e4 tahansa tyyppinen lanka liukuu helposti koukun yli j\u00e4\u00e4m\u00e4tt\u00e4 kiinni. Pehme\u00e4 muovikahva on saatavana useissa kauniissa vaaleanpunaisen s\u00e4vyiss\u00e4, ja koukun koko n\u00e4kyy selv\u00e4sti kahvassa.<\/p>\n<p><img fetchpriority=\"high\" decoding=\"async\" class=\"alignnone size-medium wp-image-8956\" src=\"http:\/\/bitessiulai.lt\/wp-content\/uploads\/2025\/03\/TER-14e-2-300x300.webp\" alt=\"\" width=\"300\" height=\"300\" srcset=\"https:\/\/bitessiulai.lt\/wp-content\/uploads\/2025\/03\/TER-14e-2-300x300.webp 300w, https:\/\/bitessiulai.lt\/wp-content\/uploads\/2025\/03\/TER-14e-2-150x150.webp 150w, https:\/\/bitessiulai.lt\/wp-content\/uploads\/2025\/03\/TER-14e-2-12x12.webp 12w, https:\/\/bitessiulai.lt\/wp-content\/uploads\/2025\/03\/TER-14e-2-96x96.webp 96w, https:\/\/bitessiulai.lt\/wp-content\/uploads\/2025\/03\/TER-14e-2.webp 583w\" sizes=\"(max-width: 300px) 100vw, 300px\" \/> <img decoding=\"async\" class=\"alignnone size-medium wp-image-8954\" src=\"http:\/\/bitessiulai.lt\/wp-content\/uploads\/2025\/03\/TER-14e-4-300x300.webp\" alt=\"\" width=\"300\" height=\"300\" srcset=\"https:\/\/bitessiulai.lt\/wp-content\/uploads\/2025\/03\/TER-14e-4-300x300.webp 300w, https:\/\/bitessiulai.lt\/wp-content\/uploads\/2025\/03\/TER-14e-4-150x150.webp 150w, https:\/\/bitessiulai.lt\/wp-content\/uploads\/2025\/03\/TER-14e-4-12x12.webp 12w, https:\/\/bitessiulai.lt\/wp-content\/uploads\/2025\/03\/TER-14e-4-96x96.webp 96w, https:\/\/bitessiulai.lt\/wp-content\/uploads\/2025\/03\/TER-14e-4.webp 583w\" sizes=\"(max-width: 300px) 100vw, 300px\" \/><\/p>\n<p>*N\u00e4yt\u00f6ll\u00e4 n\u00e4kyv\u00e4t v\u00e4rit voivat poiketa hieman todellisista v\u00e4reist\u00e4.<\/p>","protected":false},"excerpt":{"rendered":"<p>Tulip Etimo Rose n\u0117rimo v\u0105\u0161elis mink\u0161ta rankena. Gra\u017e\u016bs \u201eTulip\u201c aliuminio n\u0117rimo v\u0105\u0161eliai \u201eEtimo Rose\u201c garantuoja ilgas n\u0117rimo pramogas be jokio rank\u0173 nuovargio d\u0117l patogios mink\u0161tos rankenos. Kiekvienas n\u0117rimo kabliuko antgalis yra labai tikslus ir turi idealiai lygi\u0105 apdail\u0105, leid\u017eian\u010di\u0105 bet kokio tipo si\u016blams lengvai slysti vir\u0161 v\u0105\u0161elio ir neu\u017ekli\u016bti. Mink\u0161ta plastikin\u0117 rankena yra \u012fvairi\u0173 gra\u017ei\u0173 ro\u017ein\u0117s spalvos atspalvi\u0173, o v\u0105\u0161elio dydis ai\u0161kiai matomas ant rankenos. *Ekrane matomos spalvos gali \u0161iek tiek skirtis nuo tikrosios spalvos.<\/p>","protected":false},"featured_media":15318,"comment_status":"open","ping_status":"closed","template":"","meta":[],"product_brand":[],"product_cat":[190,180],"product_tag":[],"giftcard-category":[],"class_list":{"0":"post-8950","1":"product","2":"type-product","3":"status-publish","4":"has-post-thumbnail","6":"product_cat-nerimo-vaseliai","7":"product_cat-mezgimo-priemones","9":"first","10":"instock","11":"taxable","12":"shipping-taxable","13":"purchasable","14":"product-type-variable"},"_links":{"self":[{"href":"https:\/\/bitessiulai.lt\/fi\/wp-json\/wp\/v2\/product\/8950","targetHints":{"allow":["GET"]}}],"collection":[{"href":"https:\/\/bitessiulai.lt\/fi\/wp-json\/wp\/v2\/product"}],"about":[{"href":"https:\/\/bitessiulai.lt\/fi\/wp-json\/wp\/v2\/types\/product"}],"replies":[{"embeddable":true,"href":"https:\/\/bitessiulai.lt\/fi\/wp-json\/wp\/v2\/comments?post=8950"}],"version-history":[{"count":1,"href":"https:\/\/bitessiulai.lt\/fi\/wp-json\/wp\/v2\/product\/8950\/revisions"}],"predecessor-version":[{"id":23747,"href":"https:\/\/bitessiulai.lt\/fi\/wp-json\/wp\/v2\/product\/8950\/revisions\/23747"}],"wp:featuredmedia":[{"embeddable":true,"href":"https:\/\/bitessiulai.lt\/fi\/wp-json\/wp\/v2\/media\/15318"}],"wp:attachment":[{"href":"https:\/\/bitessiulai.lt\/fi\/wp-json\/wp\/v2\/media?parent=8950"}],"wp:term":[{"taxonomy":"product_brand","embeddable":true,"href":"https:\/\/bitessiulai.lt\/fi\/wp-json\/wp\/v2\/product_brand?post=8950"},{"taxonomy":"product_cat","embeddable":true,"href":"https:\/\/bitessiulai.lt\/fi\/wp-json\/wp\/v2\/product_cat?post=8950"},{"taxonomy":"product_tag","embeddable":true,"href":"https:\/\/bitessiulai.lt\/fi\/wp-json\/wp\/v2\/product_tag?post=8950"},{"taxonomy":"giftcard-category","embeddable":true,"href":"https:\/\/bitessiulai.lt\/fi\/wp-json\/wp\/v2\/giftcard-category?post=8950"}],"curies":[{"name":"wp","href":"https:\/\/api.w.org\/{rel}","templated":true}]}}