{"id":8809,"date":"2025-02-28T17:16:22","date_gmt":"2025-02-28T15:16:22","guid":{"rendered":"https:\/\/bitessiulai.lt\/?post_type=product&#038;p=8809"},"modified":"2026-04-08T17:34:50","modified_gmt":"2026-04-08T14:34:50","slug":"clover-soft-grip-vaseliai","status":"publish","type":"product","link":"https:\/\/bitessiulai.lt\/fi\/tuote\/clover-soft-grip-vaseliai\/","title":{"rendered":"Clover pehme\u00e4t koukut"},"content":{"rendered":"<p><strong>Clover pehme\u00e4otteiset koukut.\u00a0<\/strong> Clover Soft Touch -virkkuukoukkujen kanssa virkkaaminen on ilo! Ergonominen pehme\u00e4 ote v\u00e4hent\u00e4\u00e4 k\u00e4sien v\u00e4symist\u00e4 ja koukun k\u00e4rki liukuu sujuvasti silmukoiden l\u00e4pi. Virkkuukoukut ovat eritt\u00e4in tyylikk\u00e4\u00e4n kullanv\u00e4riset. Koukun koko on painettu selv\u00e4sti kahvaan. Saatavilla alumiinik\u00e4rjell\u00e4 koossa 2,00\u20136,00 mm ja ter\u00e4sk\u00e4rjell\u00e4 koossa 0,50\u20131,75 mm.<\/p>\n<p><img fetchpriority=\"high\" decoding=\"async\" class=\"alignnone size-medium wp-image-8812\" src=\"http:\/\/bitessiulai.lt\/wp-content\/uploads\/2025\/02\/cl1010-2-300x300.webp\" alt=\"\" width=\"300\" height=\"300\" srcset=\"https:\/\/bitessiulai.lt\/wp-content\/uploads\/2025\/02\/cl1010-2-300x300.webp 300w, https:\/\/bitessiulai.lt\/wp-content\/uploads\/2025\/02\/cl1010-2-150x150.webp 150w, https:\/\/bitessiulai.lt\/wp-content\/uploads\/2025\/02\/cl1010-2-12x12.webp 12w, https:\/\/bitessiulai.lt\/wp-content\/uploads\/2025\/02\/cl1010-2-96x96.webp 96w, https:\/\/bitessiulai.lt\/wp-content\/uploads\/2025\/02\/cl1010-2.webp 583w\" sizes=\"(max-width: 300px) 100vw, 300px\" \/> <img decoding=\"async\" class=\"alignnone size-medium wp-image-8813\" src=\"http:\/\/bitessiulai.lt\/wp-content\/uploads\/2025\/02\/cl10290-2_1-300x300.webp\" alt=\"\" width=\"300\" height=\"300\" srcset=\"https:\/\/bitessiulai.lt\/wp-content\/uploads\/2025\/02\/cl10290-2_1-300x300.webp 300w, https:\/\/bitessiulai.lt\/wp-content\/uploads\/2025\/02\/cl10290-2_1-150x150.webp 150w, https:\/\/bitessiulai.lt\/wp-content\/uploads\/2025\/02\/cl10290-2_1-12x12.webp 12w, https:\/\/bitessiulai.lt\/wp-content\/uploads\/2025\/02\/cl10290-2_1-600x600.webp 600w, https:\/\/bitessiulai.lt\/wp-content\/uploads\/2025\/02\/cl10290-2_1-96x96.webp 96w, https:\/\/bitessiulai.lt\/wp-content\/uploads\/2025\/02\/cl10290-2_1.webp 700w\" sizes=\"(max-width: 300px) 100vw, 300px\" \/> <img decoding=\"async\" class=\"alignnone size-medium wp-image-8814\" src=\"http:\/\/bitessiulai.lt\/wp-content\/uploads\/2025\/02\/cl10290-3-300x300.webp\" alt=\"\" width=\"300\" height=\"300\" srcset=\"https:\/\/bitessiulai.lt\/wp-content\/uploads\/2025\/02\/cl10290-3-300x300.webp 300w, https:\/\/bitessiulai.lt\/wp-content\/uploads\/2025\/02\/cl10290-3-150x150.webp 150w, https:\/\/bitessiulai.lt\/wp-content\/uploads\/2025\/02\/cl10290-3-12x12.webp 12w, https:\/\/bitessiulai.lt\/wp-content\/uploads\/2025\/02\/cl10290-3-600x600.webp 600w, https:\/\/bitessiulai.lt\/wp-content\/uploads\/2025\/02\/cl10290-3-96x96.webp 96w, https:\/\/bitessiulai.lt\/wp-content\/uploads\/2025\/02\/cl10290-3.webp 700w\" sizes=\"(max-width: 300px) 100vw, 300px\" \/><\/p>","protected":false},"excerpt":{"rendered":"<p>Clover Soft grip v\u0105\u0161eliai.\u00a0 \u201eClover\u201c Soft Touch n\u0117rimo v\u0105\u0161eli\u0173 asortimentas yra be galo malonus n\u0117rimas! Ergonomi\u0161ka mink\u0161ta rankena suma\u017eina rank\u0173 nuovarg\u012f, o kabliuko galiukas skland\u017eiai slysta per si\u016bles. N\u0117rimo kabliukai yra labai eleganti\u0161kos aukso spalvos. Kabliuko dydis ai\u0161kiai atspausdintas ant rankenos. Galima \u012fsigyti\u00a0 2,00\u20136,00 mm dyd\u017eio aliuminio antgaliu ir 0,50\u20131,75 mm dyd\u017eio plieniniu antgaliu.<\/p>","protected":false},"featured_media":8810,"comment_status":"open","ping_status":"closed","template":"","meta":[],"product_brand":[],"product_cat":[180,190],"product_tag":[],"giftcard-category":[],"class_list":{"0":"post-8809","1":"product","2":"type-product","3":"status-publish","4":"has-post-thumbnail","6":"product_cat-mezgimo-priemones","7":"product_cat-nerimo-vaseliai","9":"first","10":"instock","11":"taxable","12":"shipping-taxable","13":"purchasable","14":"product-type-variable"},"_links":{"self":[{"href":"https:\/\/bitessiulai.lt\/fi\/wp-json\/wp\/v2\/product\/8809","targetHints":{"allow":["GET"]}}],"collection":[{"href":"https:\/\/bitessiulai.lt\/fi\/wp-json\/wp\/v2\/product"}],"about":[{"href":"https:\/\/bitessiulai.lt\/fi\/wp-json\/wp\/v2\/types\/product"}],"replies":[{"embeddable":true,"href":"https:\/\/bitessiulai.lt\/fi\/wp-json\/wp\/v2\/comments?post=8809"}],"version-history":[{"count":1,"href":"https:\/\/bitessiulai.lt\/fi\/wp-json\/wp\/v2\/product\/8809\/revisions"}],"predecessor-version":[{"id":23769,"href":"https:\/\/bitessiulai.lt\/fi\/wp-json\/wp\/v2\/product\/8809\/revisions\/23769"}],"wp:featuredmedia":[{"embeddable":true,"href":"https:\/\/bitessiulai.lt\/fi\/wp-json\/wp\/v2\/media\/8810"}],"wp:attachment":[{"href":"https:\/\/bitessiulai.lt\/fi\/wp-json\/wp\/v2\/media?parent=8809"}],"wp:term":[{"taxonomy":"product_brand","embeddable":true,"href":"https:\/\/bitessiulai.lt\/fi\/wp-json\/wp\/v2\/product_brand?post=8809"},{"taxonomy":"product_cat","embeddable":true,"href":"https:\/\/bitessiulai.lt\/fi\/wp-json\/wp\/v2\/product_cat?post=8809"},{"taxonomy":"product_tag","embeddable":true,"href":"https:\/\/bitessiulai.lt\/fi\/wp-json\/wp\/v2\/product_tag?post=8809"},{"taxonomy":"giftcard-category","embeddable":true,"href":"https:\/\/bitessiulai.lt\/fi\/wp-json\/wp\/v2\/giftcard-category?post=8809"}],"curies":[{"name":"wp","href":"https:\/\/api.w.org\/{rel}","templated":true}]}}