{"id":8718,"date":"2025-02-28T10:08:56","date_gmt":"2025-02-28T08:08:56","guid":{"rendered":"https:\/\/bitessiulai.lt\/?post_type=product&#038;p=8718"},"modified":"2025-12-09T14:40:36","modified_gmt":"2025-12-09T12:40:36","slug":"yarnart-ir-gazzal-siulu-rinkinukas-19","status":"publish","type":"product","link":"https:\/\/bitessiulai.lt\/fi\/tuote\/yarnart-ir-gazzal-siulu-rinkinukas-19\/","title":{"rendered":"YarnArt ja Gazzal -lankasetti"},"content":{"rendered":"<h5 dir=\"auto\"><strong>YarnArt- ja Gazzal-lankasetti:<\/strong><\/h5>\n<ul>\n<li>YarnArt Tyylik\u00e4s alpakkalanka 2 kpl.<\/li>\n<li>Gazzal Super Kid Mohair 5 kpl.<\/li>\n<\/ul>\n<p><strong>YarnArt Tyylik\u00e4s alpakka<\/strong><\/p>\n<p><img fetchpriority=\"high\" decoding=\"async\" class=\"alignnone size-medium wp-image-8719\" src=\"http:\/\/bitessiulai.lt\/wp-content\/uploads\/2025\/02\/YARNART_STYLISH_ALPACA_7710_USTTEN-600x600-1-300x300.jpg\" alt=\"\" width=\"300\" height=\"300\" srcset=\"https:\/\/bitessiulai.lt\/wp-content\/uploads\/2025\/02\/YARNART_STYLISH_ALPACA_7710_USTTEN-600x600-1-300x300.jpg 300w, https:\/\/bitessiulai.lt\/wp-content\/uploads\/2025\/02\/YARNART_STYLISH_ALPACA_7710_USTTEN-600x600-1-150x150.jpg 150w, https:\/\/bitessiulai.lt\/wp-content\/uploads\/2025\/02\/YARNART_STYLISH_ALPACA_7710_USTTEN-600x600-1-12x12.jpg 12w, https:\/\/bitessiulai.lt\/wp-content\/uploads\/2025\/02\/YARNART_STYLISH_ALPACA_7710_USTTEN-600x600-1-96x96.jpg 96w, https:\/\/bitessiulai.lt\/wp-content\/uploads\/2025\/02\/YARNART_STYLISH_ALPACA_7710_USTTEN-600x600-1.jpg 600w\" sizes=\"(max-width: 300px) 100vw, 300px\" \/><\/p>\n<p>(V\u00e4ri: 7710)<\/p>\n<ul>\n<li dir=\"auto\"><strong>Koostumus:<\/strong> 25% alpakka, 75% akryyli<\/li>\n<li dir=\"auto\"><strong>Paino\/pituus:<\/strong> 150 vuotta = noin 525 vuotta.<\/li>\n<li dir=\"auto\"><strong>Suositeltu puikon koko:<\/strong> 3,5 mm.<\/li>\n<li dir=\"auto\"><strong>Maljakon suositeltu koko:<\/strong> 3 mm.<\/li>\n<\/ul>\n<p>&nbsp;<\/p>\n<p><span class=\"html-span xexx8yu x4uap5 x18d9i69 xkhd6sd x1hl2dhg x16tdsg8 x1vvkbs x3nfvp2 x1j61x8r x1fcty0u xdj266r xat24cr xgzva0m xhhsvwb xxymvpz xlup9mm x1kky2od\"><img decoding=\"async\" class=\"xz74otr\" src=\"https:\/\/static.xx.fbcdn.net\/images\/emoji.php\/v9\/t2d\/1\/16\/1f4cd.png\" alt=\"\ud83d\udccd\" width=\"16\" height=\"16\" \/><\/span> <strong>Hinta 4,80 \u20ac<\/strong><\/p>\n<p><strong>Gazzal Super Kid Mohair<\/strong><\/p>\n<p><img decoding=\"async\" class=\"alignnone size-medium wp-image-8720\" src=\"http:\/\/bitessiulai.lt\/wp-content\/uploads\/2025\/02\/super-kid-mohair-64419-892-10-B-600x600-2-300x300.jpg\" alt=\"\" width=\"300\" height=\"300\" srcset=\"https:\/\/bitessiulai.lt\/wp-content\/uploads\/2025\/02\/super-kid-mohair-64419-892-10-B-600x600-2-300x300.jpg 300w, https:\/\/bitessiulai.lt\/wp-content\/uploads\/2025\/02\/super-kid-mohair-64419-892-10-B-600x600-2-150x150.jpg 150w, https:\/\/bitessiulai.lt\/wp-content\/uploads\/2025\/02\/super-kid-mohair-64419-892-10-B-600x600-2-12x12.jpg 12w, https:\/\/bitessiulai.lt\/wp-content\/uploads\/2025\/02\/super-kid-mohair-64419-892-10-B-600x600-2-96x96.jpg 96w, https:\/\/bitessiulai.lt\/wp-content\/uploads\/2025\/02\/super-kid-mohair-64419-892-10-B-600x600-2.jpg 600w\" sizes=\"(max-width: 300px) 100vw, 300px\" \/><\/p>\n<p>(V\u00e4ri: 64419)<\/p>\n<ul>\n<li><strong>Koostumus:<\/strong> 47% super kid mohair, 31% merinovilla, 22% polyamidi<\/li>\n<li><strong>Paino\/pituus:<\/strong> 25 vuotta = noin 237 vuotta.<\/li>\n<li><strong>Suositeltu puikon koko: <\/strong>3 mm.<\/li>\n<li><strong>Maljakon suositeltu koko:<\/strong> 2,5\u20133 mm.<\/li>\n<\/ul>\n<p>&nbsp;<\/p>\n<p><span class=\"html-span xexx8yu x4uap5 x18d9i69 xkhd6sd x1hl2dhg x16tdsg8 x1vvkbs x3nfvp2 x1j61x8r x1fcty0u xdj266r xat24cr xgzva0m xhhsvwb xxymvpz xlup9mm x1kky2od\"><img decoding=\"async\" class=\"xz74otr\" src=\"https:\/\/static.xx.fbcdn.net\/images\/emoji.php\/v9\/t2d\/1\/16\/1f4cd.png\" alt=\"\ud83d\udccd\" width=\"16\" height=\"16\" \/><\/span> <strong>Hinta 2,99 \u20ac<\/strong><\/p>\n<p><span class=\"html-span xexx8yu x4uap5 x18d9i69 xkhd6sd x1hl2dhg x16tdsg8 x1vvkbs x3nfvp2 x1j61x8r x1fcty0u xdj266r xat24cr xgzva0m xhhsvwb xxymvpz xlup9mm x1kky2od\"><img decoding=\"async\" class=\"xz74otr\" src=\"https:\/\/static.xx.fbcdn.net\/images\/emoji.php\/v9\/t2d\/1\/16\/1f4cd.png\" alt=\"\ud83d\udccd\" width=\"16\" height=\"16\" \/>Jos sarjaa ei ole saatavilla tai tarvitset suuremman m\u00e4\u00e4r\u00e4n, ota meihin yhteytt\u00e4. <img decoding=\"async\" class=\"xz74otr\" src=\"https:\/\/static.xx.fbcdn.net\/images\/emoji.php\/v9\/t2d\/1\/16\/1f4cd.png\" alt=\"\ud83d\udccd\" width=\"16\" height=\"16\" \/><\/span><\/p>\n<div class=\"item\">\n<ul>\n<li class=\"text\">+370 672 44443<\/li>\n<\/ul>\n<\/div>\n<div class=\"item\">\n<ul>\n<li class=\"text\">info@bitessiulai.lt<\/li>\n<\/ul>\n<\/div>\n<p>&nbsp;<\/p>\n<p>*N\u00e4yt\u00f6ll\u00e4si n\u00e4kem\u00e4si v\u00e4rit saattavat poiketa hieman langan todellisesta v\u00e4rist\u00e4.<\/p>","protected":false},"excerpt":{"rendered":"<p>YarnArt ir Gazzal si\u016bl\u0173 rinkinukas\u00a0: YarnArt Stylish Alpaca 2vnt. Gazzal Super Kid Mohair\u00a0 5vnt. YarnArt Stylish Alpaca (Spalva: 7710) Sud\u0117tis: 25% alpaka, 75% akrilas Svoris\/ilgis: 150 g.= ma\u017edaug 525 m. Rekomenduojamas virbal\u0173 dydis: 3,5 mm. Rekomenduojamas va\u0161elio dydis: 3 mm. &nbsp; Kaina 4,80\u20ac Gazzal Super Kid Mohair (Spalva: 64419) Sud\u0117tis: 47% super kid mohera, 31% merino vilna, 22% poliamidas Svoris\/ilgis: 25 g.= ma\u017edaug 237 m. Rekomenduojamas virbal\u0173 dydis: 3 mm. Rekomenduojamas va\u0161elio dydis: 2,5 &#8211; 3 mm. &nbsp; Kaina 2,99\u20ac Jeigu prekyboje rinkinio n\u0117ra arba reikalingas didesnis kiekis, susiekite su Mumis +370 672 44443 info@bitessiulai.lt &nbsp; *Ekrane matomos spalvos gali \u0161iek tiek skirtis nuo tikrosios si\u016bl\u0173 spalvos.<\/p>","protected":false},"featured_media":8647,"comment_status":"open","ping_status":"closed","template":"","meta":[],"product_brand":[],"product_cat":[3571,3431,176],"product_tag":[],"giftcard-category":[],"class_list":{"0":"post-8718","1":"product","2":"type-product","3":"status-publish","4":"has-post-thumbnail","6":"product_cat-rinkinukai-su-gazzal-super-kid-mohair-siulu-rinkinukai","7":"product_cat-rinkinukai-su-yarnart-stylish-alpaca","8":"product_cat-siulu-rinkinukai","10":"first","11":"instock","12":"taxable","13":"shipping-taxable","14":"purchasable","15":"product-type-simple"},"_links":{"self":[{"href":"https:\/\/bitessiulai.lt\/fi\/wp-json\/wp\/v2\/product\/8718","targetHints":{"allow":["GET"]}}],"collection":[{"href":"https:\/\/bitessiulai.lt\/fi\/wp-json\/wp\/v2\/product"}],"about":[{"href":"https:\/\/bitessiulai.lt\/fi\/wp-json\/wp\/v2\/types\/product"}],"replies":[{"embeddable":true,"href":"https:\/\/bitessiulai.lt\/fi\/wp-json\/wp\/v2\/comments?post=8718"}],"version-history":[{"count":2,"href":"https:\/\/bitessiulai.lt\/fi\/wp-json\/wp\/v2\/product\/8718\/revisions"}],"predecessor-version":[{"id":20541,"href":"https:\/\/bitessiulai.lt\/fi\/wp-json\/wp\/v2\/product\/8718\/revisions\/20541"}],"wp:featuredmedia":[{"embeddable":true,"href":"https:\/\/bitessiulai.lt\/fi\/wp-json\/wp\/v2\/media\/8647"}],"wp:attachment":[{"href":"https:\/\/bitessiulai.lt\/fi\/wp-json\/wp\/v2\/media?parent=8718"}],"wp:term":[{"taxonomy":"product_brand","embeddable":true,"href":"https:\/\/bitessiulai.lt\/fi\/wp-json\/wp\/v2\/product_brand?post=8718"},{"taxonomy":"product_cat","embeddable":true,"href":"https:\/\/bitessiulai.lt\/fi\/wp-json\/wp\/v2\/product_cat?post=8718"},{"taxonomy":"product_tag","embeddable":true,"href":"https:\/\/bitessiulai.lt\/fi\/wp-json\/wp\/v2\/product_tag?post=8718"},{"taxonomy":"giftcard-category","embeddable":true,"href":"https:\/\/bitessiulai.lt\/fi\/wp-json\/wp\/v2\/giftcard-category?post=8718"}],"curies":[{"name":"wp","href":"https:\/\/api.w.org\/{rel}","templated":true}]}}