{"id":8481,"date":"2025-02-23T16:07:07","date_gmt":"2025-02-23T14:07:07","guid":{"rendered":"https:\/\/bitessiulai.lt\/?post_type=product&#038;p=8481"},"modified":"2026-03-13T00:07:45","modified_gmt":"2026-03-12T22:07:45","slug":"chiaogoo-swiv360-valas-prisukamiems-virbalams","status":"publish","type":"product","link":"https:\/\/bitessiulai.lt\/fi\/tuote\/chiaogoo-swiv360-valas-prisukamiems-virbalams\/","title":{"rendered":"ChiaoGoo SWIV360 -siima ruuvattaville tankoille"},"content":{"rendered":"<p><span style=\"letter-spacing: 0px;\">ChiaoGoo SWIV360 -siima ruuvattaville puikoille - tekee neulomisesta helpompaa ja sujuvampaa py\u00f6re\u00e4ss\u00e4 neulonnassa. SWIV360-j\u00e4rjestelm\u00e4 antaa puikkojen k\u00e4rkien py\u00f6ri\u00e4 vapaasti, mik\u00e4 est\u00e4\u00e4 siimaa kiertym\u00e4st\u00e4. Ter\u00e4ssiima on p\u00e4\u00e4llystetty hopeanv\u00e4risell\u00e4 nailonpinnoitteella. T\u00e4m\u00e4 materiaali tekee siimasta vahvan, mutta se liukuu silti helposti silmukoiden l\u00e4pi. Siimat voidaan kiinnitt\u00e4\u00e4 neulan k\u00e4rkiin t\u00e4ydellisesti sopivan siima-avaimen ansiosta. Siima-avaimen reiki\u00e4 voidaan k\u00e4ytt\u00e4\u00e4 my\u00f6s pelastusk\u00f6yten\u00e4 esimerkiksi pudonneiden silmukoiden vet\u00e4miseen ulos.\u00a0<\/span><\/p>\n<p><img fetchpriority=\"high\" decoding=\"async\" class=\"alignnone size-medium wp-image-8482\" src=\"http:\/\/bitessiulai.lt\/wp-content\/uploads\/2025\/02\/chiaogoo-swiv-360-silver-interchangeable-cords-226x300.jpg\" alt=\"\" width=\"226\" height=\"300\" srcset=\"https:\/\/bitessiulai.lt\/wp-content\/uploads\/2025\/02\/chiaogoo-swiv-360-silver-interchangeable-cords-226x300.jpg 226w, https:\/\/bitessiulai.lt\/wp-content\/uploads\/2025\/02\/chiaogoo-swiv-360-silver-interchangeable-cords-9x12.jpg 9w, https:\/\/bitessiulai.lt\/wp-content\/uploads\/2025\/02\/chiaogoo-swiv-360-silver-interchangeable-cords-113x150.jpg 113w, https:\/\/bitessiulai.lt\/wp-content\/uploads\/2025\/02\/chiaogoo-swiv-360-silver-interchangeable-cords.jpg 600w\" sizes=\"(max-width: 226px) 100vw, 226px\" \/><\/p>","protected":false},"excerpt":{"rendered":"<p>ChiaoGoo SWIV360 -siima ruuvattaville puikoille - tekee neulomisesta helpompaa ja sujuvampaa py\u00f6re\u00e4ss\u00e4 neulonnassa. SWIV360-j\u00e4rjestelm\u00e4 antaa puikkojen k\u00e4rkien py\u00f6ri\u00e4 vapaasti, mik\u00e4 est\u00e4\u00e4 siimaa kiertym\u00e4st\u00e4. Ter\u00e4ssiima on p\u00e4\u00e4llystetty hopeanv\u00e4risell\u00e4 nailonpinnoitteella. T\u00e4m\u00e4 materiaali tekee siimasta vahvan, mutta se liukuu silti helposti silmukoiden l\u00e4pi. Siimat voidaan kiinnitt\u00e4\u00e4 neulan k\u00e4rkiin t\u00e4ydellisesti sopivan siima-avaimen ansiosta. Siima-avaimen reiki\u00e4 voidaan k\u00e4ytt\u00e4\u00e4 my\u00f6s pelastusk\u00f6yten\u00e4 esimerkiksi pudonneiden silmukoiden vet\u00e4miseen ulos.\u00a0<\/p>","protected":false},"featured_media":8483,"comment_status":"open","ping_status":"closed","template":"","meta":[],"product_brand":[],"product_cat":[2419,180,185],"product_tag":[],"giftcard-category":[],"class_list":{"0":"post-8481","1":"product","2":"type-product","3":"status-publish","4":"has-post-thumbnail","6":"product_cat-chiaogoo","7":"product_cat-mezgimo-priemones","8":"product_cat-valai-virbalams","10":"first","11":"instock","12":"taxable","13":"shipping-taxable","14":"purchasable","15":"product-type-variable"},"_links":{"self":[{"href":"https:\/\/bitessiulai.lt\/fi\/wp-json\/wp\/v2\/product\/8481","targetHints":{"allow":["GET"]}}],"collection":[{"href":"https:\/\/bitessiulai.lt\/fi\/wp-json\/wp\/v2\/product"}],"about":[{"href":"https:\/\/bitessiulai.lt\/fi\/wp-json\/wp\/v2\/types\/product"}],"replies":[{"embeddable":true,"href":"https:\/\/bitessiulai.lt\/fi\/wp-json\/wp\/v2\/comments?post=8481"}],"version-history":[{"count":1,"href":"https:\/\/bitessiulai.lt\/fi\/wp-json\/wp\/v2\/product\/8481\/revisions"}],"predecessor-version":[{"id":20987,"href":"https:\/\/bitessiulai.lt\/fi\/wp-json\/wp\/v2\/product\/8481\/revisions\/20987"}],"wp:featuredmedia":[{"embeddable":true,"href":"https:\/\/bitessiulai.lt\/fi\/wp-json\/wp\/v2\/media\/8483"}],"wp:attachment":[{"href":"https:\/\/bitessiulai.lt\/fi\/wp-json\/wp\/v2\/media?parent=8481"}],"wp:term":[{"taxonomy":"product_brand","embeddable":true,"href":"https:\/\/bitessiulai.lt\/fi\/wp-json\/wp\/v2\/product_brand?post=8481"},{"taxonomy":"product_cat","embeddable":true,"href":"https:\/\/bitessiulai.lt\/fi\/wp-json\/wp\/v2\/product_cat?post=8481"},{"taxonomy":"product_tag","embeddable":true,"href":"https:\/\/bitessiulai.lt\/fi\/wp-json\/wp\/v2\/product_tag?post=8481"},{"taxonomy":"giftcard-category","embeddable":true,"href":"https:\/\/bitessiulai.lt\/fi\/wp-json\/wp\/v2\/giftcard-category?post=8481"}],"curies":[{"name":"wp","href":"https:\/\/api.w.org\/{rel}","templated":true}]}}