{"id":8443,"date":"2025-02-23T09:57:54","date_gmt":"2025-02-23T07:57:54","guid":{"rendered":"https:\/\/bitessiulai.lt\/?post_type=product&#038;p=8443"},"modified":"2025-12-08T13:38:21","modified_gmt":"2025-12-08T11:38:21","slug":"chiaogoo-aksesuaru-maiselis","status":"publish","type":"product","link":"https:\/\/bitessiulai.lt\/fi\/tuote\/chiaogoo-aksesuaru-maiselis\/","title":{"rendered":"ChiaoGoo-lis\u00e4varustepussi"},"content":{"rendered":"<p>ChiaoGoo-lis\u00e4varustelaukku - T\u00e4m\u00e4 k\u00e4tev\u00e4 lis\u00e4varustelaukku sopii kaapeleille, liittimille, jakoavaimille ja muille tarvittaville tarvikkeille, joita saatat tarvita vaihdettavissa k\u00e4rkisarjoissasi. Laukussa on kaksi vetoketjullista taskua. Tarvikelaukku on musta ja sen mitat ovat 17 x 13 cm.<\/p>\n<p>&nbsp;<\/p>","protected":false},"excerpt":{"rendered":"<p>ChiaoGoo-lis\u00e4varustelaukku - T\u00e4m\u00e4 k\u00e4tev\u00e4 lis\u00e4varustelaukku sopii kaapeleille, liittimille, jakoavaimille ja muille tarvittaville tarvikkeille, joita saatat tarvita vaihdettavissa k\u00e4rkisarjoissasi. Laukussa on kaksi vetoketjullista taskua. Tarvikelaukku on musta ja sen mitat ovat 17 x 13 cm. &nbsp;<\/p>","protected":false},"featured_media":8444,"comment_status":"open","ping_status":"closed","template":"","meta":[],"product_brand":[],"product_cat":[199,192],"product_tag":[],"giftcard-category":[],"class_list":{"0":"post-8443","1":"product","2":"type-product","3":"status-publish","4":"has-post-thumbnail","6":"product_cat-deklai-krepsiai","7":"product_cat-priedai-mezgimui","9":"first","10":"instock","11":"taxable","12":"shipping-taxable","13":"purchasable","14":"product-type-simple"},"_links":{"self":[{"href":"https:\/\/bitessiulai.lt\/fi\/wp-json\/wp\/v2\/product\/8443","targetHints":{"allow":["GET"]}}],"collection":[{"href":"https:\/\/bitessiulai.lt\/fi\/wp-json\/wp\/v2\/product"}],"about":[{"href":"https:\/\/bitessiulai.lt\/fi\/wp-json\/wp\/v2\/types\/product"}],"replies":[{"embeddable":true,"href":"https:\/\/bitessiulai.lt\/fi\/wp-json\/wp\/v2\/comments?post=8443"}],"version-history":[{"count":1,"href":"https:\/\/bitessiulai.lt\/fi\/wp-json\/wp\/v2\/product\/8443\/revisions"}],"predecessor-version":[{"id":20412,"href":"https:\/\/bitessiulai.lt\/fi\/wp-json\/wp\/v2\/product\/8443\/revisions\/20412"}],"wp:featuredmedia":[{"embeddable":true,"href":"https:\/\/bitessiulai.lt\/fi\/wp-json\/wp\/v2\/media\/8444"}],"wp:attachment":[{"href":"https:\/\/bitessiulai.lt\/fi\/wp-json\/wp\/v2\/media?parent=8443"}],"wp:term":[{"taxonomy":"product_brand","embeddable":true,"href":"https:\/\/bitessiulai.lt\/fi\/wp-json\/wp\/v2\/product_brand?post=8443"},{"taxonomy":"product_cat","embeddable":true,"href":"https:\/\/bitessiulai.lt\/fi\/wp-json\/wp\/v2\/product_cat?post=8443"},{"taxonomy":"product_tag","embeddable":true,"href":"https:\/\/bitessiulai.lt\/fi\/wp-json\/wp\/v2\/product_tag?post=8443"},{"taxonomy":"giftcard-category","embeddable":true,"href":"https:\/\/bitessiulai.lt\/fi\/wp-json\/wp\/v2\/giftcard-category?post=8443"}],"curies":[{"name":"wp","href":"https:\/\/api.w.org\/{rel}","templated":true}]}}