{"id":7865,"date":"2025-02-15T18:06:28","date_gmt":"2025-02-15T16:06:28","guid":{"rendered":"https:\/\/bitessiulai.lt\/?post_type=product&#038;p=7865"},"modified":"2026-04-09T13:19:59","modified_gmt":"2026-04-09T10:19:59","slug":"stenli-confetti","status":"publish","type":"product","link":"https:\/\/bitessiulai.lt\/fi\/tuote\/stenli-confetti\/","title":{"rendered":"Stanley-konfetti"},"content":{"rendered":"<p><strong>Stanley Confetti -lanka<\/strong> \u2013 on hyvin kierretty akryylilanka, jonka p\u00e4\u00e4kuituun on kudottu p\u00f6rr\u00f6isi\u00e4 nuppuja. Pehme\u00e4n langan v\u00e4rivalikoima sopii lasten neuleisiin ja asusteisiin, jotka tarjoavat l\u00e4mp\u00f6\u00e4 ja mukavuutta kylm\u00e4n\u00e4 vuodenaikana. Sit\u00e4 voi neuloa sek\u00e4 yksiv\u00e4risesti ett\u00e4 kohoneulonnalla.<\/p>\n<p>*N\u00e4yt\u00f6ll\u00e4si n\u00e4kem\u00e4si v\u00e4rit saattavat poiketa hieman langan todellisesta v\u00e4rist\u00e4.<\/p>","protected":false},"excerpt":{"rendered":"<p>Materiaali: 75% akryyli, 25% nailon<\/p>\n<p>Paino\/pituus: 50 g = noin 130 m.<\/p>\n<p>Suositeltu puikkokoko: 3\u20134 mm.<\/p>\n<p>Suositeltu helmen koko: 4 mm.<\/p>","protected":false},"featured_media":7866,"comment_status":"open","ping_status":"closed","template":"","meta":[],"product_brand":[],"product_cat":[326,3289,177,1911,178,173,174,175,1641],"product_tag":[],"giftcard-category":[],"class_list":{"0":"post-7865","1":"product","2":"type-product","3":"status-publish","4":"has-post-thumbnail","6":"product_cat-akrilas","7":"product_cat-konfeti","8":"product_cat-mezgimo-siulai","9":"product_cat-nailonas","10":"product_cat-nerimo-siulai","11":"product_cat-siulai","12":"product_cat-siulu-gamintojai","13":"product_cat-siulu-pluostai","14":"product_cat-stenli","16":"first","17":"instock","18":"taxable","19":"shipping-taxable","20":"purchasable","21":"product-type-variable"},"_links":{"self":[{"href":"https:\/\/bitessiulai.lt\/fi\/wp-json\/wp\/v2\/product\/7865","targetHints":{"allow":["GET"]}}],"collection":[{"href":"https:\/\/bitessiulai.lt\/fi\/wp-json\/wp\/v2\/product"}],"about":[{"href":"https:\/\/bitessiulai.lt\/fi\/wp-json\/wp\/v2\/types\/product"}],"replies":[{"embeddable":true,"href":"https:\/\/bitessiulai.lt\/fi\/wp-json\/wp\/v2\/comments?post=7865"}],"version-history":[{"count":0,"href":"https:\/\/bitessiulai.lt\/fi\/wp-json\/wp\/v2\/product\/7865\/revisions"}],"wp:featuredmedia":[{"embeddable":true,"href":"https:\/\/bitessiulai.lt\/fi\/wp-json\/wp\/v2\/media\/7866"}],"wp:attachment":[{"href":"https:\/\/bitessiulai.lt\/fi\/wp-json\/wp\/v2\/media?parent=7865"}],"wp:term":[{"taxonomy":"product_brand","embeddable":true,"href":"https:\/\/bitessiulai.lt\/fi\/wp-json\/wp\/v2\/product_brand?post=7865"},{"taxonomy":"product_cat","embeddable":true,"href":"https:\/\/bitessiulai.lt\/fi\/wp-json\/wp\/v2\/product_cat?post=7865"},{"taxonomy":"product_tag","embeddable":true,"href":"https:\/\/bitessiulai.lt\/fi\/wp-json\/wp\/v2\/product_tag?post=7865"},{"taxonomy":"giftcard-category","embeddable":true,"href":"https:\/\/bitessiulai.lt\/fi\/wp-json\/wp\/v2\/giftcard-category?post=7865"}],"curies":[{"name":"wp","href":"https:\/\/api.w.org\/{rel}","templated":true}]}}