{"id":7685,"date":"2025-02-15T16:18:52","date_gmt":"2025-02-15T14:18:52","guid":{"rendered":"https:\/\/bitessiulai.lt\/?post_type=product&#038;p=7685"},"modified":"2026-01-15T21:17:45","modified_gmt":"2026-01-15T19:17:45","slug":"stenli-muffin-magic-drops","status":"publish","type":"product","link":"https:\/\/bitessiulai.lt\/fi\/tuote\/stenli-muffin-magic-drops\/","title":{"rendered":"Stanley Muffin Magic Drops"},"content":{"rendered":"<p><strong>Stanley Muffin Magic Drops<\/strong>\u00a0on pehmeist\u00e4 akryylikuiduista valmistettu lanka. Valitse hienovaraisista ja hienostuneista v\u00e4riyhdistelmist\u00e4 tai klassisista yksiv\u00e4risist\u00e4 v\u00e4reist\u00e4. Ihanteellinen helppoon neulomiseen ja loistaviin tuloksiin.<br \/>\nJos aloitat neulomisen keskelt\u00e4 \/merkist\u00e4\/, kakku pysyy varmasti paikallaan eik\u00e4 sotkeudu.<\/p>\n<p>*N\u00e4yt\u00f6ll\u00e4si n\u00e4kem\u00e4si v\u00e4rit saattavat poiketa hieman langan todellisesta v\u00e4rist\u00e4.<\/p>","protected":false},"excerpt":{"rendered":"<p>Materiaali: 80% akryyli, 20% lurex<\/p>\n<p>Paino\/pituus: 330 g = noin 1100 m.<\/p>\n<p>Suositeltu puikkokoko: 4,5\u20135,5 mm.<\/p>\n<p>Suositeltu puikkokoko: 3\u20135 mm.<\/p>","protected":false},"featured_media":7711,"comment_status":"open","ping_status":"closed","template":"","meta":[],"product_brand":[],"product_cat":[326,1703,177,3559,178,173,174,175,1641],"product_tag":[],"giftcard-category":[],"class_list":{"0":"post-7685","1":"product","2":"type-product","3":"status-publish","4":"has-post-thumbnail","6":"product_cat-akrilas","7":"product_cat-liureksas","8":"product_cat-mezgimo-siulai","9":"product_cat-muffin-magic-drops-stenli","10":"product_cat-nerimo-siulai","11":"product_cat-siulai","12":"product_cat-siulu-gamintojai","13":"product_cat-siulu-pluostai","14":"product_cat-stenli","16":"first","17":"instock","18":"taxable","19":"shipping-taxable","20":"purchasable","21":"product-type-variable"},"_links":{"self":[{"href":"https:\/\/bitessiulai.lt\/fi\/wp-json\/wp\/v2\/product\/7685","targetHints":{"allow":["GET"]}}],"collection":[{"href":"https:\/\/bitessiulai.lt\/fi\/wp-json\/wp\/v2\/product"}],"about":[{"href":"https:\/\/bitessiulai.lt\/fi\/wp-json\/wp\/v2\/types\/product"}],"replies":[{"embeddable":true,"href":"https:\/\/bitessiulai.lt\/fi\/wp-json\/wp\/v2\/comments?post=7685"}],"version-history":[{"count":0,"href":"https:\/\/bitessiulai.lt\/fi\/wp-json\/wp\/v2\/product\/7685\/revisions"}],"wp:featuredmedia":[{"embeddable":true,"href":"https:\/\/bitessiulai.lt\/fi\/wp-json\/wp\/v2\/media\/7711"}],"wp:attachment":[{"href":"https:\/\/bitessiulai.lt\/fi\/wp-json\/wp\/v2\/media?parent=7685"}],"wp:term":[{"taxonomy":"product_brand","embeddable":true,"href":"https:\/\/bitessiulai.lt\/fi\/wp-json\/wp\/v2\/product_brand?post=7685"},{"taxonomy":"product_cat","embeddable":true,"href":"https:\/\/bitessiulai.lt\/fi\/wp-json\/wp\/v2\/product_cat?post=7685"},{"taxonomy":"product_tag","embeddable":true,"href":"https:\/\/bitessiulai.lt\/fi\/wp-json\/wp\/v2\/product_tag?post=7685"},{"taxonomy":"giftcard-category","embeddable":true,"href":"https:\/\/bitessiulai.lt\/fi\/wp-json\/wp\/v2\/giftcard-category?post=7685"}],"curies":[{"name":"wp","href":"https:\/\/api.w.org\/{rel}","templated":true}]}}