{"id":7581,"date":"2025-02-15T09:36:26","date_gmt":"2025-02-15T07:36:26","guid":{"rendered":"https:\/\/bitessiulai.lt\/?post_type=product&#038;p=7581"},"modified":"2025-12-08T15:13:06","modified_gmt":"2025-12-08T13:13:06","slug":"knitpro-mezgejos-krepsys-doctor-bag-mazas","status":"publish","type":"product","link":"https:\/\/bitessiulai.lt\/fi\/tuote\/knitpro-mezgejos-krepsys-doctor-bag-mazas\/","title":{"rendered":"KnitPro Doctor -laukku pieni"},"content":{"rendered":"<p><b style=\"letter-spacing: 0px;\">KnitPro Doctor -laukku pieni<\/b><span style=\"letter-spacing: 0px;\">\u00a0T\u00e4m\u00e4n laukun muotoilun ansiosta voit pit\u00e4\u00e4 kaikki tavarasi selke\u00e4sti ja turvallisesti j\u00e4rjestyksess\u00e4. Kaksi tukevaa kahvaa tekev\u00e4t siit\u00e4 helpon kantamisen. Huolellisesti valmistettu laukku on valmistettu kest\u00e4v\u00e4st\u00e4 kankaasta. Sis\u00e4puoli on vuorattu keinomokalla. Kun avaat laukun, l\u00f6yd\u00e4t suuren taskun langalle ja meneill\u00e4\u00e4n olevalle projektille. Kangasjakaja, jonka voit sulkea kahdella hakasella, antaa p\u00e4\u00e4syn toiseen osastoon, jossa on joustavat taskut neuloille tai puikoille ja kaksi taskua, jotka sopivat t\u00e4ydellisesti tarvikkeiden s\u00e4ilytt\u00e4miseen. Laukku sulkeutuu vetoketjulla joka puolelta. <\/span><\/p>\n<p><span style=\"letter-spacing: 0px;\"><strong>Mitat: 27,5 x 18,5 x 10 cm<\/strong> ilman sis\u00e4lt\u00f6\u00e4. Kolme eri vaihtoehtoa on saatavilla.\u00a0<\/span><\/p>\n<p><img fetchpriority=\"high\" decoding=\"async\" class=\"alignnone size-medium wp-image-7591\" src=\"https:\/\/bitessiulai.lt\/wp-content\/uploads\/2025\/02\/K12831-3-300x300.webp\" alt=\"\" width=\"300\" height=\"300\" srcset=\"https:\/\/bitessiulai.lt\/wp-content\/uploads\/2025\/02\/K12831-3-300x300.webp 300w, https:\/\/bitessiulai.lt\/wp-content\/uploads\/2025\/02\/K12831-3-150x150.webp 150w, https:\/\/bitessiulai.lt\/wp-content\/uploads\/2025\/02\/K12831-3-12x12.webp 12w, https:\/\/bitessiulai.lt\/wp-content\/uploads\/2025\/02\/K12831-3-96x96.webp 96w, https:\/\/bitessiulai.lt\/wp-content\/uploads\/2025\/02\/K12831-3.webp 583w\" sizes=\"(max-width: 300px) 100vw, 300px\" \/> <img decoding=\"async\" class=\"alignnone size-medium wp-image-7592\" src=\"https:\/\/bitessiulai.lt\/wp-content\/uploads\/2025\/02\/K12831-2-300x300.webp\" alt=\"\" width=\"300\" height=\"300\" srcset=\"https:\/\/bitessiulai.lt\/wp-content\/uploads\/2025\/02\/K12831-2-300x300.webp 300w, https:\/\/bitessiulai.lt\/wp-content\/uploads\/2025\/02\/K12831-2-150x150.webp 150w, https:\/\/bitessiulai.lt\/wp-content\/uploads\/2025\/02\/K12831-2-12x12.webp 12w, https:\/\/bitessiulai.lt\/wp-content\/uploads\/2025\/02\/K12831-2-96x96.webp 96w, https:\/\/bitessiulai.lt\/wp-content\/uploads\/2025\/02\/K12831-2.webp 583w\" sizes=\"(max-width: 300px) 100vw, 300px\" \/><\/p>\n<p>&nbsp;<\/p>","protected":false},"excerpt":{"rendered":"<p>KnitPro Mezg\u0117jos krep\u0161ys Doctor bag ma\u017eas\u00a0. \u0160io krep\u0161io dizainas leid\u017eia ai\u0161kiai ir saugiai laikyti visus savo daiktus. Dvi tvirtos rankenos leid\u017eia lengvai ne\u0161tis. Kruop\u0161\u010diai sukurtas krep\u0161ys pagamintas i\u0161 tvirto audinio. Vidus i\u0161klotas dirbtiniu zom\u0161u. Atseg\u0119 mai\u0161el\u012f rasite didel\u0119 ki\u0161en\u0119 si\u016blams ir dabartiniam projektui. Audinio pertvara, kuri\u0105 galite u\u017efiksuoti dviem u\u017esegimais, suteikia prieig\u0105 prie antrojo skyriaus su elastin\u0117mis ki\u0161en\u0117mis virbalams ar va\u0161eliams ir dviem ki\u0161en\u0117mis, puikiai tinkan\u010diomis laikyti priedus. Krep\u0161ys u\u017esisega u\u017etrauktuku aplinkui. I\u0161matavimai: 27,5 x 18,5 x 10 cm dyd\u017eio be turinio. Galimi trys skirtingi variantai.\u00a0 &nbsp;<\/p>","protected":false},"featured_media":7584,"comment_status":"open","ping_status":"closed","template":"","meta":[],"product_brand":[],"product_cat":[199,192],"product_tag":[],"giftcard-category":[],"class_list":{"0":"post-7581","1":"product","2":"type-product","3":"status-publish","4":"has-post-thumbnail","6":"product_cat-deklai-krepsiai","7":"product_cat-priedai-mezgimui","9":"first","10":"instock","11":"taxable","12":"shipping-taxable","13":"purchasable","14":"product-type-variable"},"_links":{"self":[{"href":"https:\/\/bitessiulai.lt\/fi\/wp-json\/wp\/v2\/product\/7581","targetHints":{"allow":["GET"]}}],"collection":[{"href":"https:\/\/bitessiulai.lt\/fi\/wp-json\/wp\/v2\/product"}],"about":[{"href":"https:\/\/bitessiulai.lt\/fi\/wp-json\/wp\/v2\/types\/product"}],"replies":[{"embeddable":true,"href":"https:\/\/bitessiulai.lt\/fi\/wp-json\/wp\/v2\/comments?post=7581"}],"version-history":[{"count":1,"href":"https:\/\/bitessiulai.lt\/fi\/wp-json\/wp\/v2\/product\/7581\/revisions"}],"predecessor-version":[{"id":20423,"href":"https:\/\/bitessiulai.lt\/fi\/wp-json\/wp\/v2\/product\/7581\/revisions\/20423"}],"wp:featuredmedia":[{"embeddable":true,"href":"https:\/\/bitessiulai.lt\/fi\/wp-json\/wp\/v2\/media\/7584"}],"wp:attachment":[{"href":"https:\/\/bitessiulai.lt\/fi\/wp-json\/wp\/v2\/media?parent=7581"}],"wp:term":[{"taxonomy":"product_brand","embeddable":true,"href":"https:\/\/bitessiulai.lt\/fi\/wp-json\/wp\/v2\/product_brand?post=7581"},{"taxonomy":"product_cat","embeddable":true,"href":"https:\/\/bitessiulai.lt\/fi\/wp-json\/wp\/v2\/product_cat?post=7581"},{"taxonomy":"product_tag","embeddable":true,"href":"https:\/\/bitessiulai.lt\/fi\/wp-json\/wp\/v2\/product_tag?post=7581"},{"taxonomy":"giftcard-category","embeddable":true,"href":"https:\/\/bitessiulai.lt\/fi\/wp-json\/wp\/v2\/giftcard-category?post=7581"}],"curies":[{"name":"wp","href":"https:\/\/api.w.org\/{rel}","templated":true}]}}