{"id":7520,"date":"2025-02-13T14:43:41","date_gmt":"2025-02-13T12:43:41","guid":{"rendered":"https:\/\/bitessiulai.lt\/?post_type=product&#038;p=7520"},"modified":"2026-02-17T11:44:50","modified_gmt":"2026-02-17T09:44:50","slug":"opry-matavimo-juosta","status":"publish","type":"product","link":"https:\/\/bitessiulai.lt\/fi\/tuote\/opry-matavimo-juosta\/","title":{"rendered":"Opry-mittanauha"},"content":{"rendered":"<ul>\n<li>Opry-mittanauha on k\u00e4tev\u00e4 rullattava mittanauha.<\/li>\n<li>Pituus \u2013 150 cm.<\/li>\n<li>Runko on muovia.<\/li>\n<li>Kelautuu takaisin painamalla puolan keskell\u00e4 olevaa painiketta.<\/li>\n<\/ul>\n<p>*N\u00e4yt\u00f6ll\u00e4 n\u00e4kyv\u00e4t v\u00e4rit voivat poiketa hieman todellisista v\u00e4reist\u00e4.<\/p>","protected":false},"excerpt":{"rendered":"<p>Opry matavimo juosta \u2013 patogi susivyniojanti matavimo juosta. Ilgis \u2013 150 cm. Korpusas plastikinis. Susivynioja paspaudus mygtuk\u0105 rit\u0117s centre. *Ekrane matomos spalvos gali \u0161iek tiek skirtis nuo tikrosios spalvos.<\/p>","protected":false},"featured_media":7521,"comment_status":"open","ping_status":"closed","template":"","meta":[],"product_brand":[],"product_cat":[202,192],"product_tag":[],"giftcard-category":[],"class_list":{"0":"post-7520","1":"product","2":"type-product","3":"status-publish","4":"has-post-thumbnail","6":"product_cat-matavimo-priemones","7":"product_cat-priedai-mezgimui","9":"first","10":"instock","11":"taxable","12":"shipping-taxable","13":"purchasable","14":"product-type-variable"},"_links":{"self":[{"href":"https:\/\/bitessiulai.lt\/fi\/wp-json\/wp\/v2\/product\/7520","targetHints":{"allow":["GET"]}}],"collection":[{"href":"https:\/\/bitessiulai.lt\/fi\/wp-json\/wp\/v2\/product"}],"about":[{"href":"https:\/\/bitessiulai.lt\/fi\/wp-json\/wp\/v2\/types\/product"}],"replies":[{"embeddable":true,"href":"https:\/\/bitessiulai.lt\/fi\/wp-json\/wp\/v2\/comments?post=7520"}],"version-history":[{"count":1,"href":"https:\/\/bitessiulai.lt\/fi\/wp-json\/wp\/v2\/product\/7520\/revisions"}],"predecessor-version":[{"id":21031,"href":"https:\/\/bitessiulai.lt\/fi\/wp-json\/wp\/v2\/product\/7520\/revisions\/21031"}],"wp:featuredmedia":[{"embeddable":true,"href":"https:\/\/bitessiulai.lt\/fi\/wp-json\/wp\/v2\/media\/7521"}],"wp:attachment":[{"href":"https:\/\/bitessiulai.lt\/fi\/wp-json\/wp\/v2\/media?parent=7520"}],"wp:term":[{"taxonomy":"product_brand","embeddable":true,"href":"https:\/\/bitessiulai.lt\/fi\/wp-json\/wp\/v2\/product_brand?post=7520"},{"taxonomy":"product_cat","embeddable":true,"href":"https:\/\/bitessiulai.lt\/fi\/wp-json\/wp\/v2\/product_cat?post=7520"},{"taxonomy":"product_tag","embeddable":true,"href":"https:\/\/bitessiulai.lt\/fi\/wp-json\/wp\/v2\/product_tag?post=7520"},{"taxonomy":"giftcard-category","embeddable":true,"href":"https:\/\/bitessiulai.lt\/fi\/wp-json\/wp\/v2\/giftcard-category?post=7520"}],"curies":[{"name":"wp","href":"https:\/\/api.w.org\/{rel}","templated":true}]}}