{"id":7477,"date":"2025-02-13T14:04:23","date_gmt":"2025-02-13T12:04:23","guid":{"rendered":"https:\/\/bitessiulai.lt\/?post_type=product&#038;p=7477"},"modified":"2026-04-27T09:56:50","modified_gmt":"2026-04-27T06:56:50","slug":"opry-pagalbine-mezgimo-virvele-laidas-5m","status":"publish","type":"product","link":"https:\/\/bitessiulai.lt\/fi\/tuote\/opry-pagalbine-mezgimo-virvele-laidas-5m\/","title":{"rendered":"Opryn apuaineulontanaru\/naru 5m"},"content":{"rendered":"<p><strong>Opryn apuaineulontanaru\/naru 5m<\/strong> on ihanteellinen lis\u00e4varuste jokaiselle neulojalle. Voit k\u00e4ytt\u00e4\u00e4 sit\u00e4 silmukoiden paikallaan pit\u00e4miseen neulomisen aikana. Ty\u00f6nn\u00e4 neulepuikon k\u00e4rki narun onttoon osaan, niin voit helposti liu&#039;uttaa silmukat neulepuikolta narulle. Jatkaessasi neulomista, liu&#039;uta silmukat narulta takaisin neulepuikolle samalla tavalla. Voit leikata pitk\u00e4n narun haluttuun pituuteen. T\u00e4m\u00e4 naru on 2 mm leve\u00e4 ja 5 m pitk\u00e4.<\/p>\n<p><img fetchpriority=\"high\" decoding=\"async\" class=\"alignnone size-medium wp-image-7478\" src=\"https:\/\/bitessiulai.lt\/wp-content\/uploads\/2025\/02\/StitchCordDemo-1-med_1000x-600x600-1-300x300.webp\" alt=\"\" width=\"300\" height=\"300\" srcset=\"https:\/\/bitessiulai.lt\/wp-content\/uploads\/2025\/02\/StitchCordDemo-1-med_1000x-600x600-1-300x300.webp 300w, https:\/\/bitessiulai.lt\/wp-content\/uploads\/2025\/02\/StitchCordDemo-1-med_1000x-600x600-1-150x150.webp 150w, https:\/\/bitessiulai.lt\/wp-content\/uploads\/2025\/02\/StitchCordDemo-1-med_1000x-600x600-1-12x12.webp 12w, https:\/\/bitessiulai.lt\/wp-content\/uploads\/2025\/02\/StitchCordDemo-1-med_1000x-600x600-1-96x96.webp 96w, https:\/\/bitessiulai.lt\/wp-content\/uploads\/2025\/02\/StitchCordDemo-1-med_1000x-600x600-1.webp 600w\" sizes=\"(max-width: 300px) 100vw, 300px\" \/><\/p>\n<p>*N\u00e4yt\u00f6ll\u00e4 n\u00e4kyv\u00e4t v\u00e4rit voivat poiketa hieman todellisista v\u00e4reist\u00e4.<\/p>","protected":false},"excerpt":{"rendered":"<p>Opry pagalbin\u0117 mezgimo virvel\u0117\/laidas 5m yra idealus kiekvienos mezg\u0117jos priedas. Galite naudoti, kad i\u0161laikytum\u0117te si\u016bles mezgimo metu. \u012eki\u0161kite mezgimo adatos galiuk\u0105 \u012f tu\u0161\u010diavidur\u0119 laido dal\u012f ir gal\u0117site lengvai nustumti si\u016bles nuo mezgimo adatos prie virvel\u0117s. Kai t\u0119siate mezgim\u0105, tuo pa\u010diu b\u016bdu pastumkite si\u016bles nuo virvel\u0117s atgal prie mezgimo adatos. Ilg\u0105 virvel\u0119 galite nukirpti iki norimo ilgio. \u0160i virvel\u0117 yra 2 mm. plo\u010dio ir 5m. ilgio. *Ekrane matomos spalvos gali \u0161iek tiek skirtis nuo tikrosios spalvos.<\/p>","protected":false},"featured_media":7480,"comment_status":"open","ping_status":"closed","template":"","meta":[],"product_brand":[],"product_cat":[916,192],"product_tag":[],"giftcard-category":[],"class_list":{"0":"post-7477","1":"product","2":"type-product","3":"status-publish","4":"has-post-thumbnail","6":"product_cat-kitos-priemones","7":"product_cat-priedai-mezgimui","9":"first","10":"instock","11":"taxable","12":"shipping-taxable","13":"purchasable","14":"product-type-variable"},"_links":{"self":[{"href":"https:\/\/bitessiulai.lt\/fi\/wp-json\/wp\/v2\/product\/7477","targetHints":{"allow":["GET"]}}],"collection":[{"href":"https:\/\/bitessiulai.lt\/fi\/wp-json\/wp\/v2\/product"}],"about":[{"href":"https:\/\/bitessiulai.lt\/fi\/wp-json\/wp\/v2\/types\/product"}],"replies":[{"embeddable":true,"href":"https:\/\/bitessiulai.lt\/fi\/wp-json\/wp\/v2\/comments?post=7477"}],"version-history":[{"count":1,"href":"https:\/\/bitessiulai.lt\/fi\/wp-json\/wp\/v2\/product\/7477\/revisions"}],"predecessor-version":[{"id":20397,"href":"https:\/\/bitessiulai.lt\/fi\/wp-json\/wp\/v2\/product\/7477\/revisions\/20397"}],"wp:featuredmedia":[{"embeddable":true,"href":"https:\/\/bitessiulai.lt\/fi\/wp-json\/wp\/v2\/media\/7480"}],"wp:attachment":[{"href":"https:\/\/bitessiulai.lt\/fi\/wp-json\/wp\/v2\/media?parent=7477"}],"wp:term":[{"taxonomy":"product_brand","embeddable":true,"href":"https:\/\/bitessiulai.lt\/fi\/wp-json\/wp\/v2\/product_brand?post=7477"},{"taxonomy":"product_cat","embeddable":true,"href":"https:\/\/bitessiulai.lt\/fi\/wp-json\/wp\/v2\/product_cat?post=7477"},{"taxonomy":"product_tag","embeddable":true,"href":"https:\/\/bitessiulai.lt\/fi\/wp-json\/wp\/v2\/product_tag?post=7477"},{"taxonomy":"giftcard-category","embeddable":true,"href":"https:\/\/bitessiulai.lt\/fi\/wp-json\/wp\/v2\/giftcard-category?post=7477"}],"curies":[{"name":"wp","href":"https:\/\/api.w.org\/{rel}","templated":true}]}}