{"id":7242,"date":"2025-02-11T18:30:42","date_gmt":"2025-02-11T16:30:42","guid":{"rendered":"https:\/\/bitessiulai.lt\/?post_type=product&#038;p=7242"},"modified":"2026-03-08T15:36:09","modified_gmt":"2026-03-08T13:36:09","slug":"stenli-paris-nights","status":"publish","type":"product","link":"https:\/\/bitessiulai.lt\/fi\/tuote\/stenli-paris-nights\/","title":{"rendered":"Stanley Pariisin y\u00f6t"},"content":{"rendered":"<p id=\"tw-target-text\" class=\"tw-data-text tw-text-large tw-ta\" dir=\"ltr\" data-placeholder=\"Vertimas\" data-ved=\"2ahUKEwiW8qjQ_buLAxWjSfEDHZ4zORsQ3ewLegQIChAV\" aria-label=\"K\u00e4\u00e4nnetty teksti: Stanley Paris Nights -lanka lupaa t\u00e4ydellisen silkkisen syleilyn, joka heijastaa y\u00f6kaupungin valoja. Upea lanka siirtyy sujuvasti sileist\u00e4 viskoosiosista kevyesti kasteltuihin lurex-pisaroihin. Tuloksena oleva neule n\u00e4ytt\u00e4\u00e4 pitsilt\u00e4 ja siin\u00e4 on ihana tekstuuri. Lanka kutsuu luomaan tyylikk\u00e4it\u00e4 ja elegantteja iltapukuja ja asusteita, jotka korostavat vastustamatonta ulkon\u00e4k\u00f6\u00e4si. Stanley Paris Nights sopii yksinkertaisiin, suurilla koukuilla neulottuihin lenkkeihin. Koristeelliseen huiviin tarvitset 2 kpl, upeaan verkkopuseroon 6\u20138 kpl ja tunikaan 8\u201310 kpl. Lankaa voidaan neuloa yhdess\u00e4 muiden lankojen kanssa tai k\u00e4ytt\u00e4\u00e4 aksenttina.\"><span class=\"Y2IQFc\" lang=\"lt\"><strong>Stanley Pariisin y\u00f6t<\/strong> Lanka lupaa t\u00e4ydellisen silkkisen syleilyn, joka heijastaa kaupungin valoja y\u00f6ll\u00e4. Tuloksena oleva neule n\u00e4ytt\u00e4\u00e4 pitsilt\u00e4 ja siin\u00e4 on ihana tekstuuri. Lanka kutsuu sinut luomaan tyylikk\u00e4it\u00e4 ja elegantteja iltapukuja ja asusteita, jotka korostavat vastustamatonta tyyli\u00e4si. Lankaa voi yhdist\u00e4\u00e4 muiden lankojen kanssa tai k\u00e4ytt\u00e4\u00e4 aksenttina.<\/span><\/p>\n<p dir=\"ltr\" data-placeholder=\"Vertimas\" data-ved=\"2ahUKEwiW8qjQ_buLAxWjSfEDHZ4zORsQ3ewLegQIChAV\" aria-label=\"K\u00e4\u00e4nnetty teksti: Stanley Paris Nights -lanka lupaa t\u00e4ydellisen silkkisen syleilyn, joka heijastaa y\u00f6kaupungin valoja. Upea lanka siirtyy sujuvasti sileist\u00e4 viskoosiosista kevyesti kasteltuihin lurex-pisaroihin. Tuloksena oleva neule n\u00e4ytt\u00e4\u00e4 pitsilt\u00e4 ja siin\u00e4 on ihana tekstuuri. Lanka kutsuu luomaan tyylikk\u00e4it\u00e4 ja elegantteja iltapukuja ja asusteita, jotka korostavat vastustamatonta ulkon\u00e4k\u00f6\u00e4si. Stanley Paris Nights sopii yksinkertaisiin, suurilla koukuilla neulottuihin lenkkeihin. Koristeelliseen huiviin tarvitset 2 kpl, upeaan verkkopuseroon 6\u20138 kpl ja tunikaan 8\u201310 kpl. Lankaa voidaan neuloa yhdess\u00e4 muiden lankojen kanssa tai k\u00e4ytt\u00e4\u00e4 aksenttina.\"><img fetchpriority=\"high\" decoding=\"async\" class=\"alignnone size-medium wp-image-7243\" src=\"https:\/\/bitessiulai.lt\/wp-content\/uploads\/2025\/02\/dsc-5012-20230301114404-110-500x500-1-300x300.jpeg\" alt=\"\" width=\"300\" height=\"300\" srcset=\"https:\/\/bitessiulai.lt\/wp-content\/uploads\/2025\/02\/dsc-5012-20230301114404-110-500x500-1-300x300.jpeg 300w, https:\/\/bitessiulai.lt\/wp-content\/uploads\/2025\/02\/dsc-5012-20230301114404-110-500x500-1-150x150.jpeg 150w, https:\/\/bitessiulai.lt\/wp-content\/uploads\/2025\/02\/dsc-5012-20230301114404-110-500x500-1-12x12.jpeg 12w, https:\/\/bitessiulai.lt\/wp-content\/uploads\/2025\/02\/dsc-5012-20230301114404-110-500x500-1-96x96.jpeg 96w, https:\/\/bitessiulai.lt\/wp-content\/uploads\/2025\/02\/dsc-5012-20230301114404-110-500x500-1.jpeg 500w\" sizes=\"(max-width: 300px) 100vw, 300px\" \/> <img decoding=\"async\" class=\"alignnone size-medium wp-image-7244\" src=\"https:\/\/bitessiulai.lt\/wp-content\/uploads\/2025\/02\/dsc-5016-20230301114405-928-500x500-1-300x300.jpeg\" alt=\"\" width=\"300\" height=\"300\" srcset=\"https:\/\/bitessiulai.lt\/wp-content\/uploads\/2025\/02\/dsc-5016-20230301114405-928-500x500-1-300x300.jpeg 300w, https:\/\/bitessiulai.lt\/wp-content\/uploads\/2025\/02\/dsc-5016-20230301114405-928-500x500-1-150x150.jpeg 150w, https:\/\/bitessiulai.lt\/wp-content\/uploads\/2025\/02\/dsc-5016-20230301114405-928-500x500-1-12x12.jpeg 12w, https:\/\/bitessiulai.lt\/wp-content\/uploads\/2025\/02\/dsc-5016-20230301114405-928-500x500-1-96x96.jpeg 96w, https:\/\/bitessiulai.lt\/wp-content\/uploads\/2025\/02\/dsc-5016-20230301114405-928-500x500-1.jpeg 500w\" sizes=\"(max-width: 300px) 100vw, 300px\" \/><\/p>\n<p dir=\"ltr\" data-placeholder=\"Vertimas\" data-ved=\"2ahUKEwiW8qjQ_buLAxWjSfEDHZ4zORsQ3ewLegQIChAV\" aria-label=\"K\u00e4\u00e4nnetty teksti: Stanley Paris Nights -lanka lupaa t\u00e4ydellisen silkkisen syleilyn, joka heijastaa y\u00f6kaupungin valoja. Upea lanka siirtyy sujuvasti sileist\u00e4 viskoosiosista kevyesti kasteltuihin lurex-pisaroihin. Tuloksena oleva neule n\u00e4ytt\u00e4\u00e4 pitsilt\u00e4 ja siin\u00e4 on ihana tekstuuri. Lanka kutsuu luomaan tyylikk\u00e4it\u00e4 ja elegantteja iltapukuja ja asusteita, jotka korostavat vastustamatonta ulkon\u00e4k\u00f6\u00e4si. Stanley Paris Nights sopii yksinkertaisiin, suurilla koukuilla neulottuihin lenkkeihin. Koristeelliseen huiviin tarvitset 2 kpl, upeaan verkkopuseroon 6\u20138 kpl ja tunikaan 8\u201310 kpl. Lankaa voidaan neuloa yhdess\u00e4 muiden lankojen kanssa tai k\u00e4ytt\u00e4\u00e4 aksenttina.\">*N\u00e4yt\u00f6ll\u00e4si n\u00e4kem\u00e4si v\u00e4rit saattavat poiketa hieman langan todellisesta v\u00e4rist\u00e4.<\/p>\n<p dir=\"ltr\" data-placeholder=\"Vertimas\" data-ved=\"2ahUKEwiW8qjQ_buLAxWjSfEDHZ4zORsQ3ewLegQIChAV\" aria-label=\"K\u00e4\u00e4nnetty teksti: Stanley Paris Nights -lanka lupaa t\u00e4ydellisen silkkisen syleilyn, joka heijastaa y\u00f6kaupungin valoja. Upea lanka siirtyy sujuvasti sileist\u00e4 viskoosiosista kevyesti kasteltuihin lurex-pisaroihin. Tuloksena oleva neule n\u00e4ytt\u00e4\u00e4 pitsilt\u00e4 ja siin\u00e4 on ihana tekstuuri. Lanka kutsuu luomaan tyylikk\u00e4it\u00e4 ja elegantteja iltapukuja ja asusteita, jotka korostavat vastustamatonta ulkon\u00e4k\u00f6\u00e4si. Stanley Paris Nights sopii yksinkertaisiin, suurilla koukuilla neulottuihin lenkkeihin. Koristeelliseen huiviin tarvitset 2 kpl, upeaan verkkopuseroon 6\u20138 kpl ja tunikaan 8\u201310 kpl. Lankaa voidaan neuloa yhdess\u00e4 muiden lankojen kanssa tai k\u00e4ytt\u00e4\u00e4 aksenttina.\">","protected":false},"excerpt":{"rendered":"<p>Koostumus: 65% viskoosi, 30% lurex, 5% polyamidi<\/p>\n<p>Paino\/pituus: 50 g = noin 135 m.<\/p>\n<p>Suositeltu puikkokoko: 6\u20138 mm.<\/p>","protected":false},"featured_media":7245,"comment_status":"open","ping_status":"closed","template":"","meta":[],"product_brand":[],"product_cat":[915,1703,177,3283,324,173,174,175,1641,337],"product_tag":[],"giftcard-category":[],"class_list":{"0":"post-7242","1":"product","2":"type-product","3":"status-publish","4":"has-post-thumbnail","6":"product_cat-dekoratyviniai-siulai","7":"product_cat-liureksas","8":"product_cat-mezgimo-siulai","9":"product_cat-paris-nights","10":"product_cat-poliamidas","11":"product_cat-siulai","12":"product_cat-siulu-gamintojai","13":"product_cat-siulu-pluostai","14":"product_cat-stenli","15":"product_cat-viskoze","17":"first","18":"instock","19":"taxable","20":"shipping-taxable","21":"purchasable","22":"product-type-variable"},"_links":{"self":[{"href":"https:\/\/bitessiulai.lt\/fi\/wp-json\/wp\/v2\/product\/7242","targetHints":{"allow":["GET"]}}],"collection":[{"href":"https:\/\/bitessiulai.lt\/fi\/wp-json\/wp\/v2\/product"}],"about":[{"href":"https:\/\/bitessiulai.lt\/fi\/wp-json\/wp\/v2\/types\/product"}],"replies":[{"embeddable":true,"href":"https:\/\/bitessiulai.lt\/fi\/wp-json\/wp\/v2\/comments?post=7242"}],"version-history":[{"count":0,"href":"https:\/\/bitessiulai.lt\/fi\/wp-json\/wp\/v2\/product\/7242\/revisions"}],"wp:featuredmedia":[{"embeddable":true,"href":"https:\/\/bitessiulai.lt\/fi\/wp-json\/wp\/v2\/media\/7245"}],"wp:attachment":[{"href":"https:\/\/bitessiulai.lt\/fi\/wp-json\/wp\/v2\/media?parent=7242"}],"wp:term":[{"taxonomy":"product_brand","embeddable":true,"href":"https:\/\/bitessiulai.lt\/fi\/wp-json\/wp\/v2\/product_brand?post=7242"},{"taxonomy":"product_cat","embeddable":true,"href":"https:\/\/bitessiulai.lt\/fi\/wp-json\/wp\/v2\/product_cat?post=7242"},{"taxonomy":"product_tag","embeddable":true,"href":"https:\/\/bitessiulai.lt\/fi\/wp-json\/wp\/v2\/product_tag?post=7242"},{"taxonomy":"giftcard-category","embeddable":true,"href":"https:\/\/bitessiulai.lt\/fi\/wp-json\/wp\/v2\/giftcard-category?post=7242"}],"curies":[{"name":"wp","href":"https:\/\/api.w.org\/{rel}","templated":true}]}}