{"id":7124,"date":"2025-02-11T08:36:11","date_gmt":"2025-02-11T06:36:11","guid":{"rendered":"https:\/\/bitessiulai.lt\/?post_type=product&#038;p=7124"},"modified":"2026-02-18T21:18:19","modified_gmt":"2026-02-18T19:18:19","slug":"stenli-muffin-dots","status":"publish","type":"product","link":"https:\/\/bitessiulai.lt\/fi\/tuote\/stenli-muffin-dots\/","title":{"rendered":"Stanley Muffin Dots"},"content":{"rendered":"<p id=\"tw-target-text\" class=\"tw-data-text tw-text-large tw-ta\" dir=\"ltr\" data-placeholder=\"Vertimas\" data-ved=\"2ahUKEwjH05q2_LqLAxU4SPEDHcPmF2UQ3ewLegQIChAV\" aria-label=\"K\u00e4\u00e4nnetty teksti: Muffin Dots on muunnelma Muffinista ja Baby Muffinista, jossa on pieni\u00e4 pehmeit\u00e4, volyymikankaasta valmistettuja palloja. Pohja on pehme\u00e4\u00e4, kolmikerroksista akryyli\u00e4, jonka v\u00e4rit ovat hulmuavia ja jotka on aseteltu pitkin et\u00e4isyyksin, ja pallot on ripoteltu kuin karkkitankoja kakkuun. Ihanteellinen moderniin neulomiseen kahdella keskipaksulla puikolla. Yksi kakku sis\u00e4lt\u00e4\u00e4 1160 m monis\u00e4ikeist\u00e4 lankaa, jonka paino on v\u00e4hint\u00e4\u00e4n 550 g \/ 550 - 600 g \/, mik\u00e4 riitt\u00e4\u00e4 suuren villapaidan, puseron, lasten peiton, suuren huivin, viitan tai huovan neulomiseen. Suosittelemme neulomista ainaoikeaa tai neulomista p\u00e4\u00e4asiassa l\u00e4pin\u00e4kym\u00e4tt\u00f6mill\u00e4 silmukoilla. Kun neuleesta tulee ilmavaa, pallot erottuvat helposti ja kauniisti sile\u00e4\u00e4 pohjaa vasten. Eritt\u00e4in pehme\u00e4n rakenteensa, herk\u00e4n tuntumansa ja valmiiden tuotteiden erinomaisten l\u00e4mm\u00f6neristysominaisuuksiensa ansiosta Muffin Dots on loistava valinta moderniin neulomiseen, jolla on v\u00e4rik\u00e4s ja kest\u00e4v\u00e4 lopputulos.\"><span class=\"Y2IQFc\" lang=\"lt\"><strong>Stanley Muffin Dots <\/strong>Lankaa pienist\u00e4 pehmeist\u00e4 kangaspalloista. Pohjana on pehme\u00e4 kolmikerroksinen akryyli, jossa on hulmuavia v\u00e4rej\u00e4, jotka on aseteltu pitkin v\u00e4lein ja ripoteltu palloilla kuin sokerikuplia kakussa. Ihanteellinen moderniin neulontaan. Sopii villapaidan, puseron, lasten peiton, ison huivin, viitan ja huovan neulomiseen. Eritt\u00e4in pehme\u00e4n rakenteensa, herk\u00e4n tuntumansa ja erinomaisten eristysominaisuuksiensa ansiosta. <strong>Muffin Dots<\/strong> on loistava valinta moderniin neulontaan, sill\u00e4 se antaa v\u00e4rikk\u00e4\u00e4n ja kest\u00e4v\u00e4n lopputuloksen.<\/span><\/p>","protected":false},"excerpt":{"rendered":"<p>Koostumus: 70% akryyli, 30% polyesteri<\/p>\n<p>Paino\/pituus: 550 g = noin 1160 m.<\/p>\n<p>Suositeltu puikkokoko: 5\u20137 mm.<\/p>","protected":false},"featured_media":7125,"comment_status":"open","ping_status":"closed","template":"","meta":[],"product_brand":[],"product_cat":[326,915,177,3558,328,173,174,175,1641],"product_tag":[],"giftcard-category":[],"class_list":{"0":"post-7124","1":"product","2":"type-product","3":"status-publish","4":"has-post-thumbnail","6":"product_cat-akrilas","7":"product_cat-dekoratyviniai-siulai","8":"product_cat-mezgimo-siulai","9":"product_cat-muffin-dots-stenli","10":"product_cat-poliesteris","11":"product_cat-siulai","12":"product_cat-siulu-gamintojai","13":"product_cat-siulu-pluostai","14":"product_cat-stenli","16":"first","17":"instock","18":"taxable","19":"shipping-taxable","20":"purchasable","21":"product-type-variable"},"_links":{"self":[{"href":"https:\/\/bitessiulai.lt\/fi\/wp-json\/wp\/v2\/product\/7124","targetHints":{"allow":["GET"]}}],"collection":[{"href":"https:\/\/bitessiulai.lt\/fi\/wp-json\/wp\/v2\/product"}],"about":[{"href":"https:\/\/bitessiulai.lt\/fi\/wp-json\/wp\/v2\/types\/product"}],"replies":[{"embeddable":true,"href":"https:\/\/bitessiulai.lt\/fi\/wp-json\/wp\/v2\/comments?post=7124"}],"version-history":[{"count":0,"href":"https:\/\/bitessiulai.lt\/fi\/wp-json\/wp\/v2\/product\/7124\/revisions"}],"wp:featuredmedia":[{"embeddable":true,"href":"https:\/\/bitessiulai.lt\/fi\/wp-json\/wp\/v2\/media\/7125"}],"wp:attachment":[{"href":"https:\/\/bitessiulai.lt\/fi\/wp-json\/wp\/v2\/media?parent=7124"}],"wp:term":[{"taxonomy":"product_brand","embeddable":true,"href":"https:\/\/bitessiulai.lt\/fi\/wp-json\/wp\/v2\/product_brand?post=7124"},{"taxonomy":"product_cat","embeddable":true,"href":"https:\/\/bitessiulai.lt\/fi\/wp-json\/wp\/v2\/product_cat?post=7124"},{"taxonomy":"product_tag","embeddable":true,"href":"https:\/\/bitessiulai.lt\/fi\/wp-json\/wp\/v2\/product_tag?post=7124"},{"taxonomy":"giftcard-category","embeddable":true,"href":"https:\/\/bitessiulai.lt\/fi\/wp-json\/wp\/v2\/giftcard-category?post=7124"}],"curies":[{"name":"wp","href":"https:\/\/api.w.org\/{rel}","templated":true}]}}