{"id":6602,"date":"2025-02-26T14:52:44","date_gmt":"2025-02-26T12:52:44","guid":{"rendered":"https:\/\/bitessiulai.lt\/?post_type=product&#038;p=6602"},"modified":"2026-04-12T14:25:30","modified_gmt":"2026-04-12T11:25:30","slug":"yarnart-elite","status":"publish","type":"product","link":"https:\/\/bitessiulai.lt\/fi\/tuote\/yarnart-elite\/","title":{"rendered":"YarnArt Elite"},"content":{"rendered":"<p id=\"tw-target-text\" class=\"tw-data-text tw-text-large tw-ta\" dir=\"ltr\" data-placeholder=\"Vertimas\" data-ved=\"2ahUKEwiIjN-g75yLAxUicfEDHe2VLy0Q3ewLegQICBAV\" aria-label=\"K\u00e4\u00e4nnetty teksti: YarnArt Elite on ensiluokkainen lanka, joka on valmistettu 100%-akryylikuidusta. Se on pehme\u00e4n tuntuinen, helppo ty\u00f6st\u00e4\u00e4 ja sopii t\u00e4ydellisesti erilaisiin neulonta- ja virkkausprojekteihin. Kirkkaiden v\u00e4rien ansiosta t\u00e4m\u00e4 lanka sopii erinomaisesti kauniiden huivien, hattujen, neuleiden ja muiden vaatteiden luomiseen. Kest\u00e4v\u00e4 ja konepest\u00e4v\u00e4 muotoilu tekee siit\u00e4 suositun valinnan kaiken tasoisten askartelijoiden keskuudessa. Olitpa sitten aloittelija tai kokenut askartelija, YarnArt Elite on varmasti suosikkisi kokoelmassasi. YarnArt Elite 14,00 AED Hinta V\u00e4ri Valitse M\u00e4\u00e4r\u00e4 1 Lis\u00e4\u00e4 ostoskoriin Kassalle\"><span class=\"Y2IQFc\" lang=\"lt\"><strong>YarnArt Elite<\/strong> on ensiluokkainen lanka, joka on valmistettu 100%-akryylikuidusta. Se on pehme\u00e4\u00e4, helppok\u00e4ytt\u00f6ist\u00e4 ja sopii t\u00e4ydellisesti monenlaisiin neulonta- ja virkkausprojekteihin. Kirkkaiden v\u00e4riens\u00e4 ansiosta t\u00e4m\u00e4 lanka sopii erinomaisesti huivien, hattujen, neulepuseroiden ja muiden vaatteiden valmistukseen. Olitpa sitten aloittelija tai kokenut askartelija, <strong>YarnArt Elite<\/strong> tulee ehdottomasti olemaan suosikki kokoelmassasi.<\/span><\/p>\n<p dir=\"ltr\" data-placeholder=\"Vertimas\" data-ved=\"2ahUKEwiIjN-g75yLAxUicfEDHe2VLy0Q3ewLegQICBAV\" aria-label=\"K\u00e4\u00e4nnetty teksti: YarnArt Elite on ensiluokkainen lanka, joka on valmistettu 100%-akryylikuidusta. Se on pehme\u00e4n tuntuinen, helppo ty\u00f6st\u00e4\u00e4 ja sopii t\u00e4ydellisesti erilaisiin neulonta- ja virkkausprojekteihin. Kirkkaiden v\u00e4rien ansiosta t\u00e4m\u00e4 lanka sopii erinomaisesti kauniiden huivien, hattujen, neuleiden ja muiden vaatteiden luomiseen. Kest\u00e4v\u00e4 ja konepest\u00e4v\u00e4 muotoilu tekee siit\u00e4 suositun valinnan kaiken tasoisten askartelijoiden keskuudessa. Olitpa sitten aloittelija tai kokenut askartelija, YarnArt Elite on varmasti suosikkisi kokoelmassasi. YarnArt Elite 14,00 AED Hinta V\u00e4ri Valitse M\u00e4\u00e4r\u00e4 1 Lis\u00e4\u00e4 ostoskoriin Kassalle\"><img fetchpriority=\"high\" decoding=\"async\" class=\"alignnone size-medium wp-image-6604\" src=\"https:\/\/bitessiulai.lt\/wp-content\/uploads\/2025\/01\/YarnArt-ELITE-SET-3-Colors-Soft-Acrylic-Yarn-Crocheting-Yarn-Knitting-Yarn-2-Sport-Fine-Weight-Yarn-Amigurumi-Yarn-300x300.jpg\" alt=\"\" width=\"300\" height=\"300\" srcset=\"https:\/\/bitessiulai.lt\/wp-content\/uploads\/2025\/01\/YarnArt-ELITE-SET-3-Colors-Soft-Acrylic-Yarn-Crocheting-Yarn-Knitting-Yarn-2-Sport-Fine-Weight-Yarn-Amigurumi-Yarn-300x300.jpg 300w, https:\/\/bitessiulai.lt\/wp-content\/uploads\/2025\/01\/YarnArt-ELITE-SET-3-Colors-Soft-Acrylic-Yarn-Crocheting-Yarn-Knitting-Yarn-2-Sport-Fine-Weight-Yarn-Amigurumi-Yarn-150x150.jpg 150w, https:\/\/bitessiulai.lt\/wp-content\/uploads\/2025\/01\/YarnArt-ELITE-SET-3-Colors-Soft-Acrylic-Yarn-Crocheting-Yarn-Knitting-Yarn-2-Sport-Fine-Weight-Yarn-Amigurumi-Yarn-12x12.jpg 12w, https:\/\/bitessiulai.lt\/wp-content\/uploads\/2025\/01\/YarnArt-ELITE-SET-3-Colors-Soft-Acrylic-Yarn-Crocheting-Yarn-Knitting-Yarn-2-Sport-Fine-Weight-Yarn-Amigurumi-Yarn-600x600.jpg 600w, https:\/\/bitessiulai.lt\/wp-content\/uploads\/2025\/01\/YarnArt-ELITE-SET-3-Colors-Soft-Acrylic-Yarn-Crocheting-Yarn-Knitting-Yarn-2-Sport-Fine-Weight-Yarn-Amigurumi-Yarn-96x96.jpg 96w, https:\/\/bitessiulai.lt\/wp-content\/uploads\/2025\/01\/YarnArt-ELITE-SET-3-Colors-Soft-Acrylic-Yarn-Crocheting-Yarn-Knitting-Yarn-2-Sport-Fine-Weight-Yarn-Amigurumi-Yarn.jpg 736w\" sizes=\"(max-width: 300px) 100vw, 300px\" \/> <img decoding=\"async\" class=\"alignnone size-medium wp-image-6605\" src=\"https:\/\/bitessiulai.lt\/wp-content\/uploads\/2025\/01\/475254386_493381973452605_6853358212493342964_n-255x300.jpg\" alt=\"\" width=\"255\" height=\"300\" srcset=\"https:\/\/bitessiulai.lt\/wp-content\/uploads\/2025\/01\/475254386_493381973452605_6853358212493342964_n-255x300.jpg 255w, https:\/\/bitessiulai.lt\/wp-content\/uploads\/2025\/01\/475254386_493381973452605_6853358212493342964_n-869x1024.jpg 869w, https:\/\/bitessiulai.lt\/wp-content\/uploads\/2025\/01\/475254386_493381973452605_6853358212493342964_n-768x905.jpg 768w, https:\/\/bitessiulai.lt\/wp-content\/uploads\/2025\/01\/475254386_493381973452605_6853358212493342964_n-10x12.jpg 10w, https:\/\/bitessiulai.lt\/wp-content\/uploads\/2025\/01\/475254386_493381973452605_6853358212493342964_n-600x707.jpg 600w, https:\/\/bitessiulai.lt\/wp-content\/uploads\/2025\/01\/475254386_493381973452605_6853358212493342964_n-127x150.jpg 127w, https:\/\/bitessiulai.lt\/wp-content\/uploads\/2025\/01\/475254386_493381973452605_6853358212493342964_n.jpg 1133w\" sizes=\"(max-width: 255px) 100vw, 255px\" \/><\/p>\n<p dir=\"ltr\" data-placeholder=\"Vertimas\" data-ved=\"2ahUKEwiIjN-g75yLAxUicfEDHe2VLy0Q3ewLegQICBAV\" aria-label=\"K\u00e4\u00e4nnetty teksti: YarnArt Elite on ensiluokkainen lanka, joka on valmistettu 100%-akryylikuidusta. Se on pehme\u00e4n tuntuinen, helppo ty\u00f6st\u00e4\u00e4 ja sopii t\u00e4ydellisesti erilaisiin neulonta- ja virkkausprojekteihin. Kirkkaiden v\u00e4rien ansiosta t\u00e4m\u00e4 lanka sopii erinomaisesti kauniiden huivien, hattujen, neuleiden ja muiden vaatteiden luomiseen. Kest\u00e4v\u00e4 ja konepest\u00e4v\u00e4 muotoilu tekee siit\u00e4 suositun valinnan kaiken tasoisten askartelijoiden keskuudessa. Olitpa sitten aloittelija tai kokenut askartelija, YarnArt Elite on varmasti suosikkisi kokoelmassasi. YarnArt Elite 14,00 AED Hinta V\u00e4ri Valitse M\u00e4\u00e4r\u00e4 1 Lis\u00e4\u00e4 ostoskoriin Kassalle\">*N\u00e4yt\u00f6ll\u00e4si n\u00e4kem\u00e4si v\u00e4rit saattavat poiketa hieman langan todellisesta v\u00e4rist\u00e4.<\/p>","protected":false},"excerpt":{"rendered":"<p>Koostumus: 100% akryyli<\/p>\n<p>Paino\/pituus: 100 g = noin 300 m.<\/p>\n<p>Suositeltu puikkokoko: 3,5 mm.<\/p>\n<p>Suositeltu puikkokoko: 3,5 mm.<\/p>","protected":false},"featured_media":6603,"comment_status":"open","ping_status":"closed","template":"","meta":[],"product_brand":[],"product_cat":[326,3320,177,178,173,174,175,255],"product_tag":[],"giftcard-category":[],"class_list":{"0":"post-6602","1":"product","2":"type-product","3":"status-publish","4":"has-post-thumbnail","6":"product_cat-akrilas","7":"product_cat-elite","8":"product_cat-mezgimo-siulai","9":"product_cat-nerimo-siulai","10":"product_cat-siulai","11":"product_cat-siulu-gamintojai","12":"product_cat-siulu-pluostai","13":"product_cat-yarnart","15":"first","16":"instock","17":"taxable","18":"shipping-taxable","19":"purchasable","20":"product-type-variable"},"_links":{"self":[{"href":"https:\/\/bitessiulai.lt\/fi\/wp-json\/wp\/v2\/product\/6602","targetHints":{"allow":["GET"]}}],"collection":[{"href":"https:\/\/bitessiulai.lt\/fi\/wp-json\/wp\/v2\/product"}],"about":[{"href":"https:\/\/bitessiulai.lt\/fi\/wp-json\/wp\/v2\/types\/product"}],"replies":[{"embeddable":true,"href":"https:\/\/bitessiulai.lt\/fi\/wp-json\/wp\/v2\/comments?post=6602"}],"version-history":[{"count":1,"href":"https:\/\/bitessiulai.lt\/fi\/wp-json\/wp\/v2\/product\/6602\/revisions"}],"predecessor-version":[{"id":25127,"href":"https:\/\/bitessiulai.lt\/fi\/wp-json\/wp\/v2\/product\/6602\/revisions\/25127"}],"wp:featuredmedia":[{"embeddable":true,"href":"https:\/\/bitessiulai.lt\/fi\/wp-json\/wp\/v2\/media\/6603"}],"wp:attachment":[{"href":"https:\/\/bitessiulai.lt\/fi\/wp-json\/wp\/v2\/media?parent=6602"}],"wp:term":[{"taxonomy":"product_brand","embeddable":true,"href":"https:\/\/bitessiulai.lt\/fi\/wp-json\/wp\/v2\/product_brand?post=6602"},{"taxonomy":"product_cat","embeddable":true,"href":"https:\/\/bitessiulai.lt\/fi\/wp-json\/wp\/v2\/product_cat?post=6602"},{"taxonomy":"product_tag","embeddable":true,"href":"https:\/\/bitessiulai.lt\/fi\/wp-json\/wp\/v2\/product_tag?post=6602"},{"taxonomy":"giftcard-category","embeddable":true,"href":"https:\/\/bitessiulai.lt\/fi\/wp-json\/wp\/v2\/giftcard-category?post=6602"}],"curies":[{"name":"wp","href":"https:\/\/api.w.org\/{rel}","templated":true}]}}