{"id":6327,"date":"2025-02-26T14:37:27","date_gmt":"2025-02-26T12:37:27","guid":{"rendered":"https:\/\/bitessiulai.lt\/?post_type=product&#038;p=6327"},"modified":"2026-05-09T11:30:44","modified_gmt":"2026-05-09T08:30:44","slug":"yarnart-symphony","status":"publish","type":"product","link":"https:\/\/bitessiulai.lt\/fi\/tuote\/yarnart-symphony\/","title":{"rendered":"YarnArt-sinfonia"},"content":{"rendered":"<p id=\"tw-target-text\" class=\"tw-data-text tw-text-large tw-ta\" dir=\"ltr\" data-placeholder=\"Vertimas\" data-ved=\"2ahUKEwiHjZC-rJuLAxVwBNsEHfxWIM4Q3ewLegQICBAV\" aria-label=\"K\u00e4\u00e4nnetty teksti: YarnArt Symphony on osoitus langan k\u00e4sity\u00f6taidosta poikkeuksellisessa mukavuuden ja eleganssin yhdistelm\u00e4ss\u00e4. T\u00e4m\u00e4 korkealaatuinen ja kevyt lanka vaativalle neulojalle ja virkkaajalle tarjoaa t\u00e4ydellisen sekoituksen 80 % puuvillaa ja 20 % rayonia. T\u00e4m\u00e4 koostumus ei ainoastaan tarjoa pehme\u00e4\u00e4 ja hengitt\u00e4v\u00e4\u00e4 tunnetta, vaan lis\u00e4\u00e4 my\u00f6s hienovaraista kiiltoa, joka kohottaa mink\u00e4 tahansa projektin ilmett\u00e4.\"><span class=\"Y2IQFc\" lang=\"lt\"><strong>YarnArt-sinfonia<\/strong> \u2013 yhdistelm\u00e4 poikkeuksellista mukavuutta ja tyylikkyytt\u00e4. T\u00e4m\u00e4 korkealaatuinen ja kevyt lanka sopii t\u00e4ydellisesti sek\u00e4 neulomiseen ett\u00e4 virkkaamiseen. T\u00e4m\u00e4 koostumus ei ainoastaan anna pehme\u00e4n ja hengitt\u00e4v\u00e4n tunteen, vaan my\u00f6s lis\u00e4\u00e4 hienovaraista kiiltoa, joka kohottaa mink\u00e4 tahansa projektin ilmett\u00e4.<\/span><\/p>\n<p dir=\"ltr\" data-placeholder=\"Vertimas\" data-ved=\"2ahUKEwiHjZC-rJuLAxVwBNsEHfxWIM4Q3ewLegQICBAV\" aria-label=\"K\u00e4\u00e4nnetty teksti: YarnArt Symphony on osoitus langan k\u00e4sity\u00f6taidosta poikkeuksellisessa mukavuuden ja eleganssin yhdistelm\u00e4ss\u00e4. T\u00e4m\u00e4 korkealaatuinen ja kevyt lanka vaativalle neulojalle ja virkkaajalle tarjoaa t\u00e4ydellisen sekoituksen 80 % puuvillaa ja 20 % rayonia. T\u00e4m\u00e4 koostumus ei ainoastaan tarjoa pehme\u00e4\u00e4 ja hengitt\u00e4v\u00e4\u00e4 tunnetta, vaan lis\u00e4\u00e4 my\u00f6s hienovaraista kiiltoa, joka kohottaa mink\u00e4 tahansa projektin ilmett\u00e4.\"><img fetchpriority=\"high\" decoding=\"async\" class=\"alignnone size-medium wp-image-6329\" src=\"https:\/\/bitessiulai.lt\/wp-content\/uploads\/2025\/01\/Symphony_20232638-600x600-1-300x300.jpg\" alt=\"\" width=\"300\" height=\"300\" srcset=\"https:\/\/bitessiulai.lt\/wp-content\/uploads\/2025\/01\/Symphony_20232638-600x600-1-300x300.jpg 300w, https:\/\/bitessiulai.lt\/wp-content\/uploads\/2025\/01\/Symphony_20232638-600x600-1-150x150.jpg 150w, https:\/\/bitessiulai.lt\/wp-content\/uploads\/2025\/01\/Symphony_20232638-600x600-1-12x12.jpg 12w, https:\/\/bitessiulai.lt\/wp-content\/uploads\/2025\/01\/Symphony_20232638-600x600-1-96x96.jpg 96w, https:\/\/bitessiulai.lt\/wp-content\/uploads\/2025\/01\/Symphony_20232638-600x600-1.jpg 600w\" sizes=\"(max-width: 300px) 100vw, 300px\" \/> <img decoding=\"async\" class=\"alignnone size-medium wp-image-6330\" src=\"https:\/\/bitessiulai.lt\/wp-content\/uploads\/2025\/01\/symphony_20233417-300x300.jpg\" alt=\"\" width=\"300\" height=\"300\" srcset=\"https:\/\/bitessiulai.lt\/wp-content\/uploads\/2025\/01\/symphony_20233417-300x300.jpg 300w, https:\/\/bitessiulai.lt\/wp-content\/uploads\/2025\/01\/symphony_20233417-1024x1024.jpg 1024w, https:\/\/bitessiulai.lt\/wp-content\/uploads\/2025\/01\/symphony_20233417-150x150.jpg 150w, https:\/\/bitessiulai.lt\/wp-content\/uploads\/2025\/01\/symphony_20233417-768x768.jpg 768w, https:\/\/bitessiulai.lt\/wp-content\/uploads\/2025\/01\/symphony_20233417-1536x1536.jpg 1536w, https:\/\/bitessiulai.lt\/wp-content\/uploads\/2025\/01\/symphony_20233417-12x12.jpg 12w, https:\/\/bitessiulai.lt\/wp-content\/uploads\/2025\/01\/symphony_20233417-600x600.jpg 600w, https:\/\/bitessiulai.lt\/wp-content\/uploads\/2025\/01\/symphony_20233417-96x96.jpg 96w, https:\/\/bitessiulai.lt\/wp-content\/uploads\/2025\/01\/symphony_20233417.jpg 2000w\" sizes=\"(max-width: 300px) 100vw, 300px\" \/> <img decoding=\"async\" class=\"alignnone size-medium wp-image-6331\" src=\"https:\/\/bitessiulai.lt\/wp-content\/uploads\/2025\/01\/Symphony_20233469-600x600-1-300x300.jpg\" alt=\"\" width=\"300\" height=\"300\" srcset=\"https:\/\/bitessiulai.lt\/wp-content\/uploads\/2025\/01\/Symphony_20233469-600x600-1-300x300.jpg 300w, https:\/\/bitessiulai.lt\/wp-content\/uploads\/2025\/01\/Symphony_20233469-600x600-1-150x150.jpg 150w, https:\/\/bitessiulai.lt\/wp-content\/uploads\/2025\/01\/Symphony_20233469-600x600-1-12x12.jpg 12w, https:\/\/bitessiulai.lt\/wp-content\/uploads\/2025\/01\/Symphony_20233469-600x600-1-96x96.jpg 96w, https:\/\/bitessiulai.lt\/wp-content\/uploads\/2025\/01\/Symphony_20233469-600x600-1.jpg 600w\" sizes=\"(max-width: 300px) 100vw, 300px\" \/> <img loading=\"lazy\" decoding=\"async\" class=\"alignnone size-medium wp-image-6332\" src=\"https:\/\/bitessiulai.lt\/wp-content\/uploads\/2025\/01\/Symphony_20233482-300x300.jpg\" alt=\"\" width=\"300\" height=\"300\" srcset=\"https:\/\/bitessiulai.lt\/wp-content\/uploads\/2025\/01\/Symphony_20233482-300x300.jpg 300w, https:\/\/bitessiulai.lt\/wp-content\/uploads\/2025\/01\/Symphony_20233482-1024x1024.jpg 1024w, https:\/\/bitessiulai.lt\/wp-content\/uploads\/2025\/01\/Symphony_20233482-150x150.jpg 150w, https:\/\/bitessiulai.lt\/wp-content\/uploads\/2025\/01\/Symphony_20233482-768x768.jpg 768w, https:\/\/bitessiulai.lt\/wp-content\/uploads\/2025\/01\/Symphony_20233482-1536x1536.jpg 1536w, https:\/\/bitessiulai.lt\/wp-content\/uploads\/2025\/01\/Symphony_20233482-12x12.jpg 12w, https:\/\/bitessiulai.lt\/wp-content\/uploads\/2025\/01\/Symphony_20233482-600x600.jpg 600w, https:\/\/bitessiulai.lt\/wp-content\/uploads\/2025\/01\/Symphony_20233482-96x96.jpg 96w, https:\/\/bitessiulai.lt\/wp-content\/uploads\/2025\/01\/Symphony_20233482.jpg 2000w\" sizes=\"(max-width: 300px) 100vw, 300px\" \/> <img loading=\"lazy\" decoding=\"async\" class=\"alignnone size-medium wp-image-6333\" src=\"https:\/\/bitessiulai.lt\/wp-content\/uploads\/2025\/01\/Symphony_20233515-600x600-1-300x300.jpg\" alt=\"\" width=\"300\" height=\"300\" srcset=\"https:\/\/bitessiulai.lt\/wp-content\/uploads\/2025\/01\/Symphony_20233515-600x600-1-300x300.jpg 300w, https:\/\/bitessiulai.lt\/wp-content\/uploads\/2025\/01\/Symphony_20233515-600x600-1-150x150.jpg 150w, https:\/\/bitessiulai.lt\/wp-content\/uploads\/2025\/01\/Symphony_20233515-600x600-1-12x12.jpg 12w, https:\/\/bitessiulai.lt\/wp-content\/uploads\/2025\/01\/Symphony_20233515-600x600-1-96x96.jpg 96w, https:\/\/bitessiulai.lt\/wp-content\/uploads\/2025\/01\/Symphony_20233515-600x600-1.jpg 600w\" sizes=\"(max-width: 300px) 100vw, 300px\" \/> <img loading=\"lazy\" decoding=\"async\" class=\"alignnone size-medium wp-image-6334\" src=\"https:\/\/bitessiulai.lt\/wp-content\/uploads\/2025\/01\/Symphony_Yarnart_242773-300x300.jpg\" alt=\"\" width=\"300\" height=\"300\" srcset=\"https:\/\/bitessiulai.lt\/wp-content\/uploads\/2025\/01\/Symphony_Yarnart_242773-300x300.jpg 300w, https:\/\/bitessiulai.lt\/wp-content\/uploads\/2025\/01\/Symphony_Yarnart_242773-1024x1024.jpg 1024w, https:\/\/bitessiulai.lt\/wp-content\/uploads\/2025\/01\/Symphony_Yarnart_242773-150x150.jpg 150w, https:\/\/bitessiulai.lt\/wp-content\/uploads\/2025\/01\/Symphony_Yarnart_242773-768x768.jpg 768w, https:\/\/bitessiulai.lt\/wp-content\/uploads\/2025\/01\/Symphony_Yarnart_242773-1536x1536.jpg 1536w, https:\/\/bitessiulai.lt\/wp-content\/uploads\/2025\/01\/Symphony_Yarnart_242773-12x12.jpg 12w, https:\/\/bitessiulai.lt\/wp-content\/uploads\/2025\/01\/Symphony_Yarnart_242773-600x600.jpg 600w, https:\/\/bitessiulai.lt\/wp-content\/uploads\/2025\/01\/Symphony_Yarnart_242773-96x96.jpg 96w, https:\/\/bitessiulai.lt\/wp-content\/uploads\/2025\/01\/Symphony_Yarnart_242773.jpg 2000w\" sizes=\"(max-width: 300px) 100vw, 300px\" \/><\/p>\n<p dir=\"ltr\" data-placeholder=\"Vertimas\" data-ved=\"2ahUKEwiHjZC-rJuLAxVwBNsEHfxWIM4Q3ewLegQICBAV\" aria-label=\"K\u00e4\u00e4nnetty teksti: YarnArt Symphony on osoitus langan k\u00e4sity\u00f6taidosta poikkeuksellisessa mukavuuden ja eleganssin yhdistelm\u00e4ss\u00e4. T\u00e4m\u00e4 korkealaatuinen ja kevyt lanka vaativalle neulojalle ja virkkaajalle tarjoaa t\u00e4ydellisen sekoituksen 80 % puuvillaa ja 20 % rayonia. T\u00e4m\u00e4 koostumus ei ainoastaan tarjoa pehme\u00e4\u00e4 ja hengitt\u00e4v\u00e4\u00e4 tunnetta, vaan lis\u00e4\u00e4 my\u00f6s hienovaraista kiiltoa, joka kohottaa mink\u00e4 tahansa projektin ilmett\u00e4.\">*N\u00e4yt\u00f6ll\u00e4si n\u00e4kem\u00e4si v\u00e4rit saattavat poiketa hieman langan todellisesta v\u00e4rist\u00e4.<\/p>","protected":false},"excerpt":{"rendered":"<p>Materiaali: 20% viskoosi, 80% puuvilla<\/p>\n<p>Paino\/pituus: 50 g = noin 125 m.<\/p>\n<p>Suositeltu puikkokoko: 4 mm.<\/p>\n<p>Suositeltu koukkukoko: 4 mm.<\/p>","protected":false},"featured_media":6328,"comment_status":"open","ping_status":"closed","template":"","meta":[],"product_brand":[],"product_cat":[652,177,178,173,175,3301,337,255],"product_tag":[],"giftcard-category":[],"class_list":{"0":"post-6327","1":"product","2":"type-product","3":"status-publish","4":"has-post-thumbnail","6":"product_cat-medvilne","7":"product_cat-mezgimo-siulai","8":"product_cat-nerimo-siulai","9":"product_cat-siulai","10":"product_cat-siulu-pluostai","11":"product_cat-symphony","12":"product_cat-viskoze","13":"product_cat-yarnart","15":"first","16":"instock","17":"taxable","18":"shipping-taxable","19":"purchasable","20":"product-type-variable"},"_links":{"self":[{"href":"https:\/\/bitessiulai.lt\/fi\/wp-json\/wp\/v2\/product\/6327","targetHints":{"allow":["GET"]}}],"collection":[{"href":"https:\/\/bitessiulai.lt\/fi\/wp-json\/wp\/v2\/product"}],"about":[{"href":"https:\/\/bitessiulai.lt\/fi\/wp-json\/wp\/v2\/types\/product"}],"replies":[{"embeddable":true,"href":"https:\/\/bitessiulai.lt\/fi\/wp-json\/wp\/v2\/comments?post=6327"}],"version-history":[{"count":2,"href":"https:\/\/bitessiulai.lt\/fi\/wp-json\/wp\/v2\/product\/6327\/revisions"}],"predecessor-version":[{"id":25644,"href":"https:\/\/bitessiulai.lt\/fi\/wp-json\/wp\/v2\/product\/6327\/revisions\/25644"}],"wp:featuredmedia":[{"embeddable":true,"href":"https:\/\/bitessiulai.lt\/fi\/wp-json\/wp\/v2\/media\/6328"}],"wp:attachment":[{"href":"https:\/\/bitessiulai.lt\/fi\/wp-json\/wp\/v2\/media?parent=6327"}],"wp:term":[{"taxonomy":"product_brand","embeddable":true,"href":"https:\/\/bitessiulai.lt\/fi\/wp-json\/wp\/v2\/product_brand?post=6327"},{"taxonomy":"product_cat","embeddable":true,"href":"https:\/\/bitessiulai.lt\/fi\/wp-json\/wp\/v2\/product_cat?post=6327"},{"taxonomy":"product_tag","embeddable":true,"href":"https:\/\/bitessiulai.lt\/fi\/wp-json\/wp\/v2\/product_tag?post=6327"},{"taxonomy":"giftcard-category","embeddable":true,"href":"https:\/\/bitessiulai.lt\/fi\/wp-json\/wp\/v2\/giftcard-category?post=6327"}],"curies":[{"name":"wp","href":"https:\/\/api.w.org\/{rel}","templated":true}]}}