{"id":6255,"date":"2025-02-26T14:41:33","date_gmt":"2025-02-26T12:41:33","guid":{"rendered":"https:\/\/bitessiulai.lt\/?post_type=product&#038;p=6255"},"modified":"2026-04-10T13:10:57","modified_gmt":"2026-04-10T10:10:57","slug":"yarnart-symphony-dream","status":"publish","type":"product","link":"https:\/\/bitessiulai.lt\/fi\/tuote\/yarnart-symphony-dream\/","title":{"rendered":"YarnArt Symphony Dream"},"content":{"rendered":"<p><strong>YarnArt Symphony Dream<\/strong> on puuvillan ja viskoosin yhdistelm\u00e4, loistava valinta kes\u00e4projekteihin. Se sis\u00e4lt\u00e4\u00e4 puuvillaa, joten sen koostumus on eritt\u00e4in pehme\u00e4 ja sopii sek\u00e4 kes\u00e4tuotteiden neulomiseen ett\u00e4 virkkaamiseen. Loistava valinta mekkoihin, puseroihin, hameisiin, huiveihin tai muihin projekteihisi. Ja koostumuksen viskoosin ansiosta projektisi kiilto on minimaalinen ja koostumus erinomainen.<\/p>\n<p><img fetchpriority=\"high\" decoding=\"async\" class=\"alignnone size-medium wp-image-6278\" src=\"https:\/\/bitessiulai.lt\/wp-content\/uploads\/2025\/01\/Symphony_Dream_Yarnart_242533-300x300.jpg\" alt=\"\" width=\"300\" height=\"300\" srcset=\"https:\/\/bitessiulai.lt\/wp-content\/uploads\/2025\/01\/Symphony_Dream_Yarnart_242533-300x300.jpg 300w, https:\/\/bitessiulai.lt\/wp-content\/uploads\/2025\/01\/Symphony_Dream_Yarnart_242533-1024x1024.jpg 1024w, https:\/\/bitessiulai.lt\/wp-content\/uploads\/2025\/01\/Symphony_Dream_Yarnart_242533-150x150.jpg 150w, https:\/\/bitessiulai.lt\/wp-content\/uploads\/2025\/01\/Symphony_Dream_Yarnart_242533-768x768.jpg 768w, https:\/\/bitessiulai.lt\/wp-content\/uploads\/2025\/01\/Symphony_Dream_Yarnart_242533-1536x1536.jpg 1536w, https:\/\/bitessiulai.lt\/wp-content\/uploads\/2025\/01\/Symphony_Dream_Yarnart_242533-12x12.jpg 12w, https:\/\/bitessiulai.lt\/wp-content\/uploads\/2025\/01\/Symphony_Dream_Yarnart_242533-600x600.jpg 600w, https:\/\/bitessiulai.lt\/wp-content\/uploads\/2025\/01\/Symphony_Dream_Yarnart_242533-96x96.jpg 96w, https:\/\/bitessiulai.lt\/wp-content\/uploads\/2025\/01\/Symphony_Dream_Yarnart_242533.jpg 2000w\" sizes=\"(max-width: 300px) 100vw, 300px\" \/> <img decoding=\"async\" class=\"alignnone size-medium wp-image-6279\" src=\"https:\/\/bitessiulai.lt\/wp-content\/uploads\/2025\/01\/Symphony_Dream_Yarnart_242536-600x600-1-300x300.jpg\" alt=\"\" width=\"300\" height=\"300\" srcset=\"https:\/\/bitessiulai.lt\/wp-content\/uploads\/2025\/01\/Symphony_Dream_Yarnart_242536-600x600-1-300x300.jpg 300w, https:\/\/bitessiulai.lt\/wp-content\/uploads\/2025\/01\/Symphony_Dream_Yarnart_242536-600x600-1-150x150.jpg 150w, https:\/\/bitessiulai.lt\/wp-content\/uploads\/2025\/01\/Symphony_Dream_Yarnart_242536-600x600-1-12x12.jpg 12w, https:\/\/bitessiulai.lt\/wp-content\/uploads\/2025\/01\/Symphony_Dream_Yarnart_242536-600x600-1-96x96.jpg 96w, https:\/\/bitessiulai.lt\/wp-content\/uploads\/2025\/01\/Symphony_Dream_Yarnart_242536-600x600-1.jpg 600w\" sizes=\"(max-width: 300px) 100vw, 300px\" \/> <img decoding=\"async\" class=\"alignnone size-medium wp-image-6280\" src=\"https:\/\/bitessiulai.lt\/wp-content\/uploads\/2025\/01\/Symphony_Dream_Yarnart_243521-600x600-1-300x300.jpg\" alt=\"\" width=\"300\" height=\"300\" srcset=\"https:\/\/bitessiulai.lt\/wp-content\/uploads\/2025\/01\/Symphony_Dream_Yarnart_243521-600x600-1-300x300.jpg 300w, https:\/\/bitessiulai.lt\/wp-content\/uploads\/2025\/01\/Symphony_Dream_Yarnart_243521-600x600-1-150x150.jpg 150w, https:\/\/bitessiulai.lt\/wp-content\/uploads\/2025\/01\/Symphony_Dream_Yarnart_243521-600x600-1-12x12.jpg 12w, https:\/\/bitessiulai.lt\/wp-content\/uploads\/2025\/01\/Symphony_Dream_Yarnart_243521-600x600-1-96x96.jpg 96w, https:\/\/bitessiulai.lt\/wp-content\/uploads\/2025\/01\/Symphony_Dream_Yarnart_243521-600x600-1.jpg 600w\" sizes=\"(max-width: 300px) 100vw, 300px\" \/> <img loading=\"lazy\" decoding=\"async\" class=\"alignnone size-medium wp-image-6281\" src=\"https:\/\/bitessiulai.lt\/wp-content\/uploads\/2025\/01\/Symphony_Dream_Yarnart_243523-300x300.jpg\" alt=\"\" width=\"300\" height=\"300\" srcset=\"https:\/\/bitessiulai.lt\/wp-content\/uploads\/2025\/01\/Symphony_Dream_Yarnart_243523-300x300.jpg 300w, https:\/\/bitessiulai.lt\/wp-content\/uploads\/2025\/01\/Symphony_Dream_Yarnart_243523-1024x1024.jpg 1024w, https:\/\/bitessiulai.lt\/wp-content\/uploads\/2025\/01\/Symphony_Dream_Yarnart_243523-150x150.jpg 150w, https:\/\/bitessiulai.lt\/wp-content\/uploads\/2025\/01\/Symphony_Dream_Yarnart_243523-768x768.jpg 768w, https:\/\/bitessiulai.lt\/wp-content\/uploads\/2025\/01\/Symphony_Dream_Yarnart_243523-1536x1536.jpg 1536w, https:\/\/bitessiulai.lt\/wp-content\/uploads\/2025\/01\/Symphony_Dream_Yarnart_243523-12x12.jpg 12w, https:\/\/bitessiulai.lt\/wp-content\/uploads\/2025\/01\/Symphony_Dream_Yarnart_243523-600x600.jpg 600w, https:\/\/bitessiulai.lt\/wp-content\/uploads\/2025\/01\/Symphony_Dream_Yarnart_243523-96x96.jpg 96w, https:\/\/bitessiulai.lt\/wp-content\/uploads\/2025\/01\/Symphony_Dream_Yarnart_243523.jpg 2000w\" sizes=\"(max-width: 300px) 100vw, 300px\" \/><\/p>\n<p>*N\u00e4yt\u00f6ll\u00e4si n\u00e4kem\u00e4si v\u00e4rit saattavat poiketa hieman langan todellisesta v\u00e4rist\u00e4.<\/p>","protected":false},"excerpt":{"rendered":"<p>Materiaali: 80% puuvilla, 20% viskoosi<\/p>\n<p>Paino\/pituus: 150 g = noin 245 m.<\/p>\n<p>Suositeltu puikkokoko: 4 mm.<\/p>\n<p>Suositeltu helmen koko: 4 mm.<\/p>","protected":false},"featured_media":6256,"comment_status":"open","ping_status":"closed","template":"","meta":[],"product_brand":[],"product_cat":[652,177,178,173,174,175,3300,337,255],"product_tag":[],"giftcard-category":[],"class_list":{"0":"post-6255","1":"product","2":"type-product","3":"status-publish","4":"has-post-thumbnail","6":"product_cat-medvilne","7":"product_cat-mezgimo-siulai","8":"product_cat-nerimo-siulai","9":"product_cat-siulai","10":"product_cat-siulu-gamintojai","11":"product_cat-siulu-pluostai","12":"product_cat-symphony-dream","13":"product_cat-viskoze","14":"product_cat-yarnart","16":"first","17":"instock","18":"taxable","19":"shipping-taxable","20":"purchasable","21":"product-type-variable"},"_links":{"self":[{"href":"https:\/\/bitessiulai.lt\/fi\/wp-json\/wp\/v2\/product\/6255","targetHints":{"allow":["GET"]}}],"collection":[{"href":"https:\/\/bitessiulai.lt\/fi\/wp-json\/wp\/v2\/product"}],"about":[{"href":"https:\/\/bitessiulai.lt\/fi\/wp-json\/wp\/v2\/types\/product"}],"replies":[{"embeddable":true,"href":"https:\/\/bitessiulai.lt\/fi\/wp-json\/wp\/v2\/comments?post=6255"}],"version-history":[{"count":1,"href":"https:\/\/bitessiulai.lt\/fi\/wp-json\/wp\/v2\/product\/6255\/revisions"}],"predecessor-version":[{"id":24718,"href":"https:\/\/bitessiulai.lt\/fi\/wp-json\/wp\/v2\/product\/6255\/revisions\/24718"}],"wp:featuredmedia":[{"embeddable":true,"href":"https:\/\/bitessiulai.lt\/fi\/wp-json\/wp\/v2\/media\/6256"}],"wp:attachment":[{"href":"https:\/\/bitessiulai.lt\/fi\/wp-json\/wp\/v2\/media?parent=6255"}],"wp:term":[{"taxonomy":"product_brand","embeddable":true,"href":"https:\/\/bitessiulai.lt\/fi\/wp-json\/wp\/v2\/product_brand?post=6255"},{"taxonomy":"product_cat","embeddable":true,"href":"https:\/\/bitessiulai.lt\/fi\/wp-json\/wp\/v2\/product_cat?post=6255"},{"taxonomy":"product_tag","embeddable":true,"href":"https:\/\/bitessiulai.lt\/fi\/wp-json\/wp\/v2\/product_tag?post=6255"},{"taxonomy":"giftcard-category","embeddable":true,"href":"https:\/\/bitessiulai.lt\/fi\/wp-json\/wp\/v2\/giftcard-category?post=6255"}],"curies":[{"name":"wp","href":"https:\/\/api.w.org\/{rel}","templated":true}]}}