{"id":6022,"date":"2025-02-07T15:18:02","date_gmt":"2025-02-07T13:18:02","guid":{"rendered":"https:\/\/bitessiulai.lt\/?post_type=product&#038;p=6022"},"modified":"2026-04-20T20:04:09","modified_gmt":"2026-04-20T17:04:09","slug":"drops-brushed-alpaca-silk","status":"publish","type":"product","link":"https:\/\/bitessiulai.lt\/fi\/tuote\/drops-brushed-alpaca-silk\/","title":{"rendered":"Drops harjattu alpakkasilkki"},"content":{"rendered":"<p><strong>Drops harjattu alpakkasilkki<\/strong> \u2013 ylellinen yhdistelm\u00e4 kammattua eritt\u00e4in hienoa alpakanvillaa ja hienovaraisesti kiilt\u00e4v\u00e4\u00e4 silkki\u00e4.<\/p>\n<p><strong>DROPS Brushed Alpaca Silk<\/strong> on kevyt, pehme\u00e4 ja eritt\u00e4in l\u00e4mmin lanka, joka sopii sek\u00e4 pieniin ett\u00e4 suurempiin projekteihin. Sit\u00e4 voi neuloa yhten\u00e4 s\u00e4ikeen\u00e4 paksuilla puikoilla tai yhdist\u00e4\u00e4 muiden lankojen kanssa.<\/p>\n<p><img fetchpriority=\"high\" decoding=\"async\" class=\"alignnone size-medium wp-image-6066\" src=\"https:\/\/bitessiulai.lt\/wp-content\/uploads\/2025\/01\/473363051_1687190208866306_5515817807949094425_n-300x292.jpg\" alt=\"\" width=\"300\" height=\"292\" srcset=\"https:\/\/bitessiulai.lt\/wp-content\/uploads\/2025\/01\/473363051_1687190208866306_5515817807949094425_n-300x292.jpg 300w, https:\/\/bitessiulai.lt\/wp-content\/uploads\/2025\/01\/473363051_1687190208866306_5515817807949094425_n-1024x995.jpg 1024w, https:\/\/bitessiulai.lt\/wp-content\/uploads\/2025\/01\/473363051_1687190208866306_5515817807949094425_n-768x746.jpg 768w, https:\/\/bitessiulai.lt\/wp-content\/uploads\/2025\/01\/473363051_1687190208866306_5515817807949094425_n-12x12.jpg 12w, https:\/\/bitessiulai.lt\/wp-content\/uploads\/2025\/01\/473363051_1687190208866306_5515817807949094425_n-600x583.jpg 600w, https:\/\/bitessiulai.lt\/wp-content\/uploads\/2025\/01\/473363051_1687190208866306_5515817807949094425_n-150x146.jpg 150w, https:\/\/bitessiulai.lt\/wp-content\/uploads\/2025\/01\/473363051_1687190208866306_5515817807949094425_n.jpg 1284w\" sizes=\"(max-width: 300px) 100vw, 300px\" \/> <img decoding=\"async\" class=\"alignnone size-medium wp-image-6067\" src=\"https:\/\/bitessiulai.lt\/wp-content\/uploads\/2025\/01\/474256928_473850705780238_7096145024018943164_n-300x284.jpg\" alt=\"\" width=\"300\" height=\"284\" srcset=\"https:\/\/bitessiulai.lt\/wp-content\/uploads\/2025\/01\/474256928_473850705780238_7096145024018943164_n-300x284.jpg 300w, https:\/\/bitessiulai.lt\/wp-content\/uploads\/2025\/01\/474256928_473850705780238_7096145024018943164_n-1024x968.jpg 1024w, https:\/\/bitessiulai.lt\/wp-content\/uploads\/2025\/01\/474256928_473850705780238_7096145024018943164_n-768x726.jpg 768w, https:\/\/bitessiulai.lt\/wp-content\/uploads\/2025\/01\/474256928_473850705780238_7096145024018943164_n-13x12.jpg 13w, https:\/\/bitessiulai.lt\/wp-content\/uploads\/2025\/01\/474256928_473850705780238_7096145024018943164_n-600x567.jpg 600w, https:\/\/bitessiulai.lt\/wp-content\/uploads\/2025\/01\/474256928_473850705780238_7096145024018943164_n-150x142.jpg 150w, https:\/\/bitessiulai.lt\/wp-content\/uploads\/2025\/01\/474256928_473850705780238_7096145024018943164_n.jpg 1284w\" sizes=\"(max-width: 300px) 100vw, 300px\" \/> <img decoding=\"async\" class=\"alignnone size-medium wp-image-6068\" src=\"https:\/\/bitessiulai.lt\/wp-content\/uploads\/2025\/01\/474143336_3991927987748616_1982711726175945628_n-300x290.jpg\" alt=\"\" width=\"300\" height=\"290\" srcset=\"https:\/\/bitessiulai.lt\/wp-content\/uploads\/2025\/01\/474143336_3991927987748616_1982711726175945628_n-300x290.jpg 300w, https:\/\/bitessiulai.lt\/wp-content\/uploads\/2025\/01\/474143336_3991927987748616_1982711726175945628_n-1024x991.jpg 1024w, https:\/\/bitessiulai.lt\/wp-content\/uploads\/2025\/01\/474143336_3991927987748616_1982711726175945628_n-768x743.jpg 768w, https:\/\/bitessiulai.lt\/wp-content\/uploads\/2025\/01\/474143336_3991927987748616_1982711726175945628_n-12x12.jpg 12w, https:\/\/bitessiulai.lt\/wp-content\/uploads\/2025\/01\/474143336_3991927987748616_1982711726175945628_n-600x580.jpg 600w, https:\/\/bitessiulai.lt\/wp-content\/uploads\/2025\/01\/474143336_3991927987748616_1982711726175945628_n-150x145.jpg 150w, https:\/\/bitessiulai.lt\/wp-content\/uploads\/2025\/01\/474143336_3991927987748616_1982711726175945628_n.jpg 1284w\" sizes=\"(max-width: 300px) 100vw, 300px\" \/><\/p>\n<div class=\"embed-responsive embed-responsive-16by9\"><iframe title=\"DROPS Brushed Alpaca Silk - Ylellinen sekoitus harjattua alpakkaa ja mulperipuun silkki\u00e4\" width=\"540\" height=\"960\" src=\"https:\/\/www.youtube.com\/embed\/kaguMSVBgkk?feature=oembed\" frameborder=\"0\" allow=\"accelerometer; autoplay; clipboard-write; encrypted-media; gyroscope; picture-in-picture; web-share\" referrerpolicy=\"strict-origin-when-cross-origin\" allowfullscreen><\/iframe><\/div>\n<div class=\"embed-responsive embed-responsive-16by9\"><\/div>\n<p>*N\u00e4yt\u00f6ll\u00e4si n\u00e4kem\u00e4si v\u00e4rit saattavat poiketa hieman langan todellisesta v\u00e4rist\u00e4.<\/p>","protected":false},"excerpt":{"rendered":"<p>Materiaali: 77% alpakka, 23% silkki<\/p>\n<p>Paino\/pituus: 25 g = noin 140 m.<\/p>\n<p>Suositeltu puikkokoko: 5 mm.<\/p>","protected":false},"featured_media":6023,"comment_status":"open","ping_status":"closed","template":"","meta":[],"product_brand":[],"product_cat":[327,3172,256,217,177,1283,173,174,175],"product_tag":[],"giftcard-category":[],"class_list":{"0":"post-6022","1":"product","2":"type-product","3":"status-publish","4":"has-post-thumbnail","6":"product_cat-alpaka","7":"product_cat-brushed-alpaca-silk","8":"product_cat-drops","9":"product_cat-isparduotuve","10":"product_cat-mezgimo-siulai","11":"product_cat-silkas","12":"product_cat-siulai","13":"product_cat-siulu-gamintojai","14":"product_cat-siulu-pluostai","16":"first","17":"instock","18":"sale","19":"taxable","20":"shipping-taxable","21":"purchasable","22":"product-type-variable"},"_links":{"self":[{"href":"https:\/\/bitessiulai.lt\/fi\/wp-json\/wp\/v2\/product\/6022","targetHints":{"allow":["GET"]}}],"collection":[{"href":"https:\/\/bitessiulai.lt\/fi\/wp-json\/wp\/v2\/product"}],"about":[{"href":"https:\/\/bitessiulai.lt\/fi\/wp-json\/wp\/v2\/types\/product"}],"replies":[{"embeddable":true,"href":"https:\/\/bitessiulai.lt\/fi\/wp-json\/wp\/v2\/comments?post=6022"}],"version-history":[{"count":1,"href":"https:\/\/bitessiulai.lt\/fi\/wp-json\/wp\/v2\/product\/6022\/revisions"}],"predecessor-version":[{"id":20679,"href":"https:\/\/bitessiulai.lt\/fi\/wp-json\/wp\/v2\/product\/6022\/revisions\/20679"}],"wp:featuredmedia":[{"embeddable":true,"href":"https:\/\/bitessiulai.lt\/fi\/wp-json\/wp\/v2\/media\/6023"}],"wp:attachment":[{"href":"https:\/\/bitessiulai.lt\/fi\/wp-json\/wp\/v2\/media?parent=6022"}],"wp:term":[{"taxonomy":"product_brand","embeddable":true,"href":"https:\/\/bitessiulai.lt\/fi\/wp-json\/wp\/v2\/product_brand?post=6022"},{"taxonomy":"product_cat","embeddable":true,"href":"https:\/\/bitessiulai.lt\/fi\/wp-json\/wp\/v2\/product_cat?post=6022"},{"taxonomy":"product_tag","embeddable":true,"href":"https:\/\/bitessiulai.lt\/fi\/wp-json\/wp\/v2\/product_tag?post=6022"},{"taxonomy":"giftcard-category","embeddable":true,"href":"https:\/\/bitessiulai.lt\/fi\/wp-json\/wp\/v2\/giftcard-category?post=6022"}],"curies":[{"name":"wp","href":"https:\/\/api.w.org\/{rel}","templated":true}]}}