{"id":5685,"date":"2025-02-19T13:54:59","date_gmt":"2025-02-19T11:54:59","guid":{"rendered":"https:\/\/bitessiulai.lt\/?post_type=product&#038;p=5685"},"modified":"2026-05-10T15:01:21","modified_gmt":"2026-05-10T12:01:21","slug":"drops-loves-you-7","status":"publish","type":"product","link":"https:\/\/bitessiulai.lt\/fi\/tuote\/drops-loves-you-7\/","title":{"rendered":"Drops Loves You 7"},"content":{"rendered":"<p><strong>Drops rakastaa sinua 7<\/strong> \u2013 n\u00e4m\u00e4 ovat pehmeit\u00e4 ja v\u00e4rikk\u00e4it\u00e4 puuvillalankoja, jotka on valmistettu 100%-puuvillasta.<\/p>\n<p>Lanka sopii sek\u00e4 neulontaan ett\u00e4 virkkaukseen, hengitt\u00e4\u00e4 hyvin, on eritt\u00e4in kest\u00e4v\u00e4\u00e4 ja kest\u00e4\u00e4 konepesun. Voit valita n\u00e4it\u00e4 lankoja sek\u00e4 kes\u00e4vaatteiden ett\u00e4 sisustuselementtien tai asusteiden valmistukseen: peittoihin, k\u00e4silaukkuihin, mekkoihin, kes\u00e4hattuihin, leluihin.<\/p>\n<p><img fetchpriority=\"high\" decoding=\"async\" class=\"size-medium wp-image-5693 alignleft\" src=\"https:\/\/bitessiulai.lt\/wp-content\/uploads\/2025\/01\/image2-4-265x300.jpeg\" alt=\"\" width=\"265\" height=\"300\" srcset=\"https:\/\/bitessiulai.lt\/wp-content\/uploads\/2025\/01\/image2-4-265x300.jpeg 265w, https:\/\/bitessiulai.lt\/wp-content\/uploads\/2025\/01\/image2-4-903x1024.jpeg 903w, https:\/\/bitessiulai.lt\/wp-content\/uploads\/2025\/01\/image2-4-768x871.jpeg 768w, https:\/\/bitessiulai.lt\/wp-content\/uploads\/2025\/01\/image2-4-11x12.jpeg 11w, https:\/\/bitessiulai.lt\/wp-content\/uploads\/2025\/01\/image2-4-600x680.jpeg 600w, https:\/\/bitessiulai.lt\/wp-content\/uploads\/2025\/01\/image2-4-132x150.jpeg 132w, https:\/\/bitessiulai.lt\/wp-content\/uploads\/2025\/01\/image2-4.jpeg 1284w\" sizes=\"(max-width: 265px) 100vw, 265px\" \/><\/p>\n<p><img decoding=\"async\" class=\"size-medium wp-image-5691 alignnone\" src=\"https:\/\/bitessiulai.lt\/wp-content\/uploads\/2025\/01\/image4-3-268x300.jpeg\" alt=\"\" width=\"268\" height=\"300\" srcset=\"https:\/\/bitessiulai.lt\/wp-content\/uploads\/2025\/01\/image4-3-268x300.jpeg 268w, https:\/\/bitessiulai.lt\/wp-content\/uploads\/2025\/01\/image4-3-916x1024.jpeg 916w, https:\/\/bitessiulai.lt\/wp-content\/uploads\/2025\/01\/image4-3-768x859.jpeg 768w, https:\/\/bitessiulai.lt\/wp-content\/uploads\/2025\/01\/image4-3-11x12.jpeg 11w, https:\/\/bitessiulai.lt\/wp-content\/uploads\/2025\/01\/image4-3-600x671.jpeg 600w, https:\/\/bitessiulai.lt\/wp-content\/uploads\/2025\/01\/image4-3-134x150.jpeg 134w, https:\/\/bitessiulai.lt\/wp-content\/uploads\/2025\/01\/image4-3.jpeg 1284w\" sizes=\"(max-width: 268px) 100vw, 268px\" \/><\/p>\n<p><img decoding=\"async\" class=\"size-medium wp-image-5692\" src=\"https:\/\/bitessiulai.lt\/wp-content\/uploads\/2025\/01\/image3-3-250x300.jpeg\" alt=\"\" width=\"250\" height=\"300\" srcset=\"https:\/\/bitessiulai.lt\/wp-content\/uploads\/2025\/01\/image3-3-250x300.jpeg 250w, https:\/\/bitessiulai.lt\/wp-content\/uploads\/2025\/01\/image3-3-854x1024.jpeg 854w, https:\/\/bitessiulai.lt\/wp-content\/uploads\/2025\/01\/image3-3-768x921.jpeg 768w, https:\/\/bitessiulai.lt\/wp-content\/uploads\/2025\/01\/image3-3-1281x1536.jpeg 1281w, https:\/\/bitessiulai.lt\/wp-content\/uploads\/2025\/01\/image3-3-10x12.jpeg 10w, https:\/\/bitessiulai.lt\/wp-content\/uploads\/2025\/01\/image3-3-600x720.jpeg 600w, https:\/\/bitessiulai.lt\/wp-content\/uploads\/2025\/01\/image3-3-125x150.jpeg 125w, https:\/\/bitessiulai.lt\/wp-content\/uploads\/2025\/01\/image3-3.jpeg 1284w\" sizes=\"(max-width: 250px) 100vw, 250px\" \/><\/p>\n<p>&nbsp;<\/p>\n<div class=\"embed-responsive embed-responsive-16by9\"><iframe title=\"DROPS Love You #7 - Klassinen 8\/4-puuvillalanka\" width=\"540\" height=\"960\" src=\"https:\/\/www.youtube.com\/embed\/cLp00N87JPc?feature=oembed\" frameborder=\"0\" allow=\"accelerometer; autoplay; clipboard-write; encrypted-media; gyroscope; picture-in-picture; web-share\" referrerpolicy=\"strict-origin-when-cross-origin\" allowfullscreen><\/iframe><\/div>\n<p>*N\u00e4yt\u00f6ll\u00e4si n\u00e4kem\u00e4si v\u00e4rit saattavat poiketa hieman langan todellisesta v\u00e4rist\u00e4.<\/p>","protected":false},"excerpt":{"rendered":"<p>Koostumus: 100% puuvillaa<\/p>\n<p>Paino\/pituus: 50 g = noin 170 m.<\/p>\n<p>Suositeltu puikkokoko: 3\u20133,5 mm.<\/p>","protected":false},"featured_media":5686,"comment_status":"open","ping_status":"closed","template":"","meta":[],"product_brand":[],"product_cat":[15,256,217,3168,652,177,173,174,175],"product_tag":[],"giftcard-category":[],"class_list":{"0":"post-5685","1":"product","2":"type-product","3":"status-publish","4":"has-post-thumbnail","6":"product_cat-be-kategorijos","7":"product_cat-drops","8":"product_cat-isparduotuve","9":"product_cat-love-you-7","10":"product_cat-medvilne","11":"product_cat-mezgimo-siulai","12":"product_cat-siulai","13":"product_cat-siulu-gamintojai","14":"product_cat-siulu-pluostai","16":"first","17":"instock","18":"sale","19":"taxable","20":"shipping-taxable","21":"purchasable","22":"product-type-variable"},"_links":{"self":[{"href":"https:\/\/bitessiulai.lt\/fi\/wp-json\/wp\/v2\/product\/5685","targetHints":{"allow":["GET"]}}],"collection":[{"href":"https:\/\/bitessiulai.lt\/fi\/wp-json\/wp\/v2\/product"}],"about":[{"href":"https:\/\/bitessiulai.lt\/fi\/wp-json\/wp\/v2\/types\/product"}],"replies":[{"embeddable":true,"href":"https:\/\/bitessiulai.lt\/fi\/wp-json\/wp\/v2\/comments?post=5685"}],"version-history":[{"count":1,"href":"https:\/\/bitessiulai.lt\/fi\/wp-json\/wp\/v2\/product\/5685\/revisions"}],"predecessor-version":[{"id":23447,"href":"https:\/\/bitessiulai.lt\/fi\/wp-json\/wp\/v2\/product\/5685\/revisions\/23447"}],"wp:featuredmedia":[{"embeddable":true,"href":"https:\/\/bitessiulai.lt\/fi\/wp-json\/wp\/v2\/media\/5686"}],"wp:attachment":[{"href":"https:\/\/bitessiulai.lt\/fi\/wp-json\/wp\/v2\/media?parent=5685"}],"wp:term":[{"taxonomy":"product_brand","embeddable":true,"href":"https:\/\/bitessiulai.lt\/fi\/wp-json\/wp\/v2\/product_brand?post=5685"},{"taxonomy":"product_cat","embeddable":true,"href":"https:\/\/bitessiulai.lt\/fi\/wp-json\/wp\/v2\/product_cat?post=5685"},{"taxonomy":"product_tag","embeddable":true,"href":"https:\/\/bitessiulai.lt\/fi\/wp-json\/wp\/v2\/product_tag?post=5685"},{"taxonomy":"giftcard-category","embeddable":true,"href":"https:\/\/bitessiulai.lt\/fi\/wp-json\/wp\/v2\/giftcard-category?post=5685"}],"curies":[{"name":"wp","href":"https:\/\/api.w.org\/{rel}","templated":true}]}}