{"id":5149,"date":"2025-02-12T14:40:21","date_gmt":"2025-02-12T12:40:21","guid":{"rendered":"https:\/\/bitessiulai.lt\/?post_type=product&#038;p=5149"},"modified":"2026-04-10T13:34:59","modified_gmt":"2026-04-10T10:34:59","slug":"80cm-lykke-driftwood-virbalai-su-valu","status":"publish","type":"product","link":"https:\/\/bitessiulai.lt\/fi\/tuote\/80cm-lykke-driftwood-virbalai-su-valu\/","title":{"rendered":"80 cm. LYKKE DRIFTWOOD vavat siimalla"},"content":{"rendered":"<h6><strong>80 cm. LYKKE DRIFTWOOD vavat siimalla<\/strong><\/h6>\n<p><img fetchpriority=\"high\" decoding=\"async\" class=\"alignnone size-medium wp-image-5146\" src=\"https:\/\/bitessiulai.lt\/wp-content\/uploads\/2025\/01\/89bb6f08a46d093bc00f13cdbb217a42-300x214.jpg\" alt=\"\" width=\"300\" height=\"214\" srcset=\"https:\/\/bitessiulai.lt\/wp-content\/uploads\/2025\/01\/89bb6f08a46d093bc00f13cdbb217a42-300x214.jpg 300w, https:\/\/bitessiulai.lt\/wp-content\/uploads\/2025\/01\/89bb6f08a46d093bc00f13cdbb217a42-18x12.jpg 18w, https:\/\/bitessiulai.lt\/wp-content\/uploads\/2025\/01\/89bb6f08a46d093bc00f13cdbb217a42-600x428.jpg 600w, https:\/\/bitessiulai.lt\/wp-content\/uploads\/2025\/01\/89bb6f08a46d093bc00f13cdbb217a42-150x107.jpg 150w, https:\/\/bitessiulai.lt\/wp-content\/uploads\/2025\/01\/89bb6f08a46d093bc00f13cdbb217a42.jpg 736w\" sizes=\"(max-width: 300px) 100vw, 300px\" \/><\/p>\n<p><img decoding=\"async\" class=\"alignnone size-medium wp-image-5018\" src=\"https:\/\/bitessiulai.lt\/wp-content\/uploads\/2025\/01\/5c7db20be8a0baaef69a005264a67267-300x300.jpg\" alt=\"\" width=\"300\" height=\"300\" srcset=\"https:\/\/bitessiulai.lt\/wp-content\/uploads\/2025\/01\/5c7db20be8a0baaef69a005264a67267-300x300.jpg 300w, https:\/\/bitessiulai.lt\/wp-content\/uploads\/2025\/01\/5c7db20be8a0baaef69a005264a67267-150x150.jpg 150w, https:\/\/bitessiulai.lt\/wp-content\/uploads\/2025\/01\/5c7db20be8a0baaef69a005264a67267-12x12.jpg 12w, https:\/\/bitessiulai.lt\/wp-content\/uploads\/2025\/01\/5c7db20be8a0baaef69a005264a67267-96x96.jpg 96w, https:\/\/bitessiulai.lt\/wp-content\/uploads\/2025\/01\/5c7db20be8a0baaef69a005264a67267.jpg 500w\" sizes=\"(max-width: 300px) 100vw, 300px\" \/><\/p>\n<p><strong>LYKKE<\/strong> yhdist\u00e4\u00e4 korkealaatuiset materiaalit ja vaikuttavan muotoilun. Vavat valmistetaan ja kootaan k\u00e4sin. LYKKE-vavat valmistavat taitavat paikalliset k\u00e4sity\u00f6l\u00e4iset Nepalissa.<\/p>\n<div class=\"pad-bottom-1\"><strong>LYKKE<\/strong>\u00a0K\u00e4rkiosat on valmistettu vahvasta koivupuusta, mik\u00e4 tekee niist\u00e4 sile\u00e4t, kevyet ja eritt\u00e4in kauniit.<\/div>\n<div class=\"pad-bottom-1\">Kaikki\u00a0<span class=\"weight900\">LYKKE<\/span>\u00a0neulat ovat\u00a0<span class=\"italics weight500 underline\">kaiverretut koot, eiv\u00e4t hankaudu pois<\/span><\/div>","protected":false},"excerpt":{"rendered":"<p>80cm. LYKKE DRIFTWOOD virbalai su valu LYKKE sujungia auk\u0161tos kokyb\u0117s med\u017eiagas ir \u012fsp\u016bding\u0105 dizain\u0105. Virbalai yra pagaminti ir surinkti rankomis. LYKKE virbalus gamina kvalifikuoti vietiniai Nepalo meistrai. LYKKE\u00a0antgaliai yra pagaminti i\u0161 stiprios ber\u017eo medienos, tod\u0117l yra lyg\u016bs, lengvi ir labai gra\u017e\u016bs Visi\u00a0LYKKE\u00a0virbalai yra\u00a0i\u0161graviruotais dyd\u017eiais, nenusitrins<\/p>","protected":false},"featured_media":5145,"comment_status":"open","ping_status":"closed","template":"","meta":[],"product_brand":[],"product_cat":[2124,180,2123,183],"product_tag":[],"giftcard-category":[],"class_list":{"0":"post-5149","1":"product","2":"type-product","3":"status-publish","4":"has-post-thumbnail","6":"product_cat-lykke","7":"product_cat-mezgimo-priemones","8":"product_cat-mezgimo-priemoniu-gamintojai","9":"product_cat-virbalai-su-valu","11":"first","12":"instock","13":"taxable","14":"shipping-taxable","15":"purchasable","16":"product-type-variable"},"_links":{"self":[{"href":"https:\/\/bitessiulai.lt\/fi\/wp-json\/wp\/v2\/product\/5149","targetHints":{"allow":["GET"]}}],"collection":[{"href":"https:\/\/bitessiulai.lt\/fi\/wp-json\/wp\/v2\/product"}],"about":[{"href":"https:\/\/bitessiulai.lt\/fi\/wp-json\/wp\/v2\/types\/product"}],"replies":[{"embeddable":true,"href":"https:\/\/bitessiulai.lt\/fi\/wp-json\/wp\/v2\/comments?post=5149"}],"version-history":[{"count":1,"href":"https:\/\/bitessiulai.lt\/fi\/wp-json\/wp\/v2\/product\/5149\/revisions"}],"predecessor-version":[{"id":21400,"href":"https:\/\/bitessiulai.lt\/fi\/wp-json\/wp\/v2\/product\/5149\/revisions\/21400"}],"wp:featuredmedia":[{"embeddable":true,"href":"https:\/\/bitessiulai.lt\/fi\/wp-json\/wp\/v2\/media\/5145"}],"wp:attachment":[{"href":"https:\/\/bitessiulai.lt\/fi\/wp-json\/wp\/v2\/media?parent=5149"}],"wp:term":[{"taxonomy":"product_brand","embeddable":true,"href":"https:\/\/bitessiulai.lt\/fi\/wp-json\/wp\/v2\/product_brand?post=5149"},{"taxonomy":"product_cat","embeddable":true,"href":"https:\/\/bitessiulai.lt\/fi\/wp-json\/wp\/v2\/product_cat?post=5149"},{"taxonomy":"product_tag","embeddable":true,"href":"https:\/\/bitessiulai.lt\/fi\/wp-json\/wp\/v2\/product_tag?post=5149"},{"taxonomy":"giftcard-category","embeddable":true,"href":"https:\/\/bitessiulai.lt\/fi\/wp-json\/wp\/v2\/giftcard-category?post=5149"}],"curies":[{"name":"wp","href":"https:\/\/api.w.org\/{rel}","templated":true}]}}