{"id":5127,"date":"2025-02-12T14:46:57","date_gmt":"2025-02-12T12:46:57","guid":{"rendered":"https:\/\/bitessiulai.lt\/?post_type=product&#038;p=5127"},"modified":"2026-04-13T23:18:28","modified_gmt":"2026-04-13T20:18:28","slug":"40cm-lykke-driftwood-virbalai-su-valu","status":"publish","type":"product","link":"https:\/\/bitessiulai.lt\/fi\/tuote\/40cm-lykke-driftwood-virbalai-su-valu\/","title":{"rendered":"40cm LYKKE DRIFTWOOD vavat siimalla"},"content":{"rendered":"<h6><strong>40cm LYKKE DRIFTWOOD vavat siimalla<\/strong><\/h6>\n<p><img fetchpriority=\"high\" decoding=\"async\" class=\"alignnone size-medium wp-image-5145\" src=\"https:\/\/bitessiulai.lt\/wp-content\/uploads\/2025\/01\/lykke-driftwood-circular-needles4_2000x-300x300.webp\" alt=\"\" width=\"300\" height=\"300\" srcset=\"https:\/\/bitessiulai.lt\/wp-content\/uploads\/2025\/01\/lykke-driftwood-circular-needles4_2000x-300x300.webp 300w, https:\/\/bitessiulai.lt\/wp-content\/uploads\/2025\/01\/lykke-driftwood-circular-needles4_2000x-1024x1024.webp 1024w, https:\/\/bitessiulai.lt\/wp-content\/uploads\/2025\/01\/lykke-driftwood-circular-needles4_2000x-150x150.webp 150w, https:\/\/bitessiulai.lt\/wp-content\/uploads\/2025\/01\/lykke-driftwood-circular-needles4_2000x-768x768.webp 768w, https:\/\/bitessiulai.lt\/wp-content\/uploads\/2025\/01\/lykke-driftwood-circular-needles4_2000x-1536x1536.webp 1536w, https:\/\/bitessiulai.lt\/wp-content\/uploads\/2025\/01\/lykke-driftwood-circular-needles4_2000x-12x12.webp 12w, https:\/\/bitessiulai.lt\/wp-content\/uploads\/2025\/01\/lykke-driftwood-circular-needles4_2000x-600x600.webp 600w, https:\/\/bitessiulai.lt\/wp-content\/uploads\/2025\/01\/lykke-driftwood-circular-needles4_2000x-96x96.webp 96w, https:\/\/bitessiulai.lt\/wp-content\/uploads\/2025\/01\/lykke-driftwood-circular-needles4_2000x.webp 2000w\" sizes=\"(max-width: 300px) 100vw, 300px\" \/><\/p>\n<p><img decoding=\"async\" class=\"alignnone size-medium wp-image-5146\" src=\"https:\/\/bitessiulai.lt\/wp-content\/uploads\/2025\/01\/89bb6f08a46d093bc00f13cdbb217a42-300x214.jpg\" alt=\"\" width=\"300\" height=\"214\" srcset=\"https:\/\/bitessiulai.lt\/wp-content\/uploads\/2025\/01\/89bb6f08a46d093bc00f13cdbb217a42-300x214.jpg 300w, https:\/\/bitessiulai.lt\/wp-content\/uploads\/2025\/01\/89bb6f08a46d093bc00f13cdbb217a42-18x12.jpg 18w, https:\/\/bitessiulai.lt\/wp-content\/uploads\/2025\/01\/89bb6f08a46d093bc00f13cdbb217a42-600x428.jpg 600w, https:\/\/bitessiulai.lt\/wp-content\/uploads\/2025\/01\/89bb6f08a46d093bc00f13cdbb217a42-150x107.jpg 150w, https:\/\/bitessiulai.lt\/wp-content\/uploads\/2025\/01\/89bb6f08a46d093bc00f13cdbb217a42.jpg 736w\" sizes=\"(max-width: 300px) 100vw, 300px\" \/><\/p>\n<p><strong>LYKKE<\/strong> yhdist\u00e4\u00e4 korkealaatuiset materiaalit ja vaikuttavan muotoilun. Vavat valmistetaan ja kootaan k\u00e4sin. LYKKE-vavat valmistavat taitavat paikalliset k\u00e4sity\u00f6l\u00e4iset Nepalissa.<\/p>\n<div class=\"pad-bottom-1\"><strong>LYKKE<\/strong>\u00a0K\u00e4rkiosat on valmistettu vahvasta koivupuusta, mik\u00e4 tekee niist\u00e4 sile\u00e4t, kevyet ja eritt\u00e4in kauniit.<\/div>\n<div class=\"pad-bottom-1\">Kaikki\u00a0<span class=\"weight900\">LYKKE<\/span>\u00a0neulat ovat\u00a0<span class=\"italics weight500 underline\">kaiverretut koot, eiv\u00e4t hankaudu pois<\/span><\/div>\n<p>&nbsp;<\/p>","protected":false},"excerpt":{"rendered":"<p>40cm LYKKE DRIFTWOOD virbalai su valu LYKKE sujungia auk\u0161tos kokyb\u0117s med\u017eiagas ir \u012fsp\u016bding\u0105 dizain\u0105. Virbalai yra pagaminti ir surinkti rankomis. LYKKE virbalus gamina kvalifikuoti vietiniai Nepalo meistrai. LYKKE\u00a0antgaliai yra pagaminti i\u0161 stiprios ber\u017eo medienos, tod\u0117l yra lyg\u016bs, lengvi ir labai gra\u017e\u016bs Visi\u00a0LYKKE\u00a0virbalai yra\u00a0i\u0161graviruotais dyd\u017eiais, nenusitrins &nbsp;<\/p>","protected":false},"featured_media":5018,"comment_status":"open","ping_status":"closed","template":"","meta":[],"product_brand":[],"product_cat":[2124,180,183],"product_tag":[],"giftcard-category":[],"class_list":{"0":"post-5127","1":"product","2":"type-product","3":"status-publish","4":"has-post-thumbnail","6":"product_cat-lykke","7":"product_cat-mezgimo-priemones","8":"product_cat-virbalai-su-valu","10":"first","11":"instock","12":"taxable","13":"shipping-taxable","14":"purchasable","15":"product-type-variable"},"_links":{"self":[{"href":"https:\/\/bitessiulai.lt\/fi\/wp-json\/wp\/v2\/product\/5127","targetHints":{"allow":["GET"]}}],"collection":[{"href":"https:\/\/bitessiulai.lt\/fi\/wp-json\/wp\/v2\/product"}],"about":[{"href":"https:\/\/bitessiulai.lt\/fi\/wp-json\/wp\/v2\/types\/product"}],"replies":[{"embeddable":true,"href":"https:\/\/bitessiulai.lt\/fi\/wp-json\/wp\/v2\/comments?post=5127"}],"version-history":[{"count":1,"href":"https:\/\/bitessiulai.lt\/fi\/wp-json\/wp\/v2\/product\/5127\/revisions"}],"predecessor-version":[{"id":21399,"href":"https:\/\/bitessiulai.lt\/fi\/wp-json\/wp\/v2\/product\/5127\/revisions\/21399"}],"wp:featuredmedia":[{"embeddable":true,"href":"https:\/\/bitessiulai.lt\/fi\/wp-json\/wp\/v2\/media\/5018"}],"wp:attachment":[{"href":"https:\/\/bitessiulai.lt\/fi\/wp-json\/wp\/v2\/media?parent=5127"}],"wp:term":[{"taxonomy":"product_brand","embeddable":true,"href":"https:\/\/bitessiulai.lt\/fi\/wp-json\/wp\/v2\/product_brand?post=5127"},{"taxonomy":"product_cat","embeddable":true,"href":"https:\/\/bitessiulai.lt\/fi\/wp-json\/wp\/v2\/product_cat?post=5127"},{"taxonomy":"product_tag","embeddable":true,"href":"https:\/\/bitessiulai.lt\/fi\/wp-json\/wp\/v2\/product_tag?post=5127"},{"taxonomy":"giftcard-category","embeddable":true,"href":"https:\/\/bitessiulai.lt\/fi\/wp-json\/wp\/v2\/giftcard-category?post=5127"}],"curies":[{"name":"wp","href":"https:\/\/api.w.org\/{rel}","templated":true}]}}