{"id":5112,"date":"2025-02-07T12:19:31","date_gmt":"2025-02-07T10:19:31","guid":{"rendered":"https:\/\/bitessiulai.lt\/?post_type=product&#038;p=5112"},"modified":"2025-12-08T15:11:16","modified_gmt":"2025-12-08T13:11:16","slug":"lykke-weekender-didelis-deklas","status":"publish","type":"product","link":"https:\/\/bitessiulai.lt\/fi\/tuote\/lykke-weekender-didelis-deklas\/","title":{"rendered":"LYKKE WEEKENDER suuri laukku"},"content":{"rendered":"<h6 id=\"tw-target-text\" class=\"tw-data-text tw-text-large tw-ta\" dir=\"ltr\" data-placeholder=\"Vertimas\" data-ved=\"2ahUKEwjN39PHuZaLAxW9Z_EDHcSMDpIQ3ewLegQICBAV\" aria-label=\"K\u00e4\u00e4nnetty teksti: LYKKE Weekender -magneettisella l\u00e4p\u00e4ll\u00e4 varustettu kotelo on tyylik\u00e4s ja toimiva asuste neulojille ja virkkaajille. Kest\u00e4v\u00e4st\u00e4 denimist\u00e4 ja vegaanisesta nahasta valmistettu kotelo on tyylik\u00e4s ja k\u00e4yt\u00e4nn\u00f6llinen.\"><strong><span class=\"Y2IQFc\" lang=\"lt\">Kest\u00e4v\u00e4st\u00e4 denimist\u00e4 ja vegaanisesta nahasta valmistettu LYKKE Weekender -suuri laukku on tyylik\u00e4s ja k\u00e4yt\u00e4nn\u00f6llinen.<\/span><\/strong><\/h6>\n<p>&nbsp;<\/p>\n<p><img fetchpriority=\"high\" decoding=\"async\" class=\"alignnone size-medium wp-image-5114\" src=\"https:\/\/bitessiulai.lt\/wp-content\/uploads\/2025\/01\/lykke-weekender-denim-vegan-large-leather-travel-needle-case-956314_900x-300x300.webp\" alt=\"\" width=\"300\" height=\"300\" srcset=\"https:\/\/bitessiulai.lt\/wp-content\/uploads\/2025\/01\/lykke-weekender-denim-vegan-large-leather-travel-needle-case-956314_900x-300x300.webp 300w, https:\/\/bitessiulai.lt\/wp-content\/uploads\/2025\/01\/lykke-weekender-denim-vegan-large-leather-travel-needle-case-956314_900x-150x150.webp 150w, https:\/\/bitessiulai.lt\/wp-content\/uploads\/2025\/01\/lykke-weekender-denim-vegan-large-leather-travel-needle-case-956314_900x-768x768.webp 768w, https:\/\/bitessiulai.lt\/wp-content\/uploads\/2025\/01\/lykke-weekender-denim-vegan-large-leather-travel-needle-case-956314_900x-12x12.webp 12w, https:\/\/bitessiulai.lt\/wp-content\/uploads\/2025\/01\/lykke-weekender-denim-vegan-large-leather-travel-needle-case-956314_900x-600x600.webp 600w, https:\/\/bitessiulai.lt\/wp-content\/uploads\/2025\/01\/lykke-weekender-denim-vegan-large-leather-travel-needle-case-956314_900x-96x96.webp 96w, https:\/\/bitessiulai.lt\/wp-content\/uploads\/2025\/01\/lykke-weekender-denim-vegan-large-leather-travel-needle-case-956314_900x.webp 900w\" sizes=\"(max-width: 300px) 100vw, 300px\" \/><img decoding=\"async\" class=\"alignnone size-medium wp-image-5113\" src=\"https:\/\/bitessiulai.lt\/wp-content\/uploads\/2025\/01\/K-LYKKE-MISC-WRK-WEEK-LG-CASE-DM-CHO-300x300.jpg\" alt=\"\" width=\"300\" height=\"300\" srcset=\"https:\/\/bitessiulai.lt\/wp-content\/uploads\/2025\/01\/K-LYKKE-MISC-WRK-WEEK-LG-CASE-DM-CHO-300x300.jpg 300w, https:\/\/bitessiulai.lt\/wp-content\/uploads\/2025\/01\/K-LYKKE-MISC-WRK-WEEK-LG-CASE-DM-CHO-1024x1024.jpg 1024w, https:\/\/bitessiulai.lt\/wp-content\/uploads\/2025\/01\/K-LYKKE-MISC-WRK-WEEK-LG-CASE-DM-CHO-150x150.jpg 150w, https:\/\/bitessiulai.lt\/wp-content\/uploads\/2025\/01\/K-LYKKE-MISC-WRK-WEEK-LG-CASE-DM-CHO-768x768.jpg 768w, https:\/\/bitessiulai.lt\/wp-content\/uploads\/2025\/01\/K-LYKKE-MISC-WRK-WEEK-LG-CASE-DM-CHO-12x12.jpg 12w, https:\/\/bitessiulai.lt\/wp-content\/uploads\/2025\/01\/K-LYKKE-MISC-WRK-WEEK-LG-CASE-DM-CHO-600x600.jpg 600w, https:\/\/bitessiulai.lt\/wp-content\/uploads\/2025\/01\/K-LYKKE-MISC-WRK-WEEK-LG-CASE-DM-CHO-96x96.jpg 96w, https:\/\/bitessiulai.lt\/wp-content\/uploads\/2025\/01\/K-LYKKE-MISC-WRK-WEEK-LG-CASE-DM-CHO.jpg 1200w\" sizes=\"(max-width: 300px) 100vw, 300px\" \/><\/p>\n<h6><\/h6>\n<h6>Ehdotetut k\u00e4ytt\u00f6tarkoitukset:<\/h6>\n<ul>\n<li>Neulepuikkojen ja virkkuukoukkujen s\u00e4ilytys.<\/li>\n<li>Sopii pienten neuletarvikkeiden, kuten merkkien, viivojen, saksien, mittanauhojen jne. s\u00e4ilytt\u00e4miseen.<\/li>\n<\/ul>\n<p>&nbsp;<\/p>\n<p><strong>Korkeus 9 cm.<\/strong><\/p>\n<p><strong>Leveys 18 cm.<\/strong><\/p>","protected":false},"excerpt":{"rendered":"<p>LYKKE Weekender didelis d\u0117klas , pagamintas i\u0161 patvaraus d\u017einso ir vegani\u0161kos odos, pasi\u017eymi stilingumu ir prakti\u0161kumu. &nbsp; Si\u016blomi naudojimo b\u016bdai: Mezgimo virbal\u0173 ir n\u0117rimo va\u0161eli\u0173 laikymas. Tinka ma\u017eiems mezgimo reikmenims laikyti, tokiems kaip \u017eymekliams, valams, \u017eirkl\u0117ms, matavimo juostoms ar pn\u0161. &nbsp; Auk\u0161tis 9cm. Plotis 18cm.<\/p>","protected":false},"featured_media":5113,"comment_status":"open","ping_status":"closed","template":"","meta":[],"product_brand":[],"product_cat":[199,192],"product_tag":[],"giftcard-category":[],"class_list":{"0":"post-5112","1":"product","2":"type-product","3":"status-publish","4":"has-post-thumbnail","6":"product_cat-deklai-krepsiai","7":"product_cat-priedai-mezgimui","9":"first","10":"instock","11":"taxable","12":"shipping-taxable","13":"purchasable","14":"product-type-simple"},"_links":{"self":[{"href":"https:\/\/bitessiulai.lt\/fi\/wp-json\/wp\/v2\/product\/5112","targetHints":{"allow":["GET"]}}],"collection":[{"href":"https:\/\/bitessiulai.lt\/fi\/wp-json\/wp\/v2\/product"}],"about":[{"href":"https:\/\/bitessiulai.lt\/fi\/wp-json\/wp\/v2\/types\/product"}],"replies":[{"embeddable":true,"href":"https:\/\/bitessiulai.lt\/fi\/wp-json\/wp\/v2\/comments?post=5112"}],"version-history":[{"count":1,"href":"https:\/\/bitessiulai.lt\/fi\/wp-json\/wp\/v2\/product\/5112\/revisions"}],"predecessor-version":[{"id":20420,"href":"https:\/\/bitessiulai.lt\/fi\/wp-json\/wp\/v2\/product\/5112\/revisions\/20420"}],"wp:featuredmedia":[{"embeddable":true,"href":"https:\/\/bitessiulai.lt\/fi\/wp-json\/wp\/v2\/media\/5113"}],"wp:attachment":[{"href":"https:\/\/bitessiulai.lt\/fi\/wp-json\/wp\/v2\/media?parent=5112"}],"wp:term":[{"taxonomy":"product_brand","embeddable":true,"href":"https:\/\/bitessiulai.lt\/fi\/wp-json\/wp\/v2\/product_brand?post=5112"},{"taxonomy":"product_cat","embeddable":true,"href":"https:\/\/bitessiulai.lt\/fi\/wp-json\/wp\/v2\/product_cat?post=5112"},{"taxonomy":"product_tag","embeddable":true,"href":"https:\/\/bitessiulai.lt\/fi\/wp-json\/wp\/v2\/product_tag?post=5112"},{"taxonomy":"giftcard-category","embeddable":true,"href":"https:\/\/bitessiulai.lt\/fi\/wp-json\/wp\/v2\/giftcard-category?post=5112"}],"curies":[{"name":"wp","href":"https:\/\/api.w.org\/{rel}","templated":true}]}}