{"id":4728,"date":"2024-12-22T17:19:10","date_gmt":"2024-12-22T15:19:10","guid":{"rendered":"https:\/\/bitessiulai.lt\/?post_type=product&#038;p=4728"},"modified":"2025-09-12T13:21:00","modified_gmt":"2025-09-12T10:21:00","slug":"yarnart-siulu-rinkinukas-20","status":"publish","type":"product","link":"https:\/\/bitessiulai.lt\/fi\/tuote\/yarnart-siulu-rinkinukas-20\/","title":{"rendered":"YarnArt-lankasetti"},"content":{"rendered":"<p>&nbsp;<\/p>\n<h5 dir=\"auto\"><strong>YarnArt-lankasetti:<\/strong><\/h5>\n<ul>\n<li>YarnArt Cliff 3 kpl.<\/li>\n<li>YarnArt Minkki 2 kpl.<\/li>\n<\/ul>\n<p>&nbsp;<\/p>\n<p><strong>YarnArt Cliff<\/strong><\/p>\n<p><img fetchpriority=\"high\" decoding=\"async\" class=\"alignnone size-medium wp-image-4730\" src=\"https:\/\/bitessiulai.lt\/wp-content\/uploads\/2024\/12\/YARNART_CLIFF_8302-600x600-1-300x300.jpg\" alt=\"\" width=\"300\" height=\"300\" srcset=\"https:\/\/bitessiulai.lt\/wp-content\/uploads\/2024\/12\/YARNART_CLIFF_8302-600x600-1-300x300.jpg 300w, https:\/\/bitessiulai.lt\/wp-content\/uploads\/2024\/12\/YARNART_CLIFF_8302-600x600-1-150x150.jpg 150w, https:\/\/bitessiulai.lt\/wp-content\/uploads\/2024\/12\/YARNART_CLIFF_8302-600x600-1-12x12.jpg 12w, https:\/\/bitessiulai.lt\/wp-content\/uploads\/2024\/12\/YARNART_CLIFF_8302-600x600-1-96x96.jpg 96w, https:\/\/bitessiulai.lt\/wp-content\/uploads\/2024\/12\/YARNART_CLIFF_8302-600x600-1.jpg 600w\" sizes=\"(max-width: 300px) 100vw, 300px\" \/><\/p>\n<div dir=\"auto\">(V\u00e4ri: 8302)<\/div>\n<ul>\n<li dir=\"auto\"><strong>Koostumus:<\/strong> 20% villa, 80% akryyli<\/li>\n<li dir=\"auto\"><strong>Paino\/pituus:<\/strong> 150 vuotta = noin 245 vuotta.<\/li>\n<li dir=\"auto\"><strong>Suositeltu puikon koko:<\/strong> 6 mm.<\/li>\n<li dir=\"auto\"><strong>Maljakon suositeltu koko:<\/strong> 6,5 mm.<\/li>\n<\/ul>\n<p>&nbsp;<\/p>\n<p><span class=\"html-span xexx8yu x4uap5 x18d9i69 xkhd6sd x1hl2dhg x16tdsg8 x1vvkbs x3nfvp2 x1j61x8r x1fcty0u xdj266r xat24cr xgzva0m xhhsvwb xxymvpz xlup9mm x1kky2od\"><img decoding=\"async\" class=\"xz74otr\" src=\"https:\/\/static.xx.fbcdn.net\/images\/emoji.php\/v9\/t2d\/1\/16\/1f4cd.png\" alt=\"\ud83d\udccd\" width=\"16\" height=\"16\" \/><\/span> <strong>Hinta 4,50 \u20ac<\/strong><\/p>\n<p>&nbsp;<\/p>\n<p><strong>YarnArt Minkki<\/strong><\/p>\n<p><img decoding=\"async\" class=\"alignnone size-medium wp-image-4731\" src=\"https:\/\/bitessiulai.lt\/wp-content\/uploads\/2024\/12\/YARNART_MINK_347-600x600-1-300x300.jpg\" alt=\"\" width=\"300\" height=\"300\" srcset=\"https:\/\/bitessiulai.lt\/wp-content\/uploads\/2024\/12\/YARNART_MINK_347-600x600-1-300x300.jpg 300w, https:\/\/bitessiulai.lt\/wp-content\/uploads\/2024\/12\/YARNART_MINK_347-600x600-1-150x150.jpg 150w, https:\/\/bitessiulai.lt\/wp-content\/uploads\/2024\/12\/YARNART_MINK_347-600x600-1-12x12.jpg 12w, https:\/\/bitessiulai.lt\/wp-content\/uploads\/2024\/12\/YARNART_MINK_347-600x600-1-96x96.jpg 96w, https:\/\/bitessiulai.lt\/wp-content\/uploads\/2024\/12\/YARNART_MINK_347-600x600-1.jpg 600w\" sizes=\"(max-width: 300px) 100vw, 300px\" \/><\/p>\n<p>(V\u00e4ri: 347)<\/p>\n<ul>\n<li><strong>Koostumus:<\/strong> 100% polyamidi<\/li>\n<li><strong>Paino\/pituus:<\/strong> 50 vuotta = noin 75 vuotta.<\/li>\n<li><strong>Suositeltu puikon koko:<\/strong> 6\u20137 mm.<\/li>\n<li><strong>Maljakon suositeltu koko:<\/strong> 6,5 mm.<\/li>\n<\/ul>\n<p><span class=\"html-span xexx8yu x4uap5 x18d9i69 xkhd6sd x1hl2dhg x16tdsg8 x1vvkbs x3nfvp2 x1j61x8r x1fcty0u xdj266r xat24cr xgzva0m xhhsvwb xxymvpz xlup9mm x1kky2od\"><img decoding=\"async\" class=\"xz74otr\" src=\"https:\/\/static.xx.fbcdn.net\/images\/emoji.php\/v9\/t2d\/1\/16\/1f4cd.png\" alt=\"\ud83d\udccd\" width=\"16\" height=\"16\" \/><\/span> <strong>Hinta 1,60 \u20ac<\/strong><\/p>\n<p>&nbsp;<\/p>\n<p><span class=\"html-span xexx8yu x4uap5 x18d9i69 xkhd6sd x1hl2dhg x16tdsg8 x1vvkbs x3nfvp2 x1j61x8r x1fcty0u xdj266r xat24cr xgzva0m xhhsvwb xxymvpz xlup9mm x1kky2od\"><img decoding=\"async\" class=\"xz74otr\" src=\"https:\/\/static.xx.fbcdn.net\/images\/emoji.php\/v9\/t2d\/1\/16\/1f4cd.png\" alt=\"\ud83d\udccd\" width=\"16\" height=\"16\" \/>Jos sarjaa ei ole saatavilla tai tarvitset suuremman m\u00e4\u00e4r\u00e4n, ota meihin yhteytt\u00e4. <img decoding=\"async\" class=\"xz74otr\" src=\"https:\/\/static.xx.fbcdn.net\/images\/emoji.php\/v9\/t2d\/1\/16\/1f4cd.png\" alt=\"\ud83d\udccd\" width=\"16\" height=\"16\" \/><\/span><\/p>\n<div class=\"item\">\n<ul>\n<li class=\"text\">+370 672 44443<\/li>\n<\/ul>\n<\/div>\n<div class=\"item\">\n<ul>\n<li class=\"text\">info@bitessiulai.lt<\/li>\n<\/ul>\n<\/div>","protected":false},"excerpt":{"rendered":"<p>&nbsp; YarnArt Si\u016bl\u0173 rinkinukas\u00a0: YarnArt Cliff 3vnt. YarnArt Mink 2vnt. &nbsp; YarnArt Cliff (Spalva: 8302) Sud\u0117tis: 20% vilna, 80% akrilas Svoris\/ilgis: 150 g.= ma\u017edaug 245 m. Rekomenduojamas virbal\u0173 dydis: 6 mm. Rekomenduojamas va\u0161elio dydis: 6,5 mm. &nbsp; Kaina 4,50\u20ac &nbsp; YarnArt Mink (Spalva: 347) Sud\u0117tis: 100% poliamidas Svoris\/ilgis: 50 g.= ma\u017edaug 75 m. Rekomenduojamas virbal\u0173 dydis: 6-7 mm. Rekomenduojamas va\u0161elio dydis: 6,5 mm. Kaina 1,60\u20ac &nbsp; Jeigu prekyboje rinkinio n\u0117ra arba reikalingas didesnis kiekis, susiekite su Mumis +370 672 44443 info@bitessiulai.lt<\/p>","protected":false},"featured_media":4729,"comment_status":"open","ping_status":"closed","template":"","meta":[],"product_brand":[],"product_cat":[176,3567],"product_tag":[],"giftcard-category":[],"class_list":{"0":"post-4728","1":"product","2":"type-product","3":"status-publish","4":"has-post-thumbnail","6":"product_cat-siulu-rinkinukai","7":"product_cat-rinkinukai-su-yarnart-cliff","9":"first","10":"instock","11":"taxable","12":"shipping-taxable","13":"purchasable","14":"product-type-simple"},"_links":{"self":[{"href":"https:\/\/bitessiulai.lt\/fi\/wp-json\/wp\/v2\/product\/4728","targetHints":{"allow":["GET"]}}],"collection":[{"href":"https:\/\/bitessiulai.lt\/fi\/wp-json\/wp\/v2\/product"}],"about":[{"href":"https:\/\/bitessiulai.lt\/fi\/wp-json\/wp\/v2\/types\/product"}],"replies":[{"embeddable":true,"href":"https:\/\/bitessiulai.lt\/fi\/wp-json\/wp\/v2\/comments?post=4728"}],"version-history":[{"count":0,"href":"https:\/\/bitessiulai.lt\/fi\/wp-json\/wp\/v2\/product\/4728\/revisions"}],"wp:featuredmedia":[{"embeddable":true,"href":"https:\/\/bitessiulai.lt\/fi\/wp-json\/wp\/v2\/media\/4729"}],"wp:attachment":[{"href":"https:\/\/bitessiulai.lt\/fi\/wp-json\/wp\/v2\/media?parent=4728"}],"wp:term":[{"taxonomy":"product_brand","embeddable":true,"href":"https:\/\/bitessiulai.lt\/fi\/wp-json\/wp\/v2\/product_brand?post=4728"},{"taxonomy":"product_cat","embeddable":true,"href":"https:\/\/bitessiulai.lt\/fi\/wp-json\/wp\/v2\/product_cat?post=4728"},{"taxonomy":"product_tag","embeddable":true,"href":"https:\/\/bitessiulai.lt\/fi\/wp-json\/wp\/v2\/product_tag?post=4728"},{"taxonomy":"giftcard-category","embeddable":true,"href":"https:\/\/bitessiulai.lt\/fi\/wp-json\/wp\/v2\/giftcard-category?post=4728"}],"curies":[{"name":"wp","href":"https:\/\/api.w.org\/{rel}","templated":true}]}}